{"id":12795,"date":"2025-02-27T13:16:06","date_gmt":"2025-02-27T12:16:06","guid":{"rendered":"https:\/\/mediadorconflictos.com\/politique-en-matiere-de-cookies\/"},"modified":"2025-05-14T12:56:12","modified_gmt":"2025-05-14T10:56:12","slug":"politique-en-matiere-de-cookies","status":"publish","type":"page","link":"https:\/\/mediadorconflictos.com\/fr\/politique-en-matiere-de-cookies\/","title":{"rendered":"Politique en mati\u00e8re de cookies"},"content":{"rendered":"\t\t<div data-elementor-type=\"wp-page\" data-elementor-id=\"12795\" class=\"elementor elementor-12795 elementor-11274\">\n\t\t\t\t<div class=\"elementor-element elementor-element-78ab746 e-con-full e-flex parallax_section_no qode_elementor_container_no e-con e-parent\" data-id=\"78ab746\" data-element_type=\"container\" data-settings=\"{&quot;background_background&quot;:&quot;classic&quot;}\">\n\t\t<div class=\"elementor-element elementor-element-36271b6 e-flex e-con-boxed parallax_section_no qode_elementor_container_no e-con e-child\" data-id=\"36271b6\" data-element_type=\"container\">\n\t\t\t\t\t<div class=\"e-con-inner\">\n\t\t\t\t<div class=\"elementor-element elementor-element-3d38cee elementor-widget elementor-widget-heading\" data-id=\"3d38cee\" data-element_type=\"widget\" data-widget_type=\"heading.default\">\n\t\t\t\t<div class=\"elementor-widget-container\">\n\t\t\t\t\t<h1 class=\"elementor-heading-title elementor-size-default\">Politique en mati\u00e8re de cookies<\/h1>\t\t\t\t<\/div>\n\t\t\t\t<\/div>\n\t\t\t\t<div class=\"elementor-element elementor-element-c074539 elementor-widget elementor-widget-heading\" data-id=\"c074539\" data-element_type=\"widget\" data-widget_type=\"heading.default\">\n\t\t\t\t<div class=\"elementor-widget-container\">\n\t\t\t\t\t<p class=\"elementor-heading-title elementor-size-default\">www.mediadorconflictos.com<\/p>\t\t\t\t<\/div>\n\t\t\t\t<\/div>\n\t\t\t\t\t<\/div>\n\t\t\t\t<\/div>\n\t\t\t\t<\/div>\n\t\t<div class=\"elementor-element elementor-element-753d034 e-flex e-con-boxed parallax_section_no qode_elementor_container_no e-con e-parent\" data-id=\"753d034\" data-element_type=\"container\">\n\t\t\t\t\t<div class=\"e-con-inner\">\n\t\t<div class=\"elementor-element elementor-element-d25d0e6 e-con-full e-flex parallax_section_no qode_elementor_container_no e-con e-child\" data-id=\"d25d0e6\" data-element_type=\"container\">\n\t\t\t\t<div class=\"elementor-element elementor-element-0be19de elementor-widget__width-initial elementor-widget-mobile__width-initial elementor-widget elementor-widget-text-editor\" data-id=\"0be19de\" data-element_type=\"widget\" data-widget_type=\"text-editor.default\">\n\t\t\t\t<div class=\"elementor-widget-container\">\n\t\t\t\t\t\t\t\t\t<p>Ce site web utilise ses propres cookies et ceux de tiers pour \u00e9valuer et am\u00e9liorer l&rsquo;exp\u00e9rience de navigation des utilisateurs. Par le biais de cette politique en mati\u00e8re de cookies, nous d\u00e9taillons l&rsquo;utilisation que nous en faisons : <\/p>\t\t\t\t\t\t\t\t<\/div>\n\t\t\t\t<\/div>\n\t\t\t\t<div class=\"elementor-element elementor-element-7b724f6 elementor-widget__width-initial elementor-widget elementor-widget-heading\" data-id=\"7b724f6\" data-element_type=\"widget\" data-widget_type=\"heading.default\">\n\t\t\t\t<div class=\"elementor-widget-container\">\n\t\t\t\t\t<h2 class=\"elementor-heading-title elementor-size-default\">Qu'est-ce qu'un cookie ?<\/h2>\t\t\t\t<\/div>\n\t\t\t\t<\/div>\n\t\t\t\t<div class=\"elementor-element elementor-element-bba4b4f elementor-widget__width-initial elementor-widget-mobile__width-initial elementor-widget elementor-widget-text-editor\" data-id=\"bba4b4f\" data-element_type=\"widget\" data-widget_type=\"text-editor.default\">\n\t\t\t\t<div class=\"elementor-widget-container\">\n\t\t\t\t\t\t\t\t\t<p>Les cookies sont de petits fichiers de donn\u00e9es qui sont re\u00e7us sur l&rsquo;appareil \u00e0 partir du site web visit\u00e9 et qui sont utilis\u00e9s pour enregistrer certaines interactions de navigation sur un site web, en stockant des donn\u00e9es qui peuvent \u00eatre mises \u00e0 jour et r\u00e9cup\u00e9r\u00e9es. Ces fichiers sont stock\u00e9s sur l&rsquo;ordinateur de l&rsquo;utilisateur et contiennent des donn\u00e9es anonymes qui ne nuisent pas \u00e0 votre ordinateur. Ils sont utilis\u00e9s pour m\u00e9moriser les pr\u00e9f\u00e9rences de l&rsquo;utilisateur, telles que la langue s\u00e9lectionn\u00e9e, les donn\u00e9es d&rsquo;acc\u00e8s ou la personnalisation de la page.  <\/p><p><span style=\"text-align: var(--text-align);\">Les cookies peuvent \u00e9galement \u00eatre utilis\u00e9s pour enregistrer des informations anonymes sur la mani\u00e8re dont un visiteur utilise un site. Par exemple, \u00e0 partir de quelle page web il a acc\u00e9d\u00e9 au site ou s&rsquo;il a utilis\u00e9 une banni\u00e8re publicitaire pour atteindre le site. <\/span><\/p>\t\t\t\t\t\t\t\t<\/div>\n\t\t\t\t<\/div>\n\t\t\t\t<div class=\"elementor-element elementor-element-39e6c9a elementor-widget__width-initial elementor-widget elementor-widget-heading\" data-id=\"39e6c9a\" data-element_type=\"widget\" data-widget_type=\"heading.default\">\n\t\t\t\t<div class=\"elementor-widget-container\">\n\t\t\t\t\t<h2 class=\"elementor-heading-title elementor-size-default\">Pourquoi utilisons-nous des cookies ?<\/h2>\t\t\t\t<\/div>\n\t\t\t\t<\/div>\n\t\t\t\t<div class=\"elementor-element elementor-element-3c6a530 elementor-widget__width-initial elementor-widget-mobile__width-initial elementor-widget elementor-widget-text-editor\" data-id=\"3c6a530\" data-element_type=\"widget\" data-widget_type=\"text-editor.default\">\n\t\t\t\t<div class=\"elementor-widget-container\">\n\t\t\t\t\t\t\t\t\t<p>Nous utilisons des cookies qui sont strictement n\u00e9cessaires et essentiels pour vous permettre d&rsquo;utiliser nos sites web et de vous d\u00e9placer librement, d&rsquo;utiliser des zones s\u00e9curis\u00e9es, des options personnalis\u00e9es, etc. En outre, nous utilisons des cookies qui collectent des donn\u00e9es relatives \u00e0 l&rsquo;analyse de l&rsquo;utilisation du site. Ils sont utilis\u00e9s pour am\u00e9liorer le service \u00e0 la client\u00e8le en mesurant l&rsquo;utilisation et la performance du site afin de l&rsquo;optimiser et de le personnaliser.  <\/p><p><span style=\"text-align: var(--text-align);\">Nos sites peuvent \u00e9galement contenir des liens vers des sites de r\u00e9seaux sociaux (tels que Facebook ou Twitter). Nous ne contr\u00f4lons pas les cookies utilis\u00e9s par ces sites externes. Pour plus d&rsquo;informations sur les cookies des m\u00e9dias sociaux ou d&rsquo;autres sites tiers, nous vous recommandons de consulter leurs politiques en mati\u00e8re de cookies.  <\/span><\/p>\t\t\t\t\t\t\t\t<\/div>\n\t\t\t\t<\/div>\n\t\t\t\t<div class=\"elementor-element elementor-element-94e0725 elementor-widget__width-initial elementor-widget elementor-widget-heading\" data-id=\"94e0725\" data-element_type=\"widget\" data-widget_type=\"heading.default\">\n\t\t\t\t<div class=\"elementor-widget-container\">\n\t\t\t\t\t<h2 class=\"elementor-heading-title elementor-size-default\">Quelle utilisation faisons-nous des diff\u00e9rents types de cookies ?<\/h2>\t\t\t\t<\/div>\n\t\t\t\t<\/div>\n\t\t\t\t<div class=\"elementor-element elementor-element-2851a20 elementor-widget__width-initial elementor-widget-mobile__width-initial elementor-widget elementor-widget-text-editor\" data-id=\"2851a20\" data-element_type=\"widget\" data-widget_type=\"text-editor.default\">\n\t\t\t\t<div class=\"elementor-widget-container\">\n\t\t\t\t\t\t\t\t\t<div class=\"table-container\"><table><tbody><tr><th>TYPE DE COOKIES<\/th><th>DESCRIPTION<\/th><\/tr><tr><td>Vos propres biscuits<\/td><td>Il s&rsquo;agit de cookies cr\u00e9\u00e9s par ce site web et qui ne peuvent \u00eatre lus que par ce site web. Nous installons nos propres cookies persistants aux fins suivantes : <br>&#8211; <strong> Technique :<\/strong> Ces cookies sont utilis\u00e9s pour contr\u00f4ler le chargement des images qui apparaissent sur la page d&rsquo;accueil, en fonction des param\u00e8tres programm\u00e9s (temps, nombre de visualisations, etc.). Ils sont \u00e9galement utilis\u00e9s pour permettre l&rsquo;acc\u00e8s \u00e0 certaines parties du site et pour localiser l&rsquo;utilisateur. <br><strong>&#8211; Personnalisation :<\/strong> Ces cookies sont utilis\u00e9s pour m\u00e9moriser la configuration de taille s\u00e9lectionn\u00e9e dans l&rsquo;affichage du contenu web et pour pouvoir l&rsquo;afficher lors des prochaines visites de l&rsquo;utilisateur.<br>&#8211; <strong> Analyse :<\/strong> Cookies qui nous permettent de suivre le trafic qui entre sur le site web afin d&rsquo;\u00e9tablir des statistiques sur les visiteurs.<\/td><\/tr><tr><td>Cookies de session<\/td><td>Les cookies de session sont ceux qui durent le temps que l&rsquo;utilisateur navigue sur le site web et sont supprim\u00e9s lorsque l&rsquo;utilisateur termine sa navigation.<\/td><\/tr><tr><td>Cookies persistants<\/td><td>Ces cookies sont stock\u00e9s dans le terminal de l&rsquo;utilisateur pendant une p\u00e9riode plus longue, ce qui facilite le contr\u00f4le des pr\u00e9f\u00e9rences choisies et \u00e9vite de devoir r\u00e9p\u00e9ter certains param\u00e8tres \u00e0 chaque visite du site web.<\/td><\/tr><tr><td>Cookies de tiers<\/td><td>Il s&rsquo;agit de cookies cr\u00e9\u00e9s par des tiers que nous utilisons pour diff\u00e9rents services (par exemple, l&rsquo;analyse du site web ou la publicit\u00e9).<\/td><\/tr><\/tbody><\/table><\/div>\t\t\t\t\t\t\t\t<\/div>\n\t\t\t\t<\/div>\n\t\t\t\t<div class=\"elementor-element elementor-element-6302d1c elementor-widget__width-initial elementor-widget-mobile__width-initial elementor-widget elementor-widget-text-editor\" data-id=\"6302d1c\" data-element_type=\"widget\" data-widget_type=\"text-editor.default\">\n\t\t\t\t<div class=\"elementor-widget-container\">\n\t\t\t\t\t\t\t\t\t<p>En particulier, ce site peut utiliser Google Analytics, un service d&rsquo;analyse du Web fourni par Google, Inc. dont le si\u00e8ge social est situ\u00e9 aux \u00c9tats-Unis, \u00e0 1600 Amphitheatre Parkway, Mountain View, Californie 94043. Pour fournir ces services, ils utilisent des cookies qui collectent des informations, y compris l&rsquo;adresse IP de l&rsquo;utilisateur, qui seront transmises, trait\u00e9es et stock\u00e9es par Google dans les d\u00e9lais indiqu\u00e9s sur www.google.com, y compris le transfert \u00e0 des tiers pour des raisons d&rsquo;obligation l\u00e9gale ou \u00e0 des collaborateurs de Google.  <\/p><p><span style=\"text-align: var(--text-align);\">Les tiers qui peuvent installer des cookies (non exempt\u00e9s d&rsquo;information et de consentement) sur votre ordinateur et y acc\u00e9der, ainsi que les fins auxquelles les informations qu&rsquo;ils stockent sont utilis\u00e9es, sont d\u00e9taill\u00e9s ci-dessous :<\/span><\/p>\t\t\t\t\t\t\t\t<\/div>\n\t\t\t\t<\/div>\n\t\t\t\t<div class=\"elementor-element elementor-element-dc7dc57 elementor-widget__width-initial elementor-widget-mobile__width-initial elementor-widget elementor-widget-text-editor\" data-id=\"dc7dc57\" data-element_type=\"widget\" data-widget_type=\"text-editor.default\">\n\t\t\t\t<div class=\"elementor-widget-container\">\n\t\t\t\t\t\t\t\t\t<div class=\"table-container\">\n<table>\n<tbody>\n<tr>\n<th>BUT<\/th>\n<th>DESCRIPTION<\/th>\n<th>TROISI\u00c8ME PARTIE<\/th>\n<\/tr>\n<tr>\n<td>Cookies techniques<\/td>\n<td>Ils sont utilis\u00e9s pour contr\u00f4ler le trafic et la communication de donn\u00e9es \u00e0 l&rsquo;aide d&rsquo;\u00e9l\u00e9ments de s\u00e9curit\u00e9 pendant la navigation. Ils sont \u00e9galement utilis\u00e9s pour identifier et maintenir la session de l&rsquo;utilisateur, pour stocker des contenus lors de la diffusion de vid\u00e9os ou de sons et pour partager des contenus avec les r\u00e9seaux sociaux (plug-in). <\/td>\n<td>&#8211; Google<br>&#8211; YouTube<br>&#8211; Facebook<br>&#8211; Twitter<br>&#8211; LinkedIn<br>&#8211; UserVoice<br>&#8211; Tealium<\/td>\n<\/tr>\n<tr>\n<td>Cookies de personnalisation<\/td>\n<td>Ces cookies permettent \u00e0 l&rsquo;utilisateur de sp\u00e9cifier ou de personnaliser certaines caract\u00e9ristiques des options g\u00e9n\u00e9rales du site web. Par exemple, la d\u00e9finition de la langue, le volume s\u00e9lectionn\u00e9 comme pr\u00e9f\u00e9r\u00e9, la configuration r\u00e9gionale du service, le type de navigateur ou le nombre de r\u00e9sultats affich\u00e9s pour chaque page. <\/td>\n<td>&#8211; YouTube<br>&#8211; Facebook<\/td>\n<\/tr>\n<tr>\n<td>Cookies analytiques<\/td>\n<td>Outil d&rsquo;analyse qui aide les sites web \u00e0 comprendre comment les visiteurs interagissent avec le site. Il peut utiliser un ensemble de cookies pour collecter des informations et \u00e9tablir des statistiques d&rsquo;utilisation du site web sans identifier personnellement les visiteurs. <\/td>\n<td>&#8211; Google Analytics<br>&#8211; YouTube<br>&#8211; Twitter<br>&#8211; Adobe Analytics<\/td>\n<\/tr>\n<tr>\n<td>Cookies publicitaires<\/td>\n<td>Les cookies publicitaires permettent de g\u00e9rer l&rsquo;espace publicitaire sur le site web en fonction de crit\u00e8res sp\u00e9cifiques. Par exemple, la fr\u00e9quence d&rsquo;acc\u00e8s, le contenu \u00e9dit\u00e9, etc. <\/td>\n<td>&#8211; DoubleClick<br>&#8211; Google<br>&#8211; Criteo<br>&#8211; Adgravity<br>&#8211; Adform<br>&#8211; Adobe<br>&#8211; Eulerian<br>&#8211; Weborama<\/td>\n<\/tr>\n<tr>\n<td>Cookies Flash<\/td>\n<td>\nNous utilisons \u00e9galement des cookies Flash pour m\u00e9moriser vos pr\u00e9f\u00e9rences, comme le contr\u00f4le du volume, ou pour afficher du contenu en fonction de ce que vous voyez sur notre site web afin de personnaliser votre visite. Des soci\u00e9t\u00e9s tierces, avec lesquelles nous collaborons pour fournir certaines fonctions sur notre site web, utilisent des cookies Flash pour collecter et stocker des donn\u00e9es non personnelles.\nLes cookies Flash sont diff\u00e9rents des cookies de session ou persistants en termes de quantit\u00e9, de type et de mode de stockage des donn\u00e9es. Les outils de gestion des cookies fournis par votre navigateur ne supprimeront pas les cookies Flash.  \n<\/td>\n<td>&nbsp;<\/td>\n<\/tr>\n<\/tbody>\n<\/table>\n<\/div>\t\t\t\t\t\t\t\t<\/div>\n\t\t\t\t<\/div>\n\t\t\t\t<div class=\"elementor-element elementor-element-966dac0 elementor-widget__width-initial elementor-widget elementor-widget-heading\" data-id=\"966dac0\" data-element_type=\"widget\" data-widget_type=\"heading.default\">\n\t\t\t\t<div class=\"elementor-widget-container\">\n\t\t\t\t\t<h2 class=\"elementor-heading-title elementor-size-default\">Comment puis-je modifier mes param\u00e8tres en mati\u00e8re de cookies ?<\/h2>\t\t\t\t<\/div>\n\t\t\t\t<\/div>\n\t\t\t\t<div class=\"elementor-element elementor-element-a83a10a elementor-widget__width-initial elementor-widget-mobile__width-initial elementor-widget elementor-widget-text-editor\" data-id=\"a83a10a\" data-element_type=\"widget\" data-widget_type=\"text-editor.default\">\n\t\t\t\t<div class=\"elementor-widget-container\">\n\t\t\t\t\t\t\t\t\t<p>Si vous ne souhaitez pas autoriser le stockage des donn\u00e9es de Flash Player, d\u00e9cochez les cases \u00ab\u00a0Autoriser le contenu Flash \u00e0 stocker des informations sur votre ordinateur\u00a0\u00bb et \u00ab\u00a0Stocker les composants Flash courants pour r\u00e9duire les temps de t\u00e9l\u00e9chargement\u00a0\u00bb. Si vous souhaitez limiter la quantit\u00e9 de donn\u00e9es collect\u00e9es par les applications Flash, faites glisser l&rsquo;indicateur de barre dans le panneau des param\u00e8tres de stockage globaux jusqu&rsquo;\u00e0 la position souhait\u00e9e. <\/p><p><span style=\"text-align: var(--text-align);\">Ces navigateurs font l&rsquo;objet de mises \u00e0 jour ou de modifications, et nous ne pouvons donc pas garantir qu&rsquo;ils correspondent parfaitement \u00e0 la version de votre navigateur. Il se peut \u00e9galement que vous utilisiez un navigateur qui ne figure pas dans ces liens, comme Konqueror, Arora, Flock, etc. Pour \u00e9viter ces incompatibilit\u00e9s, vous pouvez y acc\u00e9der directement \u00e0 partir des options de votre navigateur, g\u00e9n\u00e9ralement dans le menu \u00ab\u00a0Options\u00a0\u00bb de la section \u00ab\u00a0Vie priv\u00e9e\u00a0\u00bb. (Veuillez consulter l&rsquo;aide de votre navigateur pour plus d&rsquo;informations).   <\/span><\/p>\t\t\t\t\t\t\t\t<\/div>\n\t\t\t\t<\/div>\n\t\t\t\t<div class=\"elementor-element elementor-element-363a843 elementor-widget__width-initial elementor-widget elementor-widget-heading\" data-id=\"363a843\" data-element_type=\"widget\" data-widget_type=\"heading.default\">\n\t\t\t\t<div class=\"elementor-widget-container\">\n\t\t\t\t\t<h2 class=\"elementor-heading-title elementor-size-default\">R\u00e9vocation du consentement<\/h2>\t\t\t\t<\/div>\n\t\t\t\t<\/div>\n\t\t\t\t<div class=\"elementor-element elementor-element-cea93c8 elementor-widget__width-initial elementor-widget-mobile__width-initial elementor-widget elementor-widget-text-editor\" data-id=\"cea93c8\" data-element_type=\"widget\" data-widget_type=\"text-editor.default\">\n\t\t\t\t<div class=\"elementor-widget-container\">\n\t\t\t\t\t\t\t\t\t<p>Il est \u00e9galement possible de limiter la mani\u00e8re dont les sites web tiers installent des cookies sur votre ordinateur, afin d&#8217;emp\u00eacher la collecte de donn\u00e9es et l&rsquo;enregistrement de votre activit\u00e9 de navigation. Pour limiter l&rsquo;utilisation de cookies de tiers, vous pouvez acc\u00e9der au site de param\u00e9trage ou \u00e0 OptOut : <\/p><p>&#8211; Google Analytics<br>&#8211; DoubleClick<br>&#8211; Google<br>&#8211; Flash Cookies<br>&#8211; YouTube<\/p><p>S\u00e9lectionnez l&rsquo;option \u00ab\u00a0Supprimer tous les sites\u00a0\u00bb ou s\u00e9lectionnez le site sp\u00e9cifique que vous souhaitez supprimer et cliquez sur \u00ab\u00a0Supprimer le site web\u00a0\u00bb.<br>Veuillez noter que si vous refusez ou supprimez les cookies de navigation du site, nous ne serons pas en mesure de conserver vos pr\u00e9f\u00e9rences, certaines fonctionnalit\u00e9s des pages ne seront pas op\u00e9rationnelles, nous ne serons pas en mesure de vous offrir des services personnalis\u00e9s et chaque fois que vous voudrez naviguer sur notre site, nous devrons vous demander \u00e0 nouveau la permission d&rsquo;utiliser des cookies.<\/p><p><span style=\"text-align: var(--text-align);\">Si toutefois vous d\u00e9cidez de modifier la configuration de votre acc\u00e8s au site, sachez qu&rsquo;il est possible \u00e0 tout moment de supprimer les cookies ou d&#8217;emp\u00eacher l&rsquo;enregistrement de ces informations sur votre ordinateur en modifiant les param\u00e8tres de configuration de votre navigateur.<\/span><\/p>\t\t\t\t\t\t\t\t<\/div>\n\t\t\t\t<\/div>\n\t\t\t\t<div class=\"elementor-element elementor-element-5a892d7 elementor-widget__width-initial elementor-widget elementor-widget-heading\" data-id=\"5a892d7\" data-element_type=\"widget\" data-widget_type=\"heading.default\">\n\t\t\t\t<div class=\"elementor-widget-container\">\n\t\t\t\t\t<h2 class=\"elementor-heading-title elementor-size-default\">Bloquer les cookies<\/h2>\t\t\t\t<\/div>\n\t\t\t\t<\/div>\n\t\t\t\t<div class=\"elementor-element elementor-element-5a73823 elementor-widget__width-initial elementor-widget-mobile__width-initial elementor-widget elementor-widget-text-editor\" data-id=\"5a73823\" data-element_type=\"widget\" data-widget_type=\"text-editor.default\">\n\t\t\t\t<div class=\"elementor-widget-container\">\n\t\t\t\t\t\t\t\t\t<p>Bien que la plupart des navigateurs modernes puissent \u00eatre configur\u00e9s pour emp\u00eacher l&rsquo;installation de cookies sur vos appareils, cela peut vous obliger \u00e0 ajuster manuellement certaines pr\u00e9f\u00e9rences chaque fois que vous visitez un site ou une page. En outre, certains services et fonctionnalit\u00e9s peuvent ne pas fonctionner correctement (par exemple, les connexions profil\u00e9es). <\/p><p>Comment supprimer les cookies des navigateurs les plus courants :<\/p><p>&#8211; Chrome : http:\/\/support.google.com\/chrome\/answer\/95647?hl=es<br>&#8211; Internet Explorer. Version 11 : https:\/\/support.microsoft.com\/es-es\/help\/278835\/how-to-delete-cookie-files-in-internet-explorer<br>&#8211; Firefox. Version 65.0.1 : https:\/\/www.mozilla.org\/es-ES\/privacy\/websites\/#cookies<br>&#8211; Safari Version 5.1 : https:\/\/support.apple.com\/es-es\/guide\/safari\/sfri11471\/mac<br>&#8211; Opera : https:\/\/help.opera.com\/en\/latest\/security-and-privacy\/#clearBrowsingData  <\/p><p>Cette politique est revue p\u00e9riodiquement pour s&rsquo;assurer qu&rsquo;elle est \u00e0 jour et peut \u00eatre modifi\u00e9e. Nous vous recommandons de visiter le site r\u00e9guli\u00e8rement, car nous vous informerons de toute mise \u00e0 jour. <\/p>\t\t\t\t\t\t\t\t<\/div>\n\t\t\t\t<\/div>\n\t\t\t\t<\/div>\n\t\t\t\t\t<\/div>\n\t\t\t\t<\/div>\n\t\t\t\t<\/div>\n\t\t","protected":false},"excerpt":{"rendered":"<p>Politique en mati\u00e8re de cookies www.mediadorconflictos.com Ce site web utilise ses propres cookies et ceux de tiers pour \u00e9valuer et am\u00e9liorer l&rsquo;exp\u00e9rience de navigation des utilisateurs. Par le biais de cette politique en mati\u00e8re de cookies, nous d\u00e9taillons l&rsquo;utilisation que nous en faisons : Qu&rsquo;est-ce&#8230;<\/p>\n","protected":false},"author":1,"featured_media":0,"parent":0,"menu_order":0,"comment_status":"closed","ping_status":"closed","template":"elementor_header_footer","meta":{"footnotes":""},"class_list":["post-12795","page","type-page","status-publish","hentry"],"_links":{"self":[{"href":"https:\/\/mediadorconflictos.com\/fr\/wp-json\/wp\/v2\/pages\/12795","targetHints":{"allow":["GET"]}}],"collection":[{"href":"https:\/\/mediadorconflictos.com\/fr\/wp-json\/wp\/v2\/pages"}],"about":[{"href":"https:\/\/mediadorconflictos.com\/fr\/wp-json\/wp\/v2\/types\/page"}],"author":[{"embeddable":true,"href":"https:\/\/mediadorconflictos.com\/fr\/wp-json\/wp\/v2\/users\/1"}],"replies":[{"embeddable":true,"href":"https:\/\/mediadorconflictos.com\/fr\/wp-json\/wp\/v2\/comments?post=12795"}],"version-history":[{"count":4,"href":"https:\/\/mediadorconflictos.com\/fr\/wp-json\/wp\/v2\/pages\/12795\/revisions"}],"predecessor-version":[{"id":13634,"href":"https:\/\/mediadorconflictos.com\/fr\/wp-json\/wp\/v2\/pages\/12795\/revisions\/13634"}],"wp:attachment":[{"href":"https:\/\/mediadorconflictos.com\/fr\/wp-json\/wp\/v2\/media?parent=12795"}],"curies":[{"name":"wp","href":"https:\/\/api.w.org\/{rel}","templated":true}]}}