{"id":12617,"date":"2023-10-03T09:35:15","date_gmt":"2023-10-03T07:35:15","guid":{"rendered":"https:\/\/mediadorconflictos.com\/questions-frequentes\/"},"modified":"2025-11-17T09:54:14","modified_gmt":"2025-11-17T08:54:14","slug":"questions-frequentes","status":"publish","type":"page","link":"https:\/\/mediadorconflictos.com\/fr\/questions-frequentes\/","title":{"rendered":"Questions Fr\u00e9quentes"},"content":{"rendered":"\t\t<div data-elementor-type=\"wp-page\" data-elementor-id=\"12617\" class=\"elementor elementor-12617 elementor-8778\">\n\t\t\t\t<div class=\"elementor-element elementor-element-b8b486c e-con-full e-flex parallax_section_no qode_elementor_container_no e-con e-parent\" data-id=\"b8b486c\" data-element_type=\"container\" data-settings=\"{&quot;background_background&quot;:&quot;classic&quot;}\">\n\t\t<div class=\"elementor-element elementor-element-8aadffd e-flex e-con-boxed parallax_section_no qode_elementor_container_no e-con e-child\" data-id=\"8aadffd\" data-element_type=\"container\">\n\t\t\t\t\t<div class=\"e-con-inner\">\n\t\t\t\t<div class=\"elementor-element elementor-element-62970ca txt-inner elementor-widget elementor-widget-heading\" data-id=\"62970ca\" data-element_type=\"widget\" data-widget_type=\"heading.default\">\n\t\t\t\t<div class=\"elementor-widget-container\">\n\t\t\t\t\t<h1 class=\"elementor-heading-title elementor-size-default\">Questions Fr\u00e9quentes<\/h1>\t\t\t\t<\/div>\n\t\t\t\t<\/div>\n\t\t\t\t<div class=\"elementor-element elementor-element-3f0813a elementor-widget-mobile__width-initial elementor-widget elementor-widget-heading\" data-id=\"3f0813a\" data-element_type=\"widget\" data-widget_type=\"heading.default\">\n\t\t\t\t<div class=\"elementor-widget-container\">\n\t\t\t\t\t<div class=\"elementor-heading-title elementor-size-default\">Nous r\u00e9pondons \u00e0 vos principales interrogations.<\/div>\t\t\t\t<\/div>\n\t\t\t\t<\/div>\n\t\t\t\t\t<\/div>\n\t\t\t\t<\/div>\n\t\t\t\t<\/div>\n\t\t<div class=\"elementor-element elementor-element-7d5195c e-con-full qode_elementor_container_inner e-flex parallax_section_no e-con e-parent\" data-id=\"7d5195c\" data-element_type=\"container\">\n\t\t<div class=\"elementor-element elementor-element-75a18a7 e-con-full e-flex parallax_section_no qode_elementor_container_no e-con e-child\" data-id=\"75a18a7\" data-element_type=\"container\" data-settings=\"{&quot;background_background&quot;:&quot;classic&quot;}\">\n\t\t<div class=\"elementor-element elementor-element-f6e251e e-con-full e-flex parallax_section_no qode_elementor_container_no e-con e-child\" data-id=\"f6e251e\" data-element_type=\"container\">\n\t\t\t\t<div class=\"elementor-element elementor-element-559c6a2 elementor-widget elementor-widget-bridge_image_hover\" data-id=\"559c6a2\" data-element_type=\"widget\" data-widget_type=\"bridge_image_hover.default\">\n\t\t\t\t<div class=\"elementor-widget-container\">\n\t\t\t\t\t<div class=\"image_hover \" data-transition-delay=\"\"><div class=\"images_holder\"><a itemprop=\"url\" href=\"https:\/\/mediadorconflictos.com\/fr\/services-de-mediation\/\" target=\"_self\"><img decoding=\"async\" itemprop=\"image\" class=\"\" src=\"https:\/\/mediadorconflictos.com\/wp-content\/uploads\/2025\/02\/banner-quien-soy.jpg\" alt=\"Main Image\" style=\"\" \/><\/a><\/div><\/div>\t\t\t\t<\/div>\n\t\t\t\t<\/div>\n\t\t\t\t<div class=\"elementor-element elementor-element-b185cc2 elementor-widget elementor-widget-heading\" data-id=\"b185cc2\" data-element_type=\"widget\" data-widget_type=\"heading.default\">\n\t\t\t\t<div class=\"elementor-widget-container\">\n\t\t\t\t\t<h3 class=\"elementor-heading-title elementor-size-default\">Services de m\u00e9diation<\/h3>\t\t\t\t<\/div>\n\t\t\t\t<\/div>\n\t\t\t\t<div class=\"elementor-element elementor-element-bad968a elementor-widget elementor-widget-bridge_button_v2\" data-id=\"bad968a\" data-element_type=\"widget\" data-widget_type=\"bridge_button_v2.default\">\n\t\t\t\t<div class=\"elementor-widget-container\">\n\t\t\t\t\t\n\n\t<a href=\"https:\/\/mediadorconflictos.com\/fr\/services-de-mediation\/\" target=\"_self\" style=\"font-family: dm sans;font-size: 15px;font-weight: 600;text-transform: uppercase;letter-spacing: 1px\" class=\"qode-btn qode-btn-medium qode-btn-simple qode-btn-icon\"  >\n\t    <span class=\"qode-btn-text\">PLUS D&#039;INFORMATIONS<\/span><span class=\"qode-button-v2-icon-holder\"  ><i class=\"qodef-icon-dripicons dripicon dripicons-arrow-thin-up qode-button-v2-icon-holder-inner\" ><\/i><\/span>\t<\/a>\n\n\t\t\t\t<\/div>\n\t\t\t\t<\/div>\n\t\t\t\t<\/div>\n\t\t<div class=\"elementor-element elementor-element-b239938 e-con-full e-flex parallax_section_no qode_elementor_container_no e-con e-child\" data-id=\"b239938\" data-element_type=\"container\">\n\t\t\t\t<div class=\"elementor-element elementor-element-27b6432 elementor-widget elementor-widget-heading\" data-id=\"27b6432\" data-element_type=\"widget\" data-widget_type=\"heading.default\">\n\t\t\t\t<div class=\"elementor-widget-container\">\n\t\t\t\t\t<h3 class=\"elementor-heading-title elementor-size-default\">Blog<\/h3>\t\t\t\t<\/div>\n\t\t\t\t<\/div>\n\t\t\t\t<div class=\"elementor-element elementor-element-9db8621 elementor-widget elementor-widget-qi_addons_for_elementor_blog_list\" data-id=\"9db8621\" data-element_type=\"widget\" data-widget_type=\"qi_addons_for_elementor_blog_list.default\">\n\t\t\t\t<div class=\"elementor-widget-container\">\n\t\t\t\t\t<div class=\"qodef-shortcode qodef-m qodef-addons-blog-list qodef--list qodef-title--hover-underline qodef-image--hover-zoom qodef-qi-grid qodef-layout--qi-columns qodef-col-num--1 qodef-item-layout--standard qodef-responsive--predefined\" >\n\t<div class=\"qodef-grid-inner\">\n\t\t<p class=\"qodef-m-posts-not-found qodef-grid-item\">Aucun article n\u2019a \u00e9t\u00e9 trouv\u00e9 pour les param\u00e8tres de requ\u00eate fournis.<\/p>\n\t<\/div>\n\t<\/div>\n\t\t\t\t<\/div>\n\t\t\t\t<\/div>\n\t\t\t\t<\/div>\n\t\t\t\t<\/div>\n\t\t<div class=\"elementor-element elementor-element-667db2d e-con-full e-flex parallax_section_no qode_elementor_container_no e-con e-child\" data-id=\"667db2d\" data-element_type=\"container\">\n\t\t\t\t<div class=\"elementor-element elementor-element-5495043 elementor-widget elementor-widget-heading\" data-id=\"5495043\" data-element_type=\"widget\" data-widget_type=\"heading.default\">\n\t\t\t\t<div class=\"elementor-widget-container\">\n\t\t\t\t\t<h2 class=\"elementor-heading-title elementor-size-default\">Qu'est-ce que la m\u00e9diation des conflits?<\/h2>\t\t\t\t<\/div>\n\t\t\t\t<\/div>\n\t\t\t\t<div class=\"elementor-element elementor-element-dd32738 elementor-widget elementor-widget-text-editor\" data-id=\"dd32738\" data-element_type=\"widget\" data-widget_type=\"text-editor.default\">\n\t\t\t\t<div class=\"elementor-widget-container\">\n\t\t\t\t\t\t\t\t\t<p>La m\u00e9diation des conflits est un <b>processus volontaire et l\u00e9gal<\/b> dans lequel une tierce personne impartiale, connue sous le nom de m\u00e9diateur, facilite la communication et la n\u00e9gociation entre les parties impliqu\u00e9es dans un conflit, dans le but de les aider \u00e0 parvenir \u00e0 un accord mutuellement acceptable.<\/p>\n<p>Ce processus n\u2019implique pas que le m\u00e9diateur prenne des d\u00e9cisions \u00e0 la place des parties. Il vise plut\u00f4t \u00e0 aider ces derni\u00e8res \u00e0 mieux se comprendre, \u00e0 identifier leurs int\u00e9r\u00eats et besoins respectifs, et \u00e0 explorer des solutions possibles. La m\u00e9diation cherche \u00e0 promouvoir la r\u00e9solution pacifique des conflits, \u00e0 \u00e9viter l\u2019escalade des diff\u00e9rends et, dans de nombreux cas, \u00e0 pr\u00e9venir le recours aux voies l\u00e9gales ou judiciaires. La m\u00e9diation cherche \u00e0 <b>promouvoir la r\u00e9solution pacifique des conflits<\/b>, \u00e0 \u00e9viter l\u2019escalade des diff\u00e9rends et, dans de nombreux cas, \u00e0 pr\u00e9venir le recours aux voies l\u00e9gales ou judiciaires.<\/p>\n<p>La m\u00e9diation s\u2019applique \u00e0 une grande vari\u00e9t\u00e9 de domaines, y compris <b>les conflits familiaux, personnels, professionnels, scolaires, sanitaires, de voisinage et commerciaux<\/b>. C&rsquo;est un outil efficace pour g\u00e9rer les diff\u00e9rends de mani\u00e8re dialogu\u00e9e, en favorisant des solutions concert\u00e9es et durables.<\/p>\t\t\t\t\t\t\t\t<\/div>\n\t\t\t\t<\/div>\n\t\t\t\t<div class=\"elementor-element elementor-element-2696c10 elementor-widget elementor-widget-heading\" data-id=\"2696c10\" data-element_type=\"widget\" data-widget_type=\"heading.default\">\n\t\t\t\t<div class=\"elementor-widget-container\">\n\t\t\t\t\t<h2 class=\"elementor-heading-title elementor-size-default\">Quelle valeur juridique ont les accords conclus en m\u00e9diation?<\/h2>\t\t\t\t<\/div>\n\t\t\t\t<\/div>\n\t\t\t\t<div class=\"elementor-element elementor-element-eae2e6c elementor-widget elementor-widget-text-editor\" data-id=\"eae2e6c\" data-element_type=\"widget\" data-widget_type=\"text-editor.default\">\n\t\t\t\t<div class=\"elementor-widget-container\">\n\t\t\t\t\t\t\t\t\t<p>Lorsque les accords de m\u00e9diation des conflits sont \u00ab rendus publics \u00bb, cela signifie que l&rsquo;accord obtenu par les parties impliqu\u00e9es dans le processus de m\u00e9diation est formalis\u00e9 et devient un document juridiquement contraignant. Ce processus peut varier selon la l\u00e9gislation de chaque pays. En Espagne, il fonctionne de la mani\u00e8re suivante:<\/p>\t\t\t\t\t\t\t\t<\/div>\n\t\t\t\t<\/div>\n\t\t\t\t<div class=\"elementor-element elementor-element-1de6bd3 elementor-widget elementor-widget-bridge_accordion\" data-id=\"1de6bd3\" data-element_type=\"widget\" data-widget_type=\"bridge_accordion.default\">\n\t\t\t\t<div class=\"elementor-widget-container\">\n\t\t\t\t\t\n        <div class=\"qode-accordion-holder clearfix qode-toggle qode-initial \">\n            <h3 class=\"clearfix qode-title-holder\">\n<span class=\"qode-tab-title\">\n\t\t\t<span class=\"qode-tab-title-icon\">\n\t\t\t\t\t<\/span>\n\t    <span class=\"qode-tab-title-inner\">\n        Formalisation de l\u2019accord de m\u00e9diation    <\/span>\n<\/span>\n<span class=\"qode-accordion-mark\">\n    <span class=\"qode-accordion-mark-icon\">\n        <span class=\"icon_plus\"><\/span>\n        <span class=\"icon_minus-06\"><\/span>\n    <\/span>\n<\/span>\n<\/h3>\n<div  class=\"qode-accordion-content \" style=\"background-image: url()\">\n    <div class=\"qode-accordion-content-inner\">\n        <p>Si les parties parviennent \u00e0 un accord lors de la m\u00e9diation, celui-ci peut \u00eatre homologu\u00e9 judiciairement ou formalis\u00e9 devant notaire, ce qui signifie qu\u2019il devient un document officiel juridiquement contraignant. Cet accord a la m\u00eame valeur qu\u2019un contrat et peut \u00eatre ex\u00e9cut\u00e9 en tant que tel.<\/p>    <\/div>\n<\/div><h3 class=\"clearfix qode-title-holder\">\n<span class=\"qode-tab-title\">\n\t\t\t<span class=\"qode-tab-title-icon\">\n\t\t\t\t\t<\/span>\n\t    <span class=\"qode-tab-title-inner\">\n        Homologation judiciaire    <\/span>\n<\/span>\n<span class=\"qode-accordion-mark\">\n    <span class=\"qode-accordion-mark-icon\">\n        <span class=\"icon_plus\"><\/span>\n        <span class=\"icon_minus-06\"><\/span>\n    <\/span>\n<\/span>\n<\/h3>\n<div  class=\"qode-accordion-content \" style=\"background-image: url()\">\n    <div class=\"qode-accordion-content-inner\">\n        <p>Dans certains cas, apr\u00e8s la signature de l\u2019accord de m\u00e9diation, les parties peuvent demander son homologation par un juge. Ce processus vise \u00e0 donner force de jugement \u00e0 l\u2019accord, de sorte qu'il puisse \u00eatre appliqu\u00e9 comme une d\u00e9cision judiciaire.<\/p><p>L\u2019homologation judiciaire offre aux parties la certitude que l'accord sera appliqu\u00e9 conform\u00e9ment \u00e0 la loi et que tout manquement pourra \u00eatre sanctionn\u00e9, comme ce serait le cas pour un jugement rendu par un tribunal.<\/p>    <\/div>\n<\/div><h3 class=\"clearfix qode-title-holder\">\n<span class=\"qode-tab-title\">\n\t\t\t<span class=\"qode-tab-title-icon\">\n\t\t\t\t\t<\/span>\n\t    <span class=\"qode-tab-title-inner\">\n        Avantages de rendre un accord public    <\/span>\n<\/span>\n<span class=\"qode-accordion-mark\">\n    <span class=\"qode-accordion-mark-icon\">\n        <span class=\"icon_plus\"><\/span>\n        <span class=\"icon_minus-06\"><\/span>\n    <\/span>\n<\/span>\n<\/h3>\n<div  class=\"qode-accordion-content \" style=\"background-image: url()\">\n    <div class=\"qode-accordion-content-inner\">\n        <ul><li><strong>S\u00e9curit\u00e9 juridique:<\/strong> Assure une plus grande certitude quant \u00e0 son ex\u00e9cution, car l'accord devient un document \u00e0 effet l\u00e9gal.<\/li><li><strong>Ex\u00e9cutabilit\u00e9:<\/strong> Si l\u2019une des parties ne respecte pas les termes de l\u2019accord, il est possible de recourir \u00e0 la voie judiciaire pour en exiger l\u2019application.<\/li><li><strong>Protection des droits des parties:<\/strong> En devenant un accord formel, il garantit que les droits des parties sont prot\u00e9g\u00e9s et respect\u00e9s par la loi.<\/li><\/ul>    <\/div>\n<\/div><h3 class=\"clearfix qode-title-holder\">\n<span class=\"qode-tab-title\">\n\t\t\t<span class=\"qode-tab-title-icon\">\n\t\t\t\t\t<\/span>\n\t    <span class=\"qode-tab-title-inner\">\n        Domaines courants dans lesquels un accord de m\u00e9diation est rendu public    <\/span>\n<\/span>\n<span class=\"qode-accordion-mark\">\n    <span class=\"qode-accordion-mark-icon\">\n        <span class=\"icon_plus\"><\/span>\n        <span class=\"icon_minus-06\"><\/span>\n    <\/span>\n<\/span>\n<\/h3>\n<div  class=\"qode-accordion-content \" style=\"background-image: url()\">\n    <div class=\"qode-accordion-content-inner\">\n        <ul><li><strong>Conflits familiaux:<\/strong> En cas de divorce, d\u2019accords sur la garde des enfants, le droit de visite ou la pension alimentaire.<\/li><li><strong>Conflits professionnels:<\/strong> Accords entre employeurs et employ\u00e9s.<\/li><li><strong>Conflits commerciaux:<\/strong> Entre entreprises ou entre consommateurs et fournisseurs.<\/li><\/ul>    <\/div>\n<\/div>        <\/div>\n\n        \t\t\t\t<\/div>\n\t\t\t\t<\/div>\n\t\t\t\t<div class=\"elementor-element elementor-element-b9a36ab elementor-widget elementor-widget-text-editor\" data-id=\"b9a36ab\" data-element_type=\"widget\" data-widget_type=\"text-editor.default\">\n\t\t\t\t<div class=\"elementor-widget-container\">\n\t\t\t\t\t\t\t\t\t<p>En r\u00e9sum\u00e9, rendre un accord de m\u00e9diation public signifie formaliser l&rsquo;accord obtenu en m\u00e9diation pour lui donner une force juridique, assurant ainsi son ex\u00e9cution et lui conf\u00e9rant une validit\u00e9 l\u00e9gale.<\/p>\t\t\t\t\t\t\t\t<\/div>\n\t\t\t\t<\/div>\n\t\t\t\t<\/div>\n\t\t\t\t<\/div>\n\t\t\t\t<\/div>\n\t\t","protected":false},"excerpt":{"rendered":"<p>Questions Fr\u00e9quentes Nous r\u00e9pondons \u00e0 vos principales interrogations. Services de m\u00e9diation PLUS D&#039;INFORMATIONS Blog 15\/11\/2025 Conceptos Los Estatutos y el Reglamento de R\u00e9gimen Interior C 08\/11\/2025 ActualidadFormaci\u00f3nJusticia Restaurativa Jean Schmitz en Barcelona J 08\/11\/2025 ConceptosMediaci\u00f3n y Conciliaci\u00f3n \u00bfCu\u00e1nto dura una mediaci\u00f3n de conflictos? Qu&rsquo;est-ce que&#8230;<\/p>\n","protected":false},"author":1,"featured_media":0,"parent":0,"menu_order":0,"comment_status":"closed","ping_status":"closed","template":"full_width.php","meta":{"footnotes":""},"class_list":["post-12617","page","type-page","status-publish","hentry"],"_links":{"self":[{"href":"https:\/\/mediadorconflictos.com\/fr\/wp-json\/wp\/v2\/pages\/12617","targetHints":{"allow":["GET"]}}],"collection":[{"href":"https:\/\/mediadorconflictos.com\/fr\/wp-json\/wp\/v2\/pages"}],"about":[{"href":"https:\/\/mediadorconflictos.com\/fr\/wp-json\/wp\/v2\/types\/page"}],"author":[{"embeddable":true,"href":"https:\/\/mediadorconflictos.com\/fr\/wp-json\/wp\/v2\/users\/1"}],"replies":[{"embeddable":true,"href":"https:\/\/mediadorconflictos.com\/fr\/wp-json\/wp\/v2\/comments?post=12617"}],"version-history":[{"count":18,"href":"https:\/\/mediadorconflictos.com\/fr\/wp-json\/wp\/v2\/pages\/12617\/revisions"}],"predecessor-version":[{"id":16716,"href":"https:\/\/mediadorconflictos.com\/fr\/wp-json\/wp\/v2\/pages\/12617\/revisions\/16716"}],"wp:attachment":[{"href":"https:\/\/mediadorconflictos.com\/fr\/wp-json\/wp\/v2\/media?parent=12617"}],"curies":[{"name":"wp","href":"https:\/\/api.w.org\/{rel}","templated":true}]}}