{"id":17367,"date":"2025-02-27T10:31:54","date_gmt":"2025-02-27T09:31:54","guid":{"rendered":"https:\/\/mediadorconflictos.com\/deberes-deontologicos-abogados\/"},"modified":"2025-11-27T16:33:42","modified_gmt":"2025-11-27T15:33:42","slug":"deontologische-pflichten","status":"publish","type":"page","link":"https:\/\/mediadorconflictos.com\/de\/deontologische-pflichten\/","title":{"rendered":"Deontologische Pflichten"},"content":{"rendered":"\t\t<div data-elementor-type=\"wp-page\" data-elementor-id=\"17367\" class=\"elementor elementor-17367 elementor-11164\">\n\t\t\t\t<div class=\"elementor-element elementor-element-ff08a0b e-con-full e-flex parallax_section_no qode_elementor_container_no e-con e-parent\" data-id=\"ff08a0b\" data-element_type=\"container\" data-settings=\"{&quot;background_background&quot;:&quot;classic&quot;}\">\n\t\t<div class=\"elementor-element elementor-element-95f0a6d e-flex e-con-boxed parallax_section_no qode_elementor_container_no e-con e-child\" data-id=\"95f0a6d\" data-element_type=\"container\">\n\t\t\t\t\t<div class=\"e-con-inner\">\n\t\t\t\t<div class=\"elementor-element elementor-element-efa2830 elementor-widget elementor-widget-heading\" data-id=\"efa2830\" data-element_type=\"widget\" data-widget_type=\"heading.default\">\n\t\t\t\t<div class=\"elementor-widget-container\">\n\t\t\t\t\t<h1 class=\"elementor-heading-title elementor-size-default\">Deontologische Pflichten<\/h1>\t\t\t\t<\/div>\n\t\t\t\t<\/div>\n\t\t\t\t<div class=\"elementor-element elementor-element-7cec2e0 elementor-widget elementor-widget-heading\" data-id=\"7cec2e0\" data-element_type=\"widget\" data-widget_type=\"heading.default\">\n\t\t\t\t<div class=\"elementor-widget-container\">\n\t\t\t\t\t<p class=\"elementor-heading-title elementor-size-default\">der Konfliktmediatoren und der Rechtsanw\u00e4lte (als Friedensakteure und F\u00f6rderer der Eintracht)<\/p>\t\t\t\t<\/div>\n\t\t\t\t<\/div>\n\t\t\t\t\t<\/div>\n\t\t\t\t<\/div>\n\t\t\t\t<\/div>\n\t\t<div class=\"elementor-element elementor-element-753d034 e-flex e-con-boxed parallax_section_no qode_elementor_container_no e-con e-parent\" data-id=\"753d034\" data-element_type=\"container\">\n\t\t\t\t\t<div class=\"e-con-inner\">\n\t\t<div class=\"elementor-element elementor-element-d25d0e6 e-con-full e-flex parallax_section_no qode_elementor_container_no e-con e-child\" data-id=\"d25d0e6\" data-element_type=\"container\">\n\t\t\t\t<div class=\"elementor-element elementor-element-ec822c6 elementor-widget__width-initial elementor-widget elementor-widget-heading\" data-id=\"ec822c6\" data-element_type=\"widget\" data-widget_type=\"heading.default\">\n\t\t\t\t<div class=\"elementor-widget-container\">\n\t\t\t\t\t<h2 class=\"elementor-heading-title elementor-size-default\">Mediatoren<\/h2>\t\t\t\t<\/div>\n\t\t\t\t<\/div>\n\t\t\t\t<div class=\"elementor-element elementor-element-0be19de elementor-widget__width-initial elementor-widget-mobile__width-initial elementor-widget elementor-widget-text-editor\" data-id=\"0be19de\" data-element_type=\"widget\" data-widget_type=\"text-editor.default\">\n\t\t\t\t<div class=\"elementor-widget-container\">\n\t\t\t\t\t\t\t\t\t<p>In Katalonien sind die deontologischen Pflichten der Konfliktmediatoren haupts\u00e4chlich durch das Gesetz 15\/2009 vom 22. Juli \u00fcber die Mediation im Bereich des Privatrechts sowie durch den Deontologischen Kodex der Mediation Kataloniens, der von der Generalitat de Catalunya verabschiedet wurde, geregelt. Diese Grunds\u00e4tze gew\u00e4hrleisten Ethik und Qualit\u00e4t der beruflichen Aus\u00fcbung der Mediation. <\/p>\t\t\t\t\t\t\t\t<\/div>\n\t\t\t\t<\/div>\n\t\t\t\t<div class=\"elementor-element elementor-element-e964c97 elementor-widget__width-initial elementor-widget-mobile__width-initial elementor-widget elementor-widget-text-editor\" data-id=\"e964c97\" data-element_type=\"widget\" data-widget_type=\"text-editor.default\">\n\t\t\t\t<div class=\"elementor-widget-container\">\n\t\t\t\t\t\t\t\t\tHaupts\u00e4chliche deontologische Pflichten der Mediatoren in Katalonien:\t\t\t\t\t\t\t\t<\/div>\n\t\t\t\t<\/div>\n\t\t\t\t<div class=\"elementor-element elementor-element-3884389 elementor-widget__width-initial elementor-widget-mobile__width-initial elementor-widget elementor-widget-text-editor\" data-id=\"3884389\" data-element_type=\"widget\" data-widget_type=\"text-editor.default\">\n\t\t\t\t<div class=\"elementor-widget-container\">\n\t\t\t\t\t\t\t\t\t<p><strong>1. Freiwilligkeit und Autonomie der Parteien<\/strong><\/p>\t\t\t\t\t\t\t\t<\/div>\n\t\t\t\t<\/div>\n\t\t\t\t<div class=\"elementor-element elementor-element-dddf0b7 elementor-widget__width-initial elementor-widget-mobile__width-initial elementor-widget elementor-widget-text-editor\" data-id=\"dddf0b7\" data-element_type=\"widget\" data-widget_type=\"text-editor.default\">\n\t\t\t\t<div class=\"elementor-widget-container\">\n\t\t\t\t\t\t\t\t\t<ul><li>Der Mediator muss jederzeit den Willen der Parteien respektieren und sicherstellen, dass sie freiwillig am Prozess teilnehmen.<\/li><li>Er darf keine L\u00f6sungen aufzwingen oder die Entscheidungsfindung beeinflussen.<\/li><\/ul>\t\t\t\t\t\t\t\t<\/div>\n\t\t\t\t<\/div>\n\t\t\t\t<div class=\"elementor-element elementor-element-284f76e elementor-widget__width-initial elementor-widget-mobile__width-initial elementor-widget elementor-widget-text-editor\" data-id=\"284f76e\" data-element_type=\"widget\" data-widget_type=\"text-editor.default\">\n\t\t\t\t<div class=\"elementor-widget-container\">\n\t\t\t\t\t\t\t\t\t<p><strong>2. Unparteilichkeit und Neutralit\u00e4t<\/strong><\/p>\t\t\t\t\t\t\t\t<\/div>\n\t\t\t\t<\/div>\n\t\t\t\t<div class=\"elementor-element elementor-element-704a27f elementor-widget__width-initial elementor-widget-mobile__width-initial elementor-widget elementor-widget-text-editor\" data-id=\"704a27f\" data-element_type=\"widget\" data-widget_type=\"text-editor.default\">\n\t\t\t\t<div class=\"elementor-widget-container\">\n\t\t\t\t\t\t\t\t\t<ul><li>Er muss allen Parteien eine gerechte Behandlung garantieren, ohne eine zu bevorzugen.<\/li><li>Er darf nicht in F\u00e4llen mediieren, in denen ein Interessenkonflikt besteht oder eine Beziehung zu einer der Parteien vorliegt.<\/li><\/ul>\t\t\t\t\t\t\t\t<\/div>\n\t\t\t\t<\/div>\n\t\t\t\t<div class=\"elementor-element elementor-element-c8e1e70 elementor-widget__width-initial elementor-widget-mobile__width-initial elementor-widget elementor-widget-text-editor\" data-id=\"c8e1e70\" data-element_type=\"widget\" data-widget_type=\"text-editor.default\">\n\t\t\t\t<div class=\"elementor-widget-container\">\n\t\t\t\t\t\t\t\t\t<p><strong>3. Vertraulichkeit<\/strong><\/p>\t\t\t\t\t\t\t\t<\/div>\n\t\t\t\t<\/div>\n\t\t\t\t<div class=\"elementor-element elementor-element-9c6053b elementor-widget__width-initial elementor-widget-mobile__width-initial elementor-widget elementor-widget-text-editor\" data-id=\"9c6053b\" data-element_type=\"widget\" data-widget_type=\"text-editor.default\">\n\t\t\t\t<div class=\"elementor-widget-container\">\n\t\t\t\t\t\t\t\t\t<ul><li>Alle im Mediationsprozess geteilten Informationen sind streng vertraulich.<\/li><li>Sie d\u00fcrfen ohne ausdr\u00fcckliche Zustimmung der Parteien nicht offengelegt werden, au\u00dfer in den gesetzlich vorgesehenen F\u00e4llen.<\/li><\/ul>\t\t\t\t\t\t\t\t<\/div>\n\t\t\t\t<\/div>\n\t\t\t\t<div class=\"elementor-element elementor-element-203d5c1 elementor-widget__width-initial elementor-widget-mobile__width-initial elementor-widget elementor-widget-text-editor\" data-id=\"203d5c1\" data-element_type=\"widget\" data-widget_type=\"text-editor.default\">\n\t\t\t\t<div class=\"elementor-widget-container\">\n\t\t\t\t\t\t\t\t\t<p><strong>4. Unabh\u00e4ngigkeit und Abwesenheit von Interessenkonflikten<\/strong><\/p>\t\t\t\t\t\t\t\t<\/div>\n\t\t\t\t<\/div>\n\t\t\t\t<div class=\"elementor-element elementor-element-88ad663 elementor-widget__width-initial elementor-widget-mobile__width-initial elementor-widget elementor-widget-text-editor\" data-id=\"88ad663\" data-element_type=\"widget\" data-widget_type=\"text-editor.default\">\n\t\t\t\t<div class=\"elementor-widget-container\">\n\t\t\t\t\t\t\t\t\t<ul><li>Der Mediator muss sich enthalten, in F\u00e4llen zu intervenieren, in denen ein Interessenkonflikt bestehen k\u00f6nnte.<\/li><li>Wenn er zu irgendeinem Zeitpunkt feststellt, dass seine Unabh\u00e4ngigkeit beeintr\u00e4chtigt ist, muss er die Mediation niederlegen.<\/li><\/ul>\t\t\t\t\t\t\t\t<\/div>\n\t\t\t\t<\/div>\n\t\t\t\t<div class=\"elementor-element elementor-element-ab1c3bb elementor-widget__width-initial elementor-widget-mobile__width-initial elementor-widget elementor-widget-text-editor\" data-id=\"ab1c3bb\" data-element_type=\"widget\" data-widget_type=\"text-editor.default\">\n\t\t\t\t<div class=\"elementor-widget-container\">\n\t\t\t\t\t\t\t\t\t<p><strong>5. Transparenz und Information der Parteien<br><\/strong><\/p>\t\t\t\t\t\t\t\t<\/div>\n\t\t\t\t<\/div>\n\t\t\t\t<div class=\"elementor-element elementor-element-ca46f84 elementor-widget__width-initial elementor-widget-mobile__width-initial elementor-widget elementor-widget-text-editor\" data-id=\"ca46f84\" data-element_type=\"widget\" data-widget_type=\"text-editor.default\">\n\t\t\t\t<div class=\"elementor-widget-container\">\n\t\t\t\t\t\t\t\t\t<ul><li>Er muss den Parteien klar erkl\u00e4ren, worin die Mediation besteht, welche Regeln gelten und welche rechtlichen Auswirkungen bestehen.<\/li><li>Er muss au\u00dferdem \u00fcber seine Honorare und m\u00f6gliche zus\u00e4tzliche Kosten informieren.<\/li><\/ul>\t\t\t\t\t\t\t\t<\/div>\n\t\t\t\t<\/div>\n\t\t\t\t<div class=\"elementor-element elementor-element-934bd89 elementor-widget__width-initial elementor-widget-mobile__width-initial elementor-widget elementor-widget-text-editor\" data-id=\"934bd89\" data-element_type=\"widget\" data-widget_type=\"text-editor.default\">\n\t\t\t\t<div class=\"elementor-widget-container\">\n\t\t\t\t\t\t\t\t\t<p><strong>6. Fachkompetenz und kontinuierliche Fortbildung<br><\/strong><\/p>\t\t\t\t\t\t\t\t<\/div>\n\t\t\t\t<\/div>\n\t\t\t\t<div class=\"elementor-element elementor-element-c3afc02 elementor-widget__width-initial elementor-widget-mobile__width-initial elementor-widget elementor-widget-text-editor\" data-id=\"c3afc02\" data-element_type=\"widget\" data-widget_type=\"text-editor.default\">\n\t\t\t\t<div class=\"elementor-widget-container\">\n\t\t\t\t\t\t\t\t\t<ul><li>Der Mediator muss entsprechend qualifiziert sein und sich kontinuierlich in Mediation und Konfliktl\u00f6sung fortbilden.<\/li><li>Es wird empfohlen, dass er im Registre de Mediadors de Catalunya eingetragen ist, um seine Bef\u00e4higung zu akkreditieren.<\/li><\/ul>\t\t\t\t\t\t\t\t<\/div>\n\t\t\t\t<\/div>\n\t\t\t\t<div class=\"elementor-element elementor-element-1d3e7db elementor-widget__width-initial elementor-widget-mobile__width-initial elementor-widget elementor-widget-text-editor\" data-id=\"1d3e7db\" data-element_type=\"widget\" data-widget_type=\"text-editor.default\">\n\t\t\t\t<div class=\"elementor-widget-container\">\n\t\t\t\t\t\t\t\t\t<p><strong>7. Sorgfalt und gute berufliche Praxis<br><\/strong><\/p>\t\t\t\t\t\t\t\t<\/div>\n\t\t\t\t<\/div>\n\t\t\t\t<div class=\"elementor-element elementor-element-f537053 elementor-widget__width-initial elementor-widget-mobile__width-initial elementor-widget elementor-widget-text-editor\" data-id=\"f537053\" data-element_type=\"widget\" data-widget_type=\"text-editor.default\">\n\t\t\t\t<div class=\"elementor-widget-container\">\n\t\t\t\t\t\t\t\t\t<ul><li>Er muss w\u00e4hrend des gesamten Prozesses verantwortungsbewusst, sorgf\u00e4ltig und professionell handeln.<\/li><li>Er hat jedes Verhalten zu vermeiden, das den Berufsstand diskreditieren oder den Parteien schaden k\u00f6nnte.<\/li><\/ul>\t\t\t\t\t\t\t\t<\/div>\n\t\t\t\t<\/div>\n\t\t\t\t<div class=\"elementor-element elementor-element-c02abde elementor-widget__width-initial elementor-widget-mobile__width-initial elementor-widget elementor-widget-text-editor\" data-id=\"c02abde\" data-element_type=\"widget\" data-widget_type=\"text-editor.default\">\n\t\t\t\t<div class=\"elementor-widget-container\">\n\t\t\t\t\t\t\t\t\t<p><strong>8. F\u00f6rderung des Dialogs und konstruktiver Kommunikation<\/strong><\/p>\t\t\t\t\t\t\t\t<\/div>\n\t\t\t\t<\/div>\n\t\t\t\t<div class=\"elementor-element elementor-element-780afb2 elementor-widget__width-initial elementor-widget-mobile__width-initial elementor-widget elementor-widget-text-editor\" data-id=\"780afb2\" data-element_type=\"widget\" data-widget_type=\"text-editor.default\">\n\t\t\t\t<div class=\"elementor-widget-container\">\n\t\t\t\t\t\t\t\t\t<ul><li>Seine Hauptfunktion besteht darin, die Kommunikation zwischen den Parteien zu erleichtern, Verst\u00e4ndnis zu f\u00f6rdern und L\u00f6sungen zu suchen.<\/li><li>Er muss jegliche Art von Druck oder Zwang im Prozess vermeiden.<\/li><\/ul>\t\t\t\t\t\t\t\t<\/div>\n\t\t\t\t<\/div>\n\t\t\t\t<div class=\"elementor-element elementor-element-ba4b4e3 elementor-widget__width-initial elementor-widget-mobile__width-initial elementor-widget elementor-widget-text-editor\" data-id=\"ba4b4e3\" data-element_type=\"widget\" data-widget_type=\"text-editor.default\">\n\t\t\t\t<div class=\"elementor-widget-container\">\n\t\t\t\t\t\t\t\t\t<p><strong>9. Verbot der Rechtsberatung oder der finalen Entscheidung<br><\/strong><\/p>\t\t\t\t\t\t\t\t<\/div>\n\t\t\t\t<\/div>\n\t\t\t\t<div class=\"elementor-element elementor-element-c2b16df elementor-widget__width-initial elementor-widget-mobile__width-initial elementor-widget elementor-widget-text-editor\" data-id=\"c2b16df\" data-element_type=\"widget\" data-widget_type=\"text-editor.default\">\n\t\t\t\t<div class=\"elementor-widget-container\">\n\t\t\t\t\t\t\t\t\t<ul><li>Er darf nicht die Rolle eines Rechtsanwalts \u00fcbernehmen oder rechtlichen Rat erteilen.<\/li><li>Seine Aufgabe besteht darin, die Parteien bei der Suche nach ihrer eigenen L\u00f6sung zu unterst\u00fctzen, nicht darin, Entscheidungen zu treffen oder Vereinbarungen aufzuerlegen.<\/li><\/ul>\t\t\t\t\t\t\t\t<\/div>\n\t\t\t\t<\/div>\n\t\t\t\t<div class=\"elementor-element elementor-element-cdf861f elementor-widget__width-initial elementor-widget-mobile__width-initial elementor-widget elementor-widget-text-editor\" data-id=\"cdf861f\" data-element_type=\"widget\" data-widget_type=\"text-editor.default\">\n\t\t\t\t<div class=\"elementor-widget-container\">\n\t\t\t\t\t\t\t\t\t<p><strong>Rechtsgrundlagen in Katalonien:<\/strong><\/p>\t\t\t\t\t\t\t\t<\/div>\n\t\t\t\t<\/div>\n\t\t\t\t<div class=\"elementor-element elementor-element-11ac495 elementor-widget__width-initial elementor-widget-mobile__width-initial elementor-widget elementor-widget-text-editor\" data-id=\"11ac495\" data-element_type=\"widget\" data-widget_type=\"text-editor.default\">\n\t\t\t\t<div class=\"elementor-widget-container\">\n\t\t\t\t\t\t\t\t\t<ul>\n<li>Ley 15\/2009, de mediaci\u00f3n en el \u00e1mbito del derecho privado.<\/li>\n<li>Decreto 135\/2012, de 23 de octubre, por el que se aprueba el Reglamento de la Ley 15\/2009.<\/li>\n<li>C\u00f3digo de Deontolog\u00eda de la Mediaci\u00f3n de Catalu\u00f1a.<\/li>\n<\/ul>\t\t\t\t\t\t\t\t<\/div>\n\t\t\t\t<\/div>\n\t\t\t\t<div class=\"elementor-element elementor-element-614b36f elementor-widget__width-initial elementor-widget elementor-widget-heading\" data-id=\"614b36f\" data-element_type=\"widget\" data-widget_type=\"heading.default\">\n\t\t\t\t<div class=\"elementor-widget-container\">\n\t\t\t\t\t<h2 class=\"elementor-heading-title elementor-size-default\">Rechtsanw\u00e4lte<\/h2>\t\t\t\t<\/div>\n\t\t\t\t<\/div>\n\t\t\t\t<div class=\"elementor-element elementor-element-e971298 elementor-widget__width-initial elementor-widget-mobile__width-initial elementor-widget elementor-widget-text-editor\" data-id=\"e971298\" data-element_type=\"widget\" data-widget_type=\"text-editor.default\">\n\t\t\t\t<div class=\"elementor-widget-container\">\n\t\t\t\t\t\t\t\t\t<p>In Spanien und insbesondere in Katalonien hat die Anwaltschaft die ethische und berufliche Verantwortung, ihre Mandanten zum geeigneten Zeitpunkt \u00fcber die verschiedenen Optionen zur Konfliktl\u00f6sung zu informieren. Dazu geh\u00f6ren die M\u00f6glichkeit zu verhandeln, eine au\u00dfergerichtliche Einigung zu erzielen oder auf die gesetzlich vorgesehenen alternativen Methoden zur\u00fcckzugreifen \u2013 als erg\u00e4nzende oder ersetzende Wege zum Gerichtsverfahren. <\/p>\t\t\t\t\t\t\t\t<\/div>\n\t\t\t\t<\/div>\n\t\t\t\t<div class=\"elementor-element elementor-element-99e175c elementor-widget__width-initial elementor-widget-mobile__width-initial elementor-widget elementor-widget-text-editor\" data-id=\"99e175c\" data-element_type=\"widget\" data-widget_type=\"text-editor.default\">\n\t\t\t\t<div class=\"elementor-widget-container\">\n\t\t\t\t\t\t\t\t\tNachfolgend wird die Regelung dargestellt, die diese Pflicht normiert:\n\t\t\t\t\t\t\t\t<\/div>\n\t\t\t\t<\/div>\n\t\t\t\t<div class=\"elementor-element elementor-element-68f5a37 elementor-widget__width-initial elementor-widget elementor-widget-text-editor\" data-id=\"68f5a37\" data-element_type=\"widget\" data-widget_type=\"text-editor.default\">\n\t\t\t\t<div class=\"elementor-widget-container\">\n\t\t\t\t\t\t\t\t\t<ul><li>Art. 20.1. b) der <b>Normativa de l\u2019Advocacia Catalana des Consell dels Il\u00b7lustres Col\u00b7legis d\u2019Advocats de Catalunya<\/b><\/li><li>Art. 12.8 des\u00a0<strong>C\u00f3digo Deontol\u00f3gico de l\u2019Abogac\u00eda Espa\u00f1ola<\/strong><\/li><li>Punto 3.7.1 del <strong>C\u00f3digo de Deontolog\u00eda de los Abogados Europeos<\/strong><\/li><\/ul>\t\t\t\t\t\t\t\t<\/div>\n\t\t\t\t<\/div>\n\t\t\t\t<div class=\"elementor-element elementor-element-22a8831 elementor-widget__width-initial elementor-widget elementor-widget-heading\" data-id=\"22a8831\" data-element_type=\"widget\" data-widget_type=\"heading.default\">\n\t\t\t\t<div class=\"elementor-widget-container\">\n\t\t\t\t\t<p class=\"elementor-heading-title elementor-size-default\"><b>Art. 20.1.<\/b> b) Normativa de l\u2019Advocacia Catalana del Consell dels Il\u00b7lustres Col\u00b7legis d'Advocats de Catalunya, mit der durch die Resoluci\u00f3 JUS\/110\/2019, de 22 de gener verabschiedeten \u00c4nderung:<\/p>\t\t\t\t<\/div>\n\t\t\t\t<\/div>\n\t\t\t\t<div class=\"elementor-element elementor-element-02dfb66 elementor-widget__width-initial txt-gris elementor-widget elementor-widget-text-editor\" data-id=\"02dfb66\" data-element_type=\"widget\" data-widget_type=\"text-editor.default\">\n\t\t\t\t<div class=\"elementor-widget-container\">\n\t\t\t\t\t\t\t\t\t<p>\u201eRechte und Pflichten des anwaltlichen Berufs und des\/der Mandanten\/in:<br>Der\/die Mandant\/in hat das Recht, von dem Rechtsanwalt, der ihn\/sie ber\u00e4t oder vertritt, informiert zu werden, und dieser hat die Pflicht, seinen\/ihren Mandanten \u00fcber die folgenden Umst\u00e4nde zu informieren:<\/p><p>(&#8230;)<\/p><p>b) Die m\u00f6glichen Ergebnisse seiner T\u00e4tigkeit, ohne irgendein Ergebnis zu versprechen, das nicht ausschlie\u00dflich von dieser T\u00e4tigkeit abh\u00e4ngt. Der Rechtsanwalt hat darauf hinzuwirken, den\/die Mandanten\/in davon abzuhalten, Konflikte zu f\u00f6rdern oder unbegr\u00fcndete Gerichtsverfahren einzuleiten. Ebenso muss der Rechtsanwalt den\/die Mandanten\/in \u00fcber die Zweckm\u00e4\u00dfigkeit au\u00dfergerichtlicher Einigungen und der gesetzlich vorgesehenen alternativen Konfliktl\u00f6sungsmethoden informieren, die sich vom Gerichtsweg unterscheiden.\u201c<\/p>\t\t\t\t\t\t\t\t<\/div>\n\t\t\t\t<\/div>\n\t\t\t\t<div class=\"elementor-element elementor-element-b059321 elementor-widget__width-initial elementor-widget elementor-widget-heading\" data-id=\"b059321\" data-element_type=\"widget\" data-widget_type=\"heading.default\">\n\t\t\t\t<div class=\"elementor-widget-container\">\n\t\t\t\t\t<p class=\"elementor-heading-title elementor-size-default\">Art. 12.8 des C\u00f3digo Deontol\u00f3gico de la Abogac\u00eda Espa\u00f1ola, verabschiedet vom Plenum des Consejo General de la Abogac\u00eda Espa\u00f1ola am 6. M\u00e4rz 2019:\n<\/p>\t\t\t\t<\/div>\n\t\t\t\t<\/div>\n\t\t\t\t<div class=\"elementor-element elementor-element-1f09c86 elementor-widget__width-initial txt-gris elementor-widget elementor-widget-text-editor\" data-id=\"1f09c86\" data-element_type=\"widget\" data-widget_type=\"text-editor.default\">\n\t\t\t\t<div class=\"elementor-widget-container\">\n\t\t\t\t\t\t\t\t\t<p>\u201eDer Mandant wird mit gr\u00f6\u00dfter Sorgfalt und Gewissenhaftigkeit beraten und vertreten, wobei die pers\u00f6nliche Verantwortung f\u00fcr die \u00fcbertragene Arbeit \u00fcbernommen wird, ohne dass dies die M\u00f6glichkeit ausschlie\u00dft, notwendige Kooperationen einzuholen. Es ist stets die zweckm\u00e4\u00dfigste L\u00f6sung f\u00fcr den erhaltenen Auftrag zu suchen. Der Mandant ist zum geeigneten Zeitpunkt \u00fcber die M\u00f6glichkeit und die Folgen informiert zu werden, eine Einigung zu erzielen oder auf Instrumente der alternativen Streitbeilegung zur\u00fcckzugreifen.\u201c<\/p>\t\t\t\t\t\t\t\t<\/div>\n\t\t\t\t<\/div>\n\t\t\t\t<div class=\"elementor-element elementor-element-7f0e622 elementor-widget__width-initial elementor-widget elementor-widget-heading\" data-id=\"7f0e622\" data-element_type=\"widget\" data-widget_type=\"heading.default\">\n\t\t\t\t<div class=\"elementor-widget-container\">\n\t\t\t\t\t<p class=\"elementor-heading-title elementor-size-default\"><b>Punkt 3.7.1<\/b> der Carta de principios esenciales de la abogac\u00eda europea und des C\u00f3digo deontol\u00f3gico de los abogados europeos. Verabschiedet in der Plenarsitzung des CCBE am 28. Oktober 1988 und ge\u00e4ndert in den Plenarsitzungen vom 28. November 1998, 6. Dezember 2002 und 19. Mai 2006: <\/p>\t\t\t\t<\/div>\n\t\t\t\t<\/div>\n\t\t\t\t<div class=\"elementor-element elementor-element-c19da38 elementor-widget__width-initial txt-gris elementor-widget elementor-widget-text-editor\" data-id=\"c19da38\" data-element_type=\"widget\" data-widget_type=\"text-editor.default\">\n\t\t\t\t<div class=\"elementor-widget-container\">\n\t\t\t\t\t\t\t\t\t<p>\u201e3.7.1. Der Rechtsanwalt muss jederzeit versuchen, die zweckm\u00e4\u00dfigste L\u00f6sung entsprechend dem Verh\u00e4ltnis von Kosten und Nutzen zu finden und den Mandanten zum geeigneten Zeitpunkt \u00fcber die M\u00f6glichkeit zu informieren, eine Einigung zu erzielen oder auf alternative Methoden der Konfliktl\u00f6sung zur\u00fcckzugreifen.\u201c<\/p>\t\t\t\t\t\t\t\t<\/div>\n\t\t\t\t<\/div>\n\t\t\t\t<\/div>\n\t\t\t\t\t<\/div>\n\t\t\t\t<\/div>\n\t\t\t\t<\/div>\n\t\t","protected":false},"excerpt":{"rendered":"<p>Deontologische Pflichten der Konfliktmediatoren und der Rechtsanw\u00e4lte (als Friedensakteure und F\u00f6rderer der Eintracht) Mediatoren In Katalonien sind die deontologischen Pflichten der Konfliktmediatoren haupts\u00e4chlich durch das Gesetz 15\/2009 vom 22. Juli \u00fcber die Mediation im Bereich des Privatrechts sowie durch den Deontologischen Kodex der Mediation Kataloniens,&#8230;<\/p>\n","protected":false},"author":1,"featured_media":0,"parent":0,"menu_order":0,"comment_status":"closed","ping_status":"closed","template":"elementor_header_footer","meta":{"footnotes":""},"class_list":["post-17367","page","type-page","status-publish","hentry"],"_links":{"self":[{"href":"https:\/\/mediadorconflictos.com\/de\/wp-json\/wp\/v2\/pages\/17367","targetHints":{"allow":["GET"]}}],"collection":[{"href":"https:\/\/mediadorconflictos.com\/de\/wp-json\/wp\/v2\/pages"}],"about":[{"href":"https:\/\/mediadorconflictos.com\/de\/wp-json\/wp\/v2\/types\/page"}],"author":[{"embeddable":true,"href":"https:\/\/mediadorconflictos.com\/de\/wp-json\/wp\/v2\/users\/1"}],"replies":[{"embeddable":true,"href":"https:\/\/mediadorconflictos.com\/de\/wp-json\/wp\/v2\/comments?post=17367"}],"version-history":[{"count":5,"href":"https:\/\/mediadorconflictos.com\/de\/wp-json\/wp\/v2\/pages\/17367\/revisions"}],"predecessor-version":[{"id":17427,"href":"https:\/\/mediadorconflictos.com\/de\/wp-json\/wp\/v2\/pages\/17367\/revisions\/17427"}],"wp:attachment":[{"href":"https:\/\/mediadorconflictos.com\/de\/wp-json\/wp\/v2\/media?parent=17367"}],"curies":[{"name":"wp","href":"https:\/\/api.w.org\/{rel}","templated":true}]}}