{"id":17354,"date":"2023-10-03T09:35:15","date_gmt":"2023-10-03T07:35:15","guid":{"rendered":"https:\/\/mediadorconflictos.com\/preguntas-frecuentes\/"},"modified":"2025-11-27T16:29:35","modified_gmt":"2025-11-27T15:29:35","slug":"haeufig-gestellte-fragen","status":"publish","type":"page","link":"https:\/\/mediadorconflictos.com\/de\/haeufig-gestellte-fragen\/","title":{"rendered":"H\u00e4ufig gestellte Fragen"},"content":{"rendered":"\t\t<div data-elementor-type=\"wp-page\" data-elementor-id=\"17354\" class=\"elementor elementor-17354 elementor-8778\">\n\t\t\t\t<div class=\"elementor-element elementor-element-b8b486c e-con-full e-flex parallax_section_no qode_elementor_container_no e-con e-parent\" data-id=\"b8b486c\" data-element_type=\"container\" data-settings=\"{&quot;background_background&quot;:&quot;classic&quot;}\">\n\t\t<div class=\"elementor-element elementor-element-8aadffd e-flex e-con-boxed parallax_section_no qode_elementor_container_no e-con e-child\" data-id=\"8aadffd\" data-element_type=\"container\">\n\t\t\t\t\t<div class=\"e-con-inner\">\n\t\t\t\t<div class=\"elementor-element elementor-element-62970ca txt-inner elementor-widget elementor-widget-heading\" data-id=\"62970ca\" data-element_type=\"widget\" data-widget_type=\"heading.default\">\n\t\t\t\t<div class=\"elementor-widget-container\">\n\t\t\t\t\t<h1 class=\"elementor-heading-title elementor-size-default\">H\u00e4ufig gestellte Fragen<\/h1>\t\t\t\t<\/div>\n\t\t\t\t<\/div>\n\t\t\t\t<div class=\"elementor-element elementor-element-3f0813a elementor-widget-mobile__width-initial elementor-widget elementor-widget-heading\" data-id=\"3f0813a\" data-element_type=\"widget\" data-widget_type=\"heading.default\">\n\t\t\t\t<div class=\"elementor-widget-container\">\n\t\t\t\t\t<div class=\"elementor-heading-title elementor-size-default\">H\u00e4ufig gestellte Fragen<\/div>\t\t\t\t<\/div>\n\t\t\t\t<\/div>\n\t\t\t\t\t<\/div>\n\t\t\t\t<\/div>\n\t\t\t\t<\/div>\n\t\t<div class=\"elementor-element elementor-element-7d5195c e-con-full qode_elementor_container_inner e-flex parallax_section_no e-con e-parent\" data-id=\"7d5195c\" data-element_type=\"container\">\n\t\t<div class=\"elementor-element elementor-element-75a18a7 e-con-full e-flex parallax_section_no qode_elementor_container_no e-con e-child\" data-id=\"75a18a7\" data-element_type=\"container\" data-settings=\"{&quot;background_background&quot;:&quot;classic&quot;}\">\n\t\t<div class=\"elementor-element elementor-element-f6e251e e-con-full e-flex parallax_section_no qode_elementor_container_no e-con e-child\" data-id=\"f6e251e\" data-element_type=\"container\">\n\t\t\t\t<div class=\"elementor-element elementor-element-559c6a2 elementor-widget elementor-widget-bridge_image_hover\" data-id=\"559c6a2\" data-element_type=\"widget\" data-widget_type=\"bridge_image_hover.default\">\n\t\t\t\t<div class=\"elementor-widget-container\">\n\t\t\t\t\t<div class=\"image_hover \" data-transition-delay=\"\"><div class=\"images_holder\"><a itemprop=\"url\" href=\"https:\/\/mediadorconflictos.com\/de\/mediationsdienste\/\" target=\"_self\"><img decoding=\"async\" itemprop=\"image\" class=\"\" src=\"https:\/\/mediadorconflictos.com\/wp-content\/uploads\/2025\/02\/banner-quien-soy.jpg\" alt=\"Main Image\" style=\"\" \/><\/a><\/div><\/div>\t\t\t\t<\/div>\n\t\t\t\t<\/div>\n\t\t\t\t<div class=\"elementor-element elementor-element-b185cc2 elementor-widget elementor-widget-heading\" data-id=\"b185cc2\" data-element_type=\"widget\" data-widget_type=\"heading.default\">\n\t\t\t\t<div class=\"elementor-widget-container\">\n\t\t\t\t\t<h3 class=\"elementor-heading-title elementor-size-default\">Mediations Dienstleistungen<\/h3>\t\t\t\t<\/div>\n\t\t\t\t<\/div>\n\t\t\t\t<div class=\"elementor-element elementor-element-bad968a elementor-widget elementor-widget-bridge_button_v2\" data-id=\"bad968a\" data-element_type=\"widget\" data-widget_type=\"bridge_button_v2.default\">\n\t\t\t\t<div class=\"elementor-widget-container\">\n\t\t\t\t\t\n\n\t<a href=\"https:\/\/mediadorconflictos.com\/de\/mediationsdienste\/\" target=\"_self\" style=\"font-family: dm sans;font-size: 15px;font-weight: 600;text-transform: uppercase;letter-spacing: 1px\" class=\"qode-btn qode-btn-medium qode-btn-simple qode-btn-icon\"  >\n\t    <span class=\"qode-btn-text\">WEITERE INFORMATIONEN<\/span><span class=\"qode-button-v2-icon-holder\"  ><i class=\"qodef-icon-dripicons dripicon dripicons-arrow-thin-up qode-button-v2-icon-holder-inner\" ><\/i><\/span>\t<\/a>\n\n\t\t\t\t<\/div>\n\t\t\t\t<\/div>\n\t\t\t\t<\/div>\n\t\t<div class=\"elementor-element elementor-element-0258246 e-con-full e-flex parallax_section_no qode_elementor_container_no e-con e-child\" data-id=\"0258246\" data-element_type=\"container\">\n\t\t\t\t<div class=\"elementor-element elementor-element-9f6d178 elementor-widget elementor-widget-heading\" data-id=\"9f6d178\" data-element_type=\"widget\" data-widget_type=\"heading.default\">\n\t\t\t\t<div class=\"elementor-widget-container\">\n\t\t\t\t\t<h3 class=\"elementor-heading-title elementor-size-default\">Blog<\/h3>\t\t\t\t<\/div>\n\t\t\t\t<\/div>\n\t\t\t\t<div class=\"elementor-element elementor-element-b420004 elementor-widget elementor-widget-qi_addons_for_elementor_blog_list\" data-id=\"b420004\" data-element_type=\"widget\" data-widget_type=\"qi_addons_for_elementor_blog_list.default\">\n\t\t\t\t<div class=\"elementor-widget-container\">\n\t\t\t\t\t<div class=\"qodef-shortcode qodef-m qodef-addons-blog-list qodef--list qodef-title--hover-underline qodef-image--hover-zoom qodef-qi-grid qodef-layout--qi-columns qodef-col-num--1 qodef-item-layout--standard qodef-responsive--predefined\" >\n\t<div class=\"qodef-grid-inner\">\n\t\t<p class=\"qodef-m-posts-not-found qodef-grid-item\">No posts were found for provided query parameters.<\/p>\n\t<\/div>\n\t<\/div>\n\t\t\t\t<\/div>\n\t\t\t\t<\/div>\n\t\t\t\t<\/div>\n\t\t\t\t<\/div>\n\t\t<div class=\"elementor-element elementor-element-667db2d e-con-full e-flex parallax_section_no qode_elementor_container_no e-con e-child\" data-id=\"667db2d\" data-element_type=\"container\">\n\t\t\t\t<div class=\"elementor-element elementor-element-5495043 elementor-widget elementor-widget-heading\" data-id=\"5495043\" data-element_type=\"widget\" data-widget_type=\"heading.default\">\n\t\t\t\t<div class=\"elementor-widget-container\">\n\t\t\t\t\t<h2 class=\"elementor-heading-title elementor-size-default\">Was ist Konfliktmediation?<\/h2>\t\t\t\t<\/div>\n\t\t\t\t<\/div>\n\t\t\t\t<div class=\"elementor-element elementor-element-dd32738 elementor-widget elementor-widget-text-editor\" data-id=\"dd32738\" data-element_type=\"widget\" data-widget_type=\"text-editor.default\">\n\t\t\t\t<div class=\"elementor-widget-container\">\n\t\t\t\t\t\t\t\t\t<p>Die Konfliktmediation ist ein <b>freiwilliger und rechtlich geregelter Proze\u00df<\/b>, in dem eine unparteiische Drittperson, der Mediator, die Kommunikation und Verhandlung zwischen den an einem Konflikt beteiligten Parteien erleichtert, mit dem Ziel, ihnen zu helfen, eine f\u00fcr beide Seiten akzeptable Vereinbarung zu erreichen.<\/p>\n<p>In diesem Verfahren trifft der Mediator keine Entscheidungen f\u00fcr die Parteien; vielmehr hilft er ihnen, sich besser zu verstehen, die jeweiligen Interessen und Bed\u00fcrfnisse zu erkennen und m\u00f6gliche L\u00f6sungen zu erkunden. <b>Die Mediation zielt darauf ab, Konflikte friedlich zu l\u00f6sen<\/b>, Eskalationen zu vermeiden und in vielen F\u00e4llen den R\u00fcckgriff auf rechtliche oder gerichtliche Wege zu verhindern. <\/p>\n<p>Mediation wird in einer Vielzahl von Kontexten angewendet, darunter <b>famili\u00e4re und pers\u00f6nliche Angelegenheiten, Arbeitswelt, Schule, Gesundheit, lokale Gemeinschaften und kommerzielle Konflikte<\/b>. Sie ist ein wirksames Instrument, um Streitigkeiten dialogorientiert zu bearbeiten und einvernehmliche sowie dauerhafte L\u00f6sungen zu f\u00f6rdern. <\/p>\t\t\t\t\t\t\t\t<\/div>\n\t\t\t\t<\/div>\n\t\t\t\t<div class=\"elementor-element elementor-element-2696c10 elementor-widget elementor-widget-heading\" data-id=\"2696c10\" data-element_type=\"widget\" data-widget_type=\"heading.default\">\n\t\t\t\t<div class=\"elementor-widget-container\">\n\t\t\t\t\t<h2 class=\"elementor-heading-title elementor-size-default\">Welchen rechtlichen Wert haben in der Mediation getroffene Vereinbarungen?<\/h2>\t\t\t\t<\/div>\n\t\t\t\t<\/div>\n\t\t\t\t<div class=\"elementor-element elementor-element-eae2e6c elementor-widget elementor-widget-text-editor\" data-id=\"eae2e6c\" data-element_type=\"widget\" data-widget_type=\"text-editor.default\">\n\t\t\t\t<div class=\"elementor-widget-container\">\n\t\t\t\t\t\t\t\t\t<p>Wenn Streitmediationsvereinbarungen \u201e\u00f6ffentlich gemacht\u201c werden, bedeutet dies, da\u00df die von den Beteiligten im Mediationsproze\u00df erzielte Vereinbarung formalisiert wird und zu einem rechtlich bindenden Dokument wird. Dieser Vorgang kann in verschiedenen Situationen erfolgen und h\u00e4ngt von der Gesetzgebung des jeweiligen Landes ab. In Spanien funktioniert dies wie folgt:  <\/p>\t\t\t\t\t\t\t\t<\/div>\n\t\t\t\t<\/div>\n\t\t\t\t<div class=\"elementor-element elementor-element-1de6bd3 elementor-widget elementor-widget-bridge_accordion\" data-id=\"1de6bd3\" data-element_type=\"widget\" data-widget_type=\"bridge_accordion.default\">\n\t\t\t\t<div class=\"elementor-widget-container\">\n\t\t\t\t\t\n        <div class=\"qode-accordion-holder clearfix qode-toggle qode-initial \">\n            <h3 class=\"clearfix qode-title-holder\">\n<span class=\"qode-tab-title\">\n\t\t\t<span class=\"qode-tab-title-icon\">\n\t\t\t\t\t<\/span>\n\t    <span class=\"qode-tab-title-inner\">\n        Formalisierung der Mediationsvereinbarung    <\/span>\n<\/span>\n<span class=\"qode-accordion-mark\">\n    <span class=\"qode-accordion-mark-icon\">\n        <span class=\"icon_plus\"><\/span>\n        <span class=\"icon_minus-06\"><\/span>\n    <\/span>\n<\/span>\n<\/h3>\n<div  class=\"qode-accordion-content \" style=\"background-image: url()\">\n    <div class=\"qode-accordion-content-inner\">\n        Erreichen die Parteien w\u00e4hrend der Mediation eine Einigung, kann diese Vereinbarung gerichtlich genehmigt oder vor einem Notar \u00f6ffentlich gemacht werden, wodurch sie zu einem offiziell rechtlich bindenden Dokument wird. Diese Vereinbarung hat die G\u00fcltigkeit eines Vertrags und kann entsprechend vollstreckt werden.    <\/div>\n<\/div><h3 class=\"clearfix qode-title-holder\">\n<span class=\"qode-tab-title\">\n\t\t\t<span class=\"qode-tab-title-icon\">\n\t\t\t\t\t<\/span>\n\t    <span class=\"qode-tab-title-inner\">\n        Gerichtliche Genehmigung    <\/span>\n<\/span>\n<span class=\"qode-accordion-mark\">\n    <span class=\"qode-accordion-mark-icon\">\n        <span class=\"icon_plus\"><\/span>\n        <span class=\"icon_minus-06\"><\/span>\n    <\/span>\n<\/span>\n<\/h3>\n<div  class=\"qode-accordion-content \" style=\"background-image: url()\">\n    <div class=\"qode-accordion-content-inner\">\n        In bestimmten F\u00e4llen k\u00f6nnen die Parteien nach Unterzeichnung der Mediationsvereinbarung beantragen, da\u00df diese von einem Richter genehmigt wird. Dieser Proliferationsproze\u00df hat das Ziel, der Vereinbarung die Wirkung eines gerichtlichen Urteils zu verleihen, soda\u00df sie wie eine gerichtliche Entscheidung vollstreckt werden kann.\nDie gerichtliche Genehmigung gibt den Parteien die Sicherheit, da\u00df die Vereinbarung gesetzeskonform vollstreckt wird und da\u00df Verst\u00f6\u00dfe gegen die Vereinbarung geahndet werden k\u00f6nnen \u2013 so wie es bei einem vom Gericht erlassenen Urteil der Fall w\u00e4re.    <\/div>\n<\/div><h3 class=\"clearfix qode-title-holder\">\n<span class=\"qode-tab-title\">\n\t\t\t<span class=\"qode-tab-title-icon\">\n\t\t\t\t\t<\/span>\n\t    <span class=\"qode-tab-title-inner\">\n        Vorteile der Erhebung einer Vereinbarung zur \u00f6ffentlichen Urkunde    <\/span>\n<\/span>\n<span class=\"qode-accordion-mark\">\n    <span class=\"qode-accordion-mark-icon\">\n        <span class=\"icon_plus\"><\/span>\n        <span class=\"icon_minus-06\"><\/span>\n    <\/span>\n<\/span>\n<\/h3>\n<div  class=\"qode-accordion-content \" style=\"background-image: url()\">\n    <div class=\"qode-accordion-content-inner\">\n        <ul><li><strong>Rechtssicherheit:<\/strong> Sie bietet gr\u00f6\u00dfere Sicherheit hinsichtlich der Einhaltung, da die Vereinbarung zu einem Dokument mit rechtlicher Wirkung wird.<\/li><li><strong>Vollstreckbarkeit:<\/strong> Sollte eine der Parteien die Vereinbarung nicht einhalten, kann sie zur Durchsetzung herangezogen werden.<\/li><li><strong>Schutz der Rechte der Parteien:<\/strong> Durch die formale Vereinbarung wird sichergestellt, da\u00df die Rechte der Parteien gesetzlich gesch\u00fctzt und respektiert werden.<\/li><\/ul>    <\/div>\n<\/div><h3 class=\"clearfix qode-title-holder\">\n<span class=\"qode-tab-title\">\n\t\t\t<span class=\"qode-tab-title-icon\">\n\t\t\t\t\t<\/span>\n\t    <span class=\"qode-tab-title-inner\">\n        H\u00e4ufige Anwendungsbereiche einer \u00f6ffentlich erhobenen Mediationsvereinbarung    <\/span>\n<\/span>\n<span class=\"qode-accordion-mark\">\n    <span class=\"qode-accordion-mark-icon\">\n        <span class=\"icon_plus\"><\/span>\n        <span class=\"icon_minus-06\"><\/span>\n    <\/span>\n<\/span>\n<\/h3>\n<div  class=\"qode-accordion-content \" style=\"background-image: url()\">\n    <div class=\"qode-accordion-content-inner\">\n        <ul><li><strong>Familienkonflikte:<\/strong> Zum Beispiel bei Scheidungen, Sorgerechtsvereinbarungen, Umgangsregelungen oder Unterhaltsfragen.<\/li><li><strong>Arbeitsrechtliche Streitigkeiten:<\/strong> Vereinbarungen zwischen Arbeitgeber und Arbeitnehmer.<\/li><li><strong>Kommerzielle Konflikte:<\/strong> Zwischen Unternehmen oder zwischen Verbrauchern und Lieferanten.<\/li><\/ul>    <\/div>\n<\/div>        <\/div>\n\n        \t\t\t\t<\/div>\n\t\t\t\t<\/div>\n\t\t\t\t<div class=\"elementor-element elementor-element-b9a36ab elementor-widget elementor-widget-text-editor\" data-id=\"b9a36ab\" data-element_type=\"widget\" data-widget_type=\"text-editor.default\">\n\t\t\t\t<div class=\"elementor-widget-container\">\n\t\t\t\t\t\t\t\t\t<p>Zusammenfassend bedeutet \u201eErhebung einer Mediationsvereinbarung zur \u00f6ffentlichen Urkunde\u201c, da\u00df die im Mediationsproze\u00df erzielte Vereinbarung formalisiert wird, soda\u00df sie rechtliche Wirkung erh\u00e4lt, ihre Einhaltung gesichert ist und sie rechtlich bindend wird.<\/p>\t\t\t\t\t\t\t\t<\/div>\n\t\t\t\t<\/div>\n\t\t\t\t<\/div>\n\t\t\t\t<\/div>\n\t\t\t\t<\/div>\n\t\t","protected":false},"excerpt":{"rendered":"<p>H\u00e4ufig gestellte Fragen H\u00e4ufig gestellte Fragen Mediations Dienstleistungen WEITERE INFORMATIONEN Blog No posts were found for provided query parameters. Was ist Konfliktmediation? Die Konfliktmediation ist ein freiwilliger und rechtlich geregelter Proze\u00df, in dem eine unparteiische Drittperson, der Mediator, die Kommunikation und Verhandlung zwischen den an&#8230;<\/p>\n","protected":false},"author":1,"featured_media":0,"parent":0,"menu_order":0,"comment_status":"closed","ping_status":"closed","template":"full_width.php","meta":{"footnotes":""},"class_list":["post-17354","page","type-page","status-publish","hentry"],"_links":{"self":[{"href":"https:\/\/mediadorconflictos.com\/de\/wp-json\/wp\/v2\/pages\/17354","targetHints":{"allow":["GET"]}}],"collection":[{"href":"https:\/\/mediadorconflictos.com\/de\/wp-json\/wp\/v2\/pages"}],"about":[{"href":"https:\/\/mediadorconflictos.com\/de\/wp-json\/wp\/v2\/types\/page"}],"author":[{"embeddable":true,"href":"https:\/\/mediadorconflictos.com\/de\/wp-json\/wp\/v2\/users\/1"}],"replies":[{"embeddable":true,"href":"https:\/\/mediadorconflictos.com\/de\/wp-json\/wp\/v2\/comments?post=17354"}],"version-history":[{"count":13,"href":"https:\/\/mediadorconflictos.com\/de\/wp-json\/wp\/v2\/pages\/17354\/revisions"}],"predecessor-version":[{"id":17416,"href":"https:\/\/mediadorconflictos.com\/de\/wp-json\/wp\/v2\/pages\/17354\/revisions\/17416"}],"wp:attachment":[{"href":"https:\/\/mediadorconflictos.com\/de\/wp-json\/wp\/v2\/media?parent=17354"}],"curies":[{"name":"wp","href":"https:\/\/api.w.org\/{rel}","templated":true}]}}