{"id":12773,"date":"2025-02-27T13:06:58","date_gmt":"2025-02-27T12:06:58","guid":{"rendered":"https:\/\/mediadorconflictos.com\/politica-de-privadesa\/"},"modified":"2025-05-14T11:33:34","modified_gmt":"2025-05-14T09:33:34","slug":"politica-privadesa","status":"publish","type":"page","link":"https:\/\/mediadorconflictos.com\/ca\/politica-privadesa\/","title":{"rendered":"Pol\u00edtica de Privadesa"},"content":{"rendered":"\t\t<div data-elementor-type=\"wp-page\" data-elementor-id=\"12773\" class=\"elementor elementor-12773 elementor-11256\">\n\t\t\t\t<div class=\"elementor-element elementor-element-cd91eed e-con-full e-flex parallax_section_no qode_elementor_container_no e-con e-parent\" data-id=\"cd91eed\" data-element_type=\"container\" data-settings=\"{&quot;background_background&quot;:&quot;classic&quot;}\">\n\t\t<div class=\"elementor-element elementor-element-3c4bd78 e-flex e-con-boxed parallax_section_no qode_elementor_container_no e-con e-child\" data-id=\"3c4bd78\" data-element_type=\"container\">\n\t\t\t\t\t<div class=\"e-con-inner\">\n\t\t\t\t<div class=\"elementor-element elementor-element-755d390 elementor-widget elementor-widget-heading\" data-id=\"755d390\" data-element_type=\"widget\" data-widget_type=\"heading.default\">\n\t\t\t\t<div class=\"elementor-widget-container\">\n\t\t\t\t\t<h1 class=\"elementor-heading-title elementor-size-default\">Pol\u00edtica de Privadesa<\/h1>\t\t\t\t<\/div>\n\t\t\t\t<\/div>\n\t\t\t\t<div class=\"elementor-element elementor-element-c87ddf0 elementor-widget elementor-widget-heading\" data-id=\"c87ddf0\" data-element_type=\"widget\" data-widget_type=\"heading.default\">\n\t\t\t\t<div class=\"elementor-widget-container\">\n\t\t\t\t\t<p class=\"elementor-heading-title elementor-size-default\">www.mediadorconflictos.com<\/p>\t\t\t\t<\/div>\n\t\t\t\t<\/div>\n\t\t\t\t\t<\/div>\n\t\t\t\t<\/div>\n\t\t\t\t<\/div>\n\t\t<div class=\"elementor-element elementor-element-1e58822 e-flex e-con-boxed parallax_section_no qode_elementor_container_no e-con e-parent\" data-id=\"1e58822\" data-element_type=\"container\">\n\t\t\t\t\t<div class=\"e-con-inner\">\n\t\t<div class=\"elementor-element elementor-element-c84e848 e-con-full e-flex parallax_section_no qode_elementor_container_no e-con e-child\" data-id=\"c84e848\" data-element_type=\"container\">\n\t\t\t\t<div class=\"elementor-element elementor-element-c1874e2 elementor-widget__width-initial elementor-widget-mobile__width-initial elementor-widget elementor-widget-text-editor\" data-id=\"c1874e2\" data-element_type=\"widget\" data-widget_type=\"text-editor.default\">\n\t\t\t\t<div class=\"elementor-widget-container\">\n\t\t\t\t\t\t\t\t\t<p>Aquesta pol\u00edtica de privacitat pot ser actualitzada o adaptada els canvis que es produeixin en la normativa o en la mateixa p\u00e0gina web. Preguem la llegeixi detingudament cada vegada que ens faciliti les seves dades personals.<\/p><p>La visita a aquest lloc web no implica que l&#8217;usuari estigui obligat a facilitar cap informaci\u00f3 personal. Tanmateix, durant la visita, \u00e9s possible que es demani informaci\u00f3 personal a trav\u00e9s de formularis, la qual l\u2019usuari podr\u00e0 facilitar volunt\u00e0riament.<\/p><p>Les dades que se sol\u00b7liciten en aquesta p\u00e0gina web s\u00f3n adequades, pertinents i estrictament necess\u00e0ries per poder prestar els serveis oferts i en cap cas estan obligats a proporcionar, encara que ha de saber que la no comunicaci\u00f3 pot afectar o impossibilitar la prestaci\u00f3 del servei.<\/p><p>El consentiment expr\u00e9s que proporciona a l\u2019acceptar aquesta pol\u00edtica de privacitat abans de facilitar informaci\u00f3 personal, ens dona les bases legals per al seu tractament. D&#8217;acord amb les normes del Reglament General de Protecci\u00f3 de Dades i dem\u00e9s normativa vigent, i basat en els principis de transpar\u00e8ncia, lleialtat i legalitat, detallem el tractament que es faran de les seves dades personals:<\/p>\t\t\t\t\t\t\t\t<\/div>\n\t\t\t\t<\/div>\n\t\t\t\t<div class=\"elementor-element elementor-element-c640019 elementor-widget__width-initial elementor-widget elementor-widget-heading\" data-id=\"c640019\" data-element_type=\"widget\" data-widget_type=\"heading.default\">\n\t\t\t\t<div class=\"elementor-widget-container\">\n\t\t\t\t\t<h2 class=\"elementor-heading-title elementor-size-default\">1. Responsable del tractament<\/h2>\t\t\t\t<\/div>\n\t\t\t\t<\/div>\n\t\t\t\t<div class=\"elementor-element elementor-element-4458388 elementor-widget__width-initial txt-gris elementor-widget elementor-widget-text-editor\" data-id=\"4458388\" data-element_type=\"widget\" data-widget_type=\"text-editor.default\">\n\t\t\t\t<div class=\"elementor-widget-container\">\n\t\t\t\t\t\t\t\t\t<p>Les seves dades personals formaran part d\u2019un fitxer anomenat Usuaris web, el responsable del qual i del seu tractament \u00e9s:06<\/p>\t\t\t\t\t\t\t\t<\/div>\n\t\t\t\t<\/div>\n\t\t\t\t<div class=\"elementor-element elementor-element-2def855 elementor-widget__width-initial txt-gris elementor-widget elementor-widget-text-editor\" data-id=\"2def855\" data-element_type=\"widget\" data-widget_type=\"text-editor.default\">\n\t\t\t\t<div class=\"elementor-widget-container\">\n\t\t\t\t\t\t\t\t\t<ul><li>DANIEL SEREROLS VILLAL\u00d3N<\/li><li>CIF: 38084608N<\/li><li>Domicili social: Pla\u00e7a de la Farga 3 de Barcelona, 08014, Barcelona<\/li><li>Email: daniel@mediadorconflictos.com<\/li><li>Tel\u00e8fon: 661463306<\/li><\/ul>\t\t\t\t\t\t\t\t<\/div>\n\t\t\t\t<\/div>\n\t\t\t\t<div class=\"elementor-element elementor-element-6a58720 elementor-widget__width-initial elementor-widget elementor-widget-heading\" data-id=\"6a58720\" data-element_type=\"widget\" data-widget_type=\"heading.default\">\n\t\t\t\t<div class=\"elementor-widget-container\">\n\t\t\t\t\t<h2 class=\"elementor-heading-title elementor-size-default\">2. Finalitat, legitimaci\u00f3 i conservaci\u00f3 de les dades<\/h2>\t\t\t\t<\/div>\n\t\t\t\t<\/div>\n\t\t\t\t<div class=\"elementor-element elementor-element-284b3ad elementor-widget__width-initial txt-gris elementor-widget elementor-widget-text-editor\" data-id=\"284b3ad\" data-element_type=\"widget\" data-widget_type=\"text-editor.default\">\n\t\t\t\t<div class=\"elementor-widget-container\">\n\t\t\t\t\t\t\t\t\t<p><b>2.1. TRACTAMENT DE LES DADES DELS USUARIS DEL FORMULARI DE CONTACTE<\/b><\/p><p>Finalitat del Tractament de les dades dels usuaris del formulari de contacte:<\/p><ul><li>Gestionar i atendre les sol\u00b7licituds d&#8217;informaci\u00f3 i\/o consultes que els usuaris del formulari de contacte de la web ens envi\u00efn.<\/li><li>Gestionar l&#8217;enviament de la informaci\u00f3 que ens sol\u00b7licitin i, en els casos que sigui procedent, facilitar-los ofertes dels productes i\/o serveis d&#8217;DANIEL SEREROLS VILLAL\u00d3N dels quals ens hagin manifestat el seu inter\u00e8s.<\/li><\/ul><p>DANIEL SEREROLS VILLAL\u00d3N no prendr\u00e0 decisions automatitzades sobre la base del perfil.<\/p><ul><li>Legitimaci\u00f3 per al tractament de les dades dels usuaris del formulari de contacte: consentiment de l&#8217;interessat.<\/li><\/ul><p>La base legal per al tractament de les dades dels usuaris del formulari de contacte \u00e9s l&#8217;obtenci\u00f3 del seu consentiment, que ens ser\u00e0 prestat en el moment d&#8217;emplenar i enviar-nos el formulari de contacte.<\/p><p><span style=\"text-align: var(--text-align);\"><br \/>Per\u00edode de conservaci\u00f3 de les dades dels usuaris del formulari de contacte de la web:<\/span><\/p><ul><li>Conservarem les dades dels usuaris del formulari de contacte de la web, durant el termini de 5 anys a partir de la darrera confirmaci\u00f3 d&#8217;inter\u00e8s per part seva sobre els nostres productes o serveis, mentre no ens sol\u00b7liciti la supressi\u00f3 de les seves dades.<\/li><\/ul><p><strong>\u00a0<\/strong><\/p><p><strong>2.2. TRACTAMENT DE LES DADES DE CLIENTS I PROVE\u00cfDORS:<\/strong><\/p><ul><li>Finalitat del Tractament de les dades de clients i prove\u00efdors: Gestionar la relaci\u00f3 comercial existent, dur a terme i\/o subcontractar els serveis que ens contractin els nostres clients i dur a terme les gestions comptables fiscals i administratives de l&#8217;empresa.<\/li><li>Legitimaci\u00f3 per al tractament: La base legal per al tractament de les dades de clients i prove\u00efdors \u00e9s l&#8217;exist\u00e8ncia i l&#8217;execuci\u00f3 de contractes de prestaci\u00f3 de serveis i\/o compravenda de mercaderies.<\/li><li>Per\u00edode de conservaci\u00f3 de les dades: Conservem les dades els prove\u00efdors mentre es duguin a terme accions i relacions comercials i durant els anys necessaris per complir les nostres obligacions legals i\/o fiscals derivades d&#8217;aquestes relacions contractuals.<\/li><\/ul><p><strong>\u00a0<\/strong><\/p><p><strong>2.3.TRACTAMENT DE LES DADES DELS DESTINATARIS DE LA NEWSLETTER I COMUNICACIONS COMERCIALS DE DANIEL SEREROLS VILLAL\u00d3N<\/strong><\/p><p>Finalitat del Tractament de les dades dels subscriptors a la Newsletter i comunicacions comercials:<\/p><ul><li>Gestionar la subscripci\u00f3 i la remissi\u00f3 de la Newsleter i comunicacions comercials de DANIEL SEREROLS VILLAL\u00d3N.<\/li><li>Legitimaci\u00f3 per al tractament de les dades dels destinataris de la Newsletter: Consentiment de linteressat.<\/li><\/ul><p>La base legal per al tractament de les dades dels destinataris de la Newsletter i comunicacions comercials \u00e9s l&#8217;obtenci\u00f3 del consentiment inequ\u00edvoc del destinatari de la newsletter o comunicacions comercials, mitjan\u00e7ant la subscripci\u00f3.<\/p><p>D&#8217;altra banda, la base legal per al tractament i la remissi\u00f3 de les Newsletters que DANIEL SEREROLS VILLAL\u00d3N pugui realitzar amb destinaci\u00f3 als seus CLIENTS \u00e9s l&#8217;inter\u00e8s leg\u00edtim de DANIEL SEREROLS VILLAL\u00d3N, excepte a el cas que hagin manifestat el seu inter\u00e8s de ser donats de baixa, enviant un correu electr\u00f2nic a daniel@mediadorconflictos.com.<\/p><p><b>Per\u00edode de conservaci\u00f3 de les dades dels destinataris de la Newsletter i comunicacions comercials:<br \/><\/b>DANIEL SEREROLS VILLAL\u00d3N conservar\u00e0 les dades personals dels destinataris de la newsletter i comunicacions comercials de DANIEL SEREROLS VILLAL\u00d3N necess\u00e0ries per a la remissi\u00f3 de la newsletter i altres comunicacions comercials per termini indefinit, llevat que ens sol\u00b7licitin la baixa del servei de recepci\u00f3 de Newsletters i altres comunicacions comercials per escrit a daniel@mediadorconflictos.com amb c\u00f2pia del seu DNI.<\/p><p><strong>2.4. TRASTAMENT DE DADES DE MENORS D&#8217;EDAT<\/strong><\/p><p>Segons l&#8217;article 6 apartat f, i l&#8217;article 8, apartat 1, del RGPD-UE-2016\/679, i per la LOPD-3\/2018, de Garantia dels Drets Digitals a l&#8217;article 84, (protecci\u00f3 dels menors en Internet), quan l&#8217;interessat sigui un menor de 16 anys, no podr\u00e0 prestar el seu consentiment perqu\u00e8 un comer\u00e7 en l\u00ednia reculli les seves dades personals.<\/p><p>Aquest tractament \u00fanicament es considerar\u00e0 l\u00edcit si el consentiment el va donar o va autoritzar el titular o titulars de la p\u00e0tria potestat o tutela sobre el menor, havent de disposar dels mitjans per obtenir el consentiment expl\u00edcit dels seus pares o tutors, llevat que el menor tingui com a m\u00ednim 16 anys complerts quan ser\u00e0 l\u00edcit el seu consentiment.<\/p><p><strong>2.5. BASE JUR\u00cdDICA PER AL TRACTAMENT DE DADES<\/strong><\/p><p>En compliment del Reglament (UE) 2016\/679 i de la Llei Org\u00e0nica de Protecci\u00f3 de Dades de Car\u00e0cter Personal, us comuniquem que les vostres dades personals poden ser objecte d&#8217;alguns dels tractaments seg\u00fcents:<\/p><p><strong>TR04 \u2013<\/strong> Campanyes publicit\u00e0ries (Base legal: Llei 34\/1988, de 11 de novembre, General de Publicitat.)<br \/><strong>TR08 \u2013<\/strong> Demanar l&#8217;opini\u00f3 dels interessats (Base legal: Reglament (UE) 2016\/679 de protecci\u00f3 de dades i LOPD.)<br \/><strong>TR03 \u2013<\/strong> Selecci\u00f3 de personal propi (Base legal: Reial Decret Legislatiu 3\/2015, de 23 d&#8217;octubre, per el que s&#8217;aprova el text ref\u00f3s de la llei d&#8217;ocupaci\u00f3.)<br \/><strong>TG01 \u2013<\/strong> Gesti\u00f3 comptable i de llibres pr\u00f2pia, en qualitat de responsable. (Base legal: Reial Decret 1514\/2007, de 16 de Novembre, pel qual es regula el Pla General Contable.)<br \/><strong>TG25 \u2013<\/strong> Recollida de dades per a la gesti\u00f3 fiscal pr\u00f2pia (Base legal: Llei 58\/2003, de 17 de desembre, General Tribut\u00e0ria.)<br \/><strong>TG12 \u2013 <\/strong> Gesti\u00f3 laboral pr\u00f2pia: recollida de dades (Base legal: Reial Decret Legislatiu 1\/1994, de 20 de juny, pel qual s&#8217;aprova el Text Ref\u00f3s de la Llei General de la Seguretat Social.)<br \/><strong>TR09 \u2013<\/strong> Seguretats sobre mesures t\u00e8cniques i organitzatives en el programari aplicat (Base legal: Reglament (UE) 2016\/679 de protecci\u00f3 de dades i LOPD.)<br \/><strong>TE08 \u2013<\/strong> Protecci\u00f3 de Dades Personals (Base legal: Reglament (UE) 2016\/679 i Llei Org\u00e0nica 3\/2018.)<br \/><strong>TE02 \u2013<\/strong> Prevenci\u00f3 de riscos laborals (Base legal: Llei 31\/1995, de 8 de novembre, de prevenci\u00f3 de riscos laborals.)<br \/><strong>TE07 \u2013<\/strong> Destrucci\u00f3 de documents (Base legal: Reglament (UE) 2016\/679)<br \/><strong>TV01 \u2013<\/strong> Vendes \/ Prestaci\u00f3 de Serveis (Base legal: Legislaci\u00f3 Mercantil i Fiscal)<br \/><strong>TE03 \u2013 <\/strong>Servei de transport i\/o enviaments de paquets (Base legal: Reial Decret de 22 d&#8217;agost de 1885 pel qual es publica el Codi de Comer\u00e7.)<br \/><strong>TR05 \u2013<\/strong> Correus electr\u00f2nics (Base legal: Codi de comer\u00e7 i la resta de legislaci\u00f3 aplicable.)<br \/><strong>TR01 &#8211;<\/strong> Sol\u00b7licituds d&#8217;informaci\u00f3 rebudes (Base legal: Codi de comer\u00e7 i altres disposicions mercantils.)<br \/><strong>TR07 &#8211;<\/strong> Gesti\u00f3 d&#8217;incid\u00e8ncies i\/o violacions de seguretat (Base legal: Reglament (UE) 2016\/679 de protecci\u00f3 de dades i LOPD.)<br \/><strong>TE04 &#8211;<\/strong> Gesti\u00f3 d&#8217;assumptes jur\u00eddics propis (Base legal: Legislaci\u00f3 mercantil i laboral aplicable.) TE01 \u2013 Manteniment dels sistemes inform\u00e0tics (Base legal: Codi de comer\u00e7.)<\/p><p>Vost\u00e8 pot retirar el seu consentiment per a qualsevol finalitat concreta que hagi acceptat pr\u00e8viament sense que tingui afectaci\u00f3 a la licitud del tractament basat en aquest consentiment.<\/p>\t\t\t\t\t\t\t\t<\/div>\n\t\t\t\t<\/div>\n\t\t\t\t<div class=\"elementor-element elementor-element-d6afed2 elementor-widget__width-initial elementor-widget elementor-widget-heading\" data-id=\"d6afed2\" data-element_type=\"widget\" data-widget_type=\"heading.default\">\n\t\t\t\t<div class=\"elementor-widget-container\">\n\t\t\t\t\t<h2 class=\"elementor-heading-title elementor-size-default\">3. Cessi\u00f3 de les dades<\/h2>\t\t\t\t<\/div>\n\t\t\t\t<\/div>\n\t\t\t\t<div class=\"elementor-element elementor-element-010413f elementor-widget__width-initial txt-gris elementor-widget elementor-widget-text-editor\" data-id=\"010413f\" data-element_type=\"widget\" data-widget_type=\"text-editor.default\">\n\t\t\t\t<div class=\"elementor-widget-container\">\n\t\t\t\t\t\t\t\t\t<p>Les seves dades no seran comunicades a tercers, excepte als socis de negoci sempre que aquesta cessi\u00f3 comporti una millora del servei per al qual es van cedir, existeixi obligaci\u00f3 legal o s\u2019hagu\u00e9s informat expl\u00edcitament.<\/p>\t\t\t\t\t\t\t\t<\/div>\n\t\t\t\t<\/div>\n\t\t\t\t<div class=\"elementor-element elementor-element-d192a80 elementor-widget__width-initial elementor-widget elementor-widget-heading\" data-id=\"d192a80\" data-element_type=\"widget\" data-widget_type=\"heading.default\">\n\t\t\t\t<div class=\"elementor-widget-container\">\n\t\t\t\t\t<h2 class=\"elementor-heading-title elementor-size-default\">4. Drets de l'usuari sobre les dades personals<\/h2>\t\t\t\t<\/div>\n\t\t\t\t<\/div>\n\t\t\t\t<div class=\"elementor-element elementor-element-213d23e elementor-widget__width-initial txt-gris elementor-widget elementor-widget-text-editor\" data-id=\"213d23e\" data-element_type=\"widget\" data-widget_type=\"text-editor.default\">\n\t\t\t\t<div class=\"elementor-widget-container\">\n\t\t\t\t\t\t\t\t\t<p>Li informem dels drets de qu\u00e8 disposa al cedir-nos les seves dades personals:<\/p><ul><li>Dret d&#8217;acc\u00e9s: \u00c9s el dret de l&#8217;usuari a obtenir informaci\u00f3 sobre les vostres dades concretes de car\u00e0cter personal i del tractament que s&#8217;hagi realitzat o realitzi, aix\u00ed com de la informaci\u00f3 disponible sobre l&#8217;origen d&#8217;aquestes dades i les comunicacions realitzades o previstes mateixos.<\/li><li>Dret de Rectificaci\u00f3: \u00c9s el dret de l&#8217;afectat a qu\u00e8 es modifiquin les dades que resultin ser inexactes o incompletes. Nom\u00e9s es podr\u00e0 satisfer en relaci\u00f3 amb aquella informaci\u00f3 que estigui sota el control de DANIEL SEREROLS VILLAL\u00d3N, per exemple, eliminar comentaris publicats a la pr\u00f2pia p\u00e0gina, imatges o continguts web on constin dades de car\u00e0cter personal de l&#8217;usuari.<\/li><li>Dret a la Limitaci\u00f3 de tractament: \u00c9s el dret que es limitin les finalitats del tractament previstes de forma original pel responsable del tractament.<\/li><li>Dret de Supressi\u00f3: \u00c9s el dret a suprimir les dades de car\u00e0cter personal de l&#8217;usuari, a excepci\u00f3 del que preveu el mateix RGPD o altres normatives aplicables que determinin l&#8217;obligatorietat de la seva conservaci\u00f3, en temps i forma.<\/li><li>Dret de portabilitat: El dret a rebre les dades personals que l&#8217;usuari hagi facilitat, en un format estructurat, d&#8217;\u00fas com\u00fa i de lectura mec\u00e0nica, ia transmetre-les a un altre responsable.<\/li><li>Dret d&#8217;Oposici\u00f3: \u00c9s el dret de l&#8217;usuari que no es dugui a terme el tractament de les vostres dades de car\u00e0cter personal.<\/li><\/ul><p>\u00a0<\/p><p>Pot exercir qualsevol d&#8217;aquests drets per escrit al nostre domicili o per correu electr\u00f2nic daniel@mediadorconflictos.com.<\/p><p><span style=\"font-weight: 400;\">T\u00e9 m\u00e9s informaci\u00f3 sobre els seus drets i formes d&#8217;exercir-los a la web de l&#8217;Ag\u00e8ncia Espanyola de protecci\u00f3 de dades <\/span><span style=\"font-weight: 400;\">www.agpd.es\u00a0<\/span><\/p>\t\t\t\t\t\t\t\t<\/div>\n\t\t\t\t<\/div>\n\t\t\t\t<div class=\"elementor-element elementor-element-b4e6768 elementor-widget__width-initial elementor-widget elementor-widget-heading\" data-id=\"b4e6768\" data-element_type=\"widget\" data-widget_type=\"heading.default\">\n\t\t\t\t<div class=\"elementor-widget-container\">\n\t\t\t\t\t<h2 class=\"elementor-heading-title elementor-size-default\">5. Xarxes socials<\/h2>\t\t\t\t<\/div>\n\t\t\t\t<\/div>\n\t\t\t\t<div class=\"elementor-element elementor-element-ed4bcef elementor-widget__width-initial txt-gris elementor-widget elementor-widget-text-editor\" data-id=\"ed4bcef\" data-element_type=\"widget\" data-widget_type=\"text-editor.default\">\n\t\t\t\t<div class=\"elementor-widget-container\">\n\t\t\t\t\t\t\t\t\t<p>La visita als perfils p\u00fablics de DANIEL SEREROLS VILLAL\u00d3N en xarxes socials no suposa la captaci\u00f3 de dades personals, tret que s&#8217;autoritzi expressament.<\/p><p>L&#8217;usuari disposa d&#8217;un perfil a la mateixa Xarxa Social i ha decidit unir-se a la p\u00e0gina creada per DANIEL SEREROLS VILLAL\u00d3N, mostrant aix\u00ed inter\u00e8s en la informaci\u00f3 que es publiciti a la Xarxa. En unir-se a la nostra p\u00e0gina, ens facilita el seu consentiment per al tractament d&#8217;aquelles dades personals publicades al seu perfil.<\/p><p>L&#8217;usuari pot accedir en tot moment a les pol\u00edtiques de privadesa de la pr\u00f2pia Xarxa Social, aix\u00ed com configurar el seu perfil per garantir la seva privadesa.<\/p><p>DANIEL SEREROLS VILLAL\u00d3N t\u00e9 acc\u00e9s i tracta aquella informaci\u00f3 p\u00fablica de l&#8217;usuari, en especial, el nom de contacte. Aquestes dades nom\u00e9s s\u00f3n utilitzades dins de la pr\u00f2pia Xarxa Social. No s\u00f3n incorporats a cap fitxer.<\/p><p>DANIEL SEREROLS VILLAL\u00d3N realitzar\u00e0 les actuacions seg\u00fcents:<\/p><ul><li>Acc\u00e9s a la informaci\u00f3 p\u00fablica del perfil.<\/li><li>Publicaci\u00f3 al perfil de l&#8217;usuari de tota aquella informaci\u00f3 ja publicada a la p\u00e0gina de DANIEL SEREROLS VILLAL\u00d3N.<\/li><li>Enviar missatges personals i individuals a trav\u00e9s dels canals de la Xarxa Social.<\/li><li>Actualitzacions de l&#8217;estat de la p\u00e0gina que es publicaran al perfil de l&#8217;usuari.<\/li><\/ul><p>\u00a0<\/p><p>L&#8217;usuari sempre pot controlar les connexions, eliminar els continguts que deixin d&#8217;interessar-li i restringir amb qui comparteix les connexions, per aix\u00f2 haur\u00e0 d&#8217;accedir a la seva configuraci\u00f3 de privadesa.<\/p>\t\t\t\t\t\t\t\t<\/div>\n\t\t\t\t<\/div>\n\t\t\t\t<div class=\"elementor-element elementor-element-48c11c2 elementor-widget__width-initial elementor-widget elementor-widget-heading\" data-id=\"48c11c2\" data-element_type=\"widget\" data-widget_type=\"heading.default\">\n\t\t\t\t<div class=\"elementor-widget-container\">\n\t\t\t\t\t<h2 class=\"elementor-heading-title elementor-size-default\">6. Protecci\u00f3 i confidencialitat de les seves dades<\/h2>\t\t\t\t<\/div>\n\t\t\t\t<\/div>\n\t\t\t\t<div class=\"elementor-element elementor-element-02adbb4 elementor-widget__width-initial txt-gris elementor-widget elementor-widget-text-editor\" data-id=\"02adbb4\" data-element_type=\"widget\" data-widget_type=\"text-editor.default\">\n\t\t\t\t<div class=\"elementor-widget-container\">\n\t\t\t\t\t\t\t\t\t<p>Fem servir mesures t\u00e8cniques i organitzatives per garantir la seguretat i confidencialitat de les seves dades  personals, evitant la seva p\u00e8rdua, alteraci\u00f3 i tractament no autoritzat. El nostre personal ha estat entrenat  i ha pres el comprom\u00eds de confidencialitat per al seu tractament.<\/p>\t\t\t\t\t\t\t\t<\/div>\n\t\t\t\t<\/div>\n\t\t\t\t<div class=\"elementor-element elementor-element-6208905 elementor-widget__width-initial elementor-widget elementor-widget-heading\" data-id=\"6208905\" data-element_type=\"widget\" data-widget_type=\"heading.default\">\n\t\t\t\t<div class=\"elementor-widget-container\">\n\t\t\t\t\t<h2 class=\"elementor-heading-title elementor-size-default\">7. Enviament de comunicacions<\/h2>\t\t\t\t<\/div>\n\t\t\t\t<\/div>\n\t\t\t\t<div class=\"elementor-element elementor-element-feef353 elementor-widget__width-initial txt-gris elementor-widget elementor-widget-text-editor\" data-id=\"feef353\" data-element_type=\"widget\" data-widget_type=\"text-editor.default\">\n\t\t\t\t<div class=\"elementor-widget-container\">\n\t\t\t\t\t\t\t\t\t<p>Les dades utilitzades o facilitades a les comunicacions informatives i \/ o promocionals s\u00f3n tractats per DANIEL SEREROLS VILLAL\u00d3N per a finalitats consistents en l&#8217;enviament electr\u00f2nic d&#8217;informaci\u00f3 i comunicacions sobre serveis, activitats, publicacions i esdeveniments socials i professionals de DANIEL SEREROLS VILLAL\u00d3N o de tercers de la seva xarxa; el seguiment i optimitzaci\u00f3 de les campanyes de m\u00e0rqueting realitzades mitjan\u00e7ant tecnologies a l&#8217;efecte; i l&#8217;elaboraci\u00f3 de perfils amb finalitats comercials.<\/p><p>Constitueix base jur\u00eddica dels referits tractaments el consentiment expr\u00e9s atorgat per l&#8217;Usuari. El consentiment per a l&#8217;enviament d&#8217;aquestes comunicacions podr\u00e0 ser revocat en tot moment en cadascuna de les comunicacions rebudes mitjan\u00e7ant el mecanisme habilitat a l&#8217;efecte. El criteri de conservaci\u00f3 de les dades tindr\u00e0 base a la manifestaci\u00f3 contr\u00e0ria al tractament per part seva.<\/p><p>En tot cas, es poden exercir els drets d&#8217;acc\u00e9s, rectificaci\u00f3, supressi\u00f3, oposici\u00f3, limitaci\u00f3 de l&#8217;tractament i portabilitat, quan sigui aplicable, mitjan\u00e7ant correu electr\u00f2nic a daniel@mediadorconflictos.com. En cas de no obtenir satisfacci\u00f3 en l&#8217;exercici dels seus drets, podr\u00e0 presentar una reclamaci\u00f3 davant l&#8217;Ag\u00e8ncia\u00a0<span style=\"font-weight: 400;\">Espanyola de Protecci\u00f3 de Dades a trav\u00e9s de la seva seu electr\u00f2nica, en presentaci\u00f3 d&#8217;una reclamaci\u00f3 de tutela de drets.<\/span><\/p>\t\t\t\t\t\t\t\t<\/div>\n\t\t\t\t<\/div>\n\t\t\t\t<\/div>\n\t\t\t\t\t<\/div>\n\t\t\t\t<\/div>\n\t\t\t\t<\/div>\n\t\t","protected":false},"excerpt":{"rendered":"<p>Pol\u00edtica de Privadesa www.mediadorconflictos.com Aquesta pol\u00edtica de privacitat pot ser actualitzada o adaptada els canvis que es produeixin en la normativa o en la mateixa p\u00e0gina web. Preguem la llegeixi detingudament cada vegada que ens faciliti les seves dades personals. La visita a aquest lloc&#8230;<\/p>\n","protected":false},"author":1,"featured_media":0,"parent":0,"menu_order":0,"comment_status":"closed","ping_status":"closed","template":"elementor_header_footer","meta":{"footnotes":""},"class_list":["post-12773","page","type-page","status-publish","hentry"],"_links":{"self":[{"href":"https:\/\/mediadorconflictos.com\/ca\/wp-json\/wp\/v2\/pages\/12773","targetHints":{"allow":["GET"]}}],"collection":[{"href":"https:\/\/mediadorconflictos.com\/ca\/wp-json\/wp\/v2\/pages"}],"about":[{"href":"https:\/\/mediadorconflictos.com\/ca\/wp-json\/wp\/v2\/types\/page"}],"author":[{"embeddable":true,"href":"https:\/\/mediadorconflictos.com\/ca\/wp-json\/wp\/v2\/users\/1"}],"replies":[{"embeddable":true,"href":"https:\/\/mediadorconflictos.com\/ca\/wp-json\/wp\/v2\/comments?post=12773"}],"version-history":[{"count":7,"href":"https:\/\/mediadorconflictos.com\/ca\/wp-json\/wp\/v2\/pages\/12773\/revisions"}],"predecessor-version":[{"id":13534,"href":"https:\/\/mediadorconflictos.com\/ca\/wp-json\/wp\/v2\/pages\/12773\/revisions\/13534"}],"wp:attachment":[{"href":"https:\/\/mediadorconflictos.com\/ca\/wp-json\/wp\/v2\/media?parent=12773"}],"curies":[{"name":"wp","href":"https:\/\/api.w.org\/{rel}","templated":true}]}}