{"id":12771,"date":"2025-02-27T13:16:06","date_gmt":"2025-02-27T12:16:06","guid":{"rendered":"https:\/\/mediadorconflictos.com\/politica-de-cookies\/"},"modified":"2025-05-14T11:32:22","modified_gmt":"2025-05-14T09:32:22","slug":"politica-de-cookies","status":"publish","type":"page","link":"https:\/\/mediadorconflictos.com\/ca\/politica-de-cookies\/","title":{"rendered":"Pol\u00edtica de Cookies"},"content":{"rendered":"\t\t<div data-elementor-type=\"wp-page\" data-elementor-id=\"12771\" class=\"elementor elementor-12771 elementor-11274\">\n\t\t\t\t<div class=\"elementor-element elementor-element-78ab746 e-con-full e-flex parallax_section_no qode_elementor_container_no e-con e-parent\" data-id=\"78ab746\" data-element_type=\"container\" data-settings=\"{&quot;background_background&quot;:&quot;classic&quot;}\">\n\t\t<div class=\"elementor-element elementor-element-36271b6 e-flex e-con-boxed parallax_section_no qode_elementor_container_no e-con e-child\" data-id=\"36271b6\" data-element_type=\"container\">\n\t\t\t\t\t<div class=\"e-con-inner\">\n\t\t\t\t<div class=\"elementor-element elementor-element-3d38cee elementor-widget elementor-widget-heading\" data-id=\"3d38cee\" data-element_type=\"widget\" data-widget_type=\"heading.default\">\n\t\t\t\t<div class=\"elementor-widget-container\">\n\t\t\t\t\t<h1 class=\"elementor-heading-title elementor-size-default\">Pol\u00edtica de Cookies<\/h1>\t\t\t\t<\/div>\n\t\t\t\t<\/div>\n\t\t\t\t<div class=\"elementor-element elementor-element-c074539 elementor-widget elementor-widget-heading\" data-id=\"c074539\" data-element_type=\"widget\" data-widget_type=\"heading.default\">\n\t\t\t\t<div class=\"elementor-widget-container\">\n\t\t\t\t\t<p class=\"elementor-heading-title elementor-size-default\">www.mediadorconflictos.com<\/p>\t\t\t\t<\/div>\n\t\t\t\t<\/div>\n\t\t\t\t\t<\/div>\n\t\t\t\t<\/div>\n\t\t\t\t<\/div>\n\t\t<div class=\"elementor-element elementor-element-9e4a11e e-flex e-con-boxed parallax_section_no qode_elementor_container_no e-con e-parent\" data-id=\"9e4a11e\" data-element_type=\"container\">\n\t\t\t\t\t<div class=\"e-con-inner\">\n\t\t<div class=\"elementor-element elementor-element-489244e e-con-full e-flex parallax_section_no qode_elementor_container_no e-con e-child\" data-id=\"489244e\" data-element_type=\"container\">\n\t\t\t\t<div class=\"elementor-element elementor-element-7b0fdf5 elementor-widget__width-initial elementor-widget-mobile__width-initial elementor-widget elementor-widget-text-editor\" data-id=\"7b0fdf5\" data-element_type=\"widget\" data-widget_type=\"text-editor.default\">\n\t\t\t\t<div class=\"elementor-widget-container\">\n\t\t\t\t\t\t\t\t\t<p>Aquest lloc web utilitza galetes (cookies) pr\u00f2pies i de tercers per avaluar i millorar experi\u00e8ncia de navegaci\u00f3  dels usuaris. A trav\u00e9s d&#8217;aquesta pol\u00edtica de galetes, detallem l&#8217;\u00fas que fem:<\/p>\t\t\t\t\t\t\t\t<\/div>\n\t\t\t\t<\/div>\n\t\t\t\t<div class=\"elementor-element elementor-element-40af28e elementor-widget__width-initial elementor-widget elementor-widget-heading\" data-id=\"40af28e\" data-element_type=\"widget\" data-widget_type=\"heading.default\">\n\t\t\t\t<div class=\"elementor-widget-container\">\n\t\t\t\t\t<h2 class=\"elementor-heading-title elementor-size-default\">Qu\u00e8 s\u00f3n les Cookies?<\/h2>\t\t\t\t<\/div>\n\t\t\t\t<\/div>\n\t\t\t\t<div class=\"elementor-element elementor-element-e8935ba elementor-widget__width-initial elementor-widget-mobile__width-initial elementor-widget elementor-widget-text-editor\" data-id=\"e8935ba\" data-element_type=\"widget\" data-widget_type=\"text-editor.default\">\n\t\t\t\t<div class=\"elementor-widget-container\">\n\t\t\t\t\t\t\t\t\t<p>Les cookies s\u00f3n petits arxius de dades que es reben en el terminal des del lloc web visitat i s\u2019utilitzen per registrar certes interaccions de la navegaci\u00f3 en un lloc web emmagatzemant dades que podran ser actualitzades i recuperades. Aquests arxius s\u2019emmagatzemen a l\u2019ordinador de l\u2019usuari i contenen dades an\u00f2nimes que no s\u00f3n perjudicials per al seu equip. S\u2019utilitzen per recordar les prefer\u00e8ncies de l\u2019usuari, com ara l\u2019idioma seleccionat, les dades d\u2019acc\u00e9s o la personalitzaci\u00f3 de la p\u00e0gina.<\/p><p>Les cookies tamb\u00e9 es poden utilitzar per registrar informaci\u00f3 an\u00f2nima sobre com un visitant utilitza un lloc. Per exemple, des de quina p\u00e0gina web hi ha accedit o si ha utilitzat un b\u00e0ner publicitari per arribar-hi.<\/p>\t\t\t\t\t\t\t\t<\/div>\n\t\t\t\t<\/div>\n\t\t\t\t<div class=\"elementor-element elementor-element-89dd8e4 elementor-widget__width-initial elementor-widget elementor-widget-heading\" data-id=\"89dd8e4\" data-element_type=\"widget\" data-widget_type=\"heading.default\">\n\t\t\t\t<div class=\"elementor-widget-container\">\n\t\t\t\t\t<h2 class=\"elementor-heading-title elementor-size-default\">Per qu\u00e8 utilitzem Cookies?<\/h2>\t\t\t\t<\/div>\n\t\t\t\t<\/div>\n\t\t\t\t<div class=\"elementor-element elementor-element-5f1cd47 elementor-widget__width-initial elementor-widget-mobile__width-initial elementor-widget elementor-widget-text-editor\" data-id=\"5f1cd47\" data-element_type=\"widget\" data-widget_type=\"text-editor.default\">\n\t\t\t\t<div class=\"elementor-widget-container\">\n\t\t\t\t\t\t\t\t\t<p>Utilitzem les cookies estrictament necess\u00e0ries i essencials perqu\u00e8 vost\u00e8 utilitzi els nostres llocs web i es  pugui moure lliurement, utilitzar \u00e0rees segures, opcions personalitzades, etc. A m\u00e9s a m\u00e9s, utilitzem  cookies que recullen dades relatives a l\u2019an\u00e0lisi d\u2019\u00fas del web. Aquestes s\u2019utilitzen per ajudar a millorar el  servei al client, mesurant l\u2019\u00fas i el rendiment de la p\u00e0gina per tal d\u2019optimitzar-la i personalitzar-la.<\/p><p>Els nostres llocs tamb\u00e9 poden tenir enlla\u00e7os de xarxes socials (com Facebook o Twitter). No controlem les  cookies utilitzades per aquests webs externs. Per a m\u00e9s informaci\u00f3 sobre les cookies de les xarxes socials  o altres webs aliens, li aconsellem revisar les seves pol\u00edtiques de cookies. <\/p>\t\t\t\t\t\t\t\t<\/div>\n\t\t\t\t<\/div>\n\t\t\t\t<div class=\"elementor-element elementor-element-2ffae1f elementor-widget__width-initial elementor-widget elementor-widget-heading\" data-id=\"2ffae1f\" data-element_type=\"widget\" data-widget_type=\"heading.default\">\n\t\t\t\t<div class=\"elementor-widget-container\">\n\t\t\t\t\t<h2 class=\"elementor-heading-title elementor-size-default\">Quin \u00fas donem als diferents tipus de Cookies?<\/h2>\t\t\t\t<\/div>\n\t\t\t\t<\/div>\n\t\t\t\t<div class=\"elementor-element elementor-element-8281cde elementor-widget__width-initial elementor-widget-mobile__width-initial elementor-widget elementor-widget-text-editor\" data-id=\"8281cde\" data-element_type=\"widget\" data-widget_type=\"text-editor.default\">\n\t\t\t\t<div class=\"elementor-widget-container\">\n\t\t\t\t\t\t\t\t\t<div class=\"table-container\"><table><tbody><tr><th>TIPUS COOKIES<\/th><th>DESCRIPCI\u00d3<\/th><\/tr><tr><td>Cookies pr\u00f2pies<\/td><td><p>S\u00f3n cookies creades per aquest lloc web i que nom\u00e9s pot llegir aquest lloc. Instal\u00b7lem cookies pr\u00f2pies persistents amb les finalitats seg\u00fcents:<\/p><p><strong>&#8211; T\u00e8cniques:<\/strong> Aquestes cookies serveixen per controlar la c\u00e0rrega de les imatges que apareixen a la p\u00e0gina inicial, en funci\u00f3 dels par\u00e0metres que s\u2019hagin programat (temps, nombre de vegades vista, etc.). Tamb\u00e9 serveixen per permetre l\u2019acc\u00e9s a determinades parts del web i per ubicar l\u2019usuari. <br \/><strong>&#8211; Personalitzaci\u00f3:<\/strong> Aquestes cookies s\u2019utilitzen per recordar la configuraci\u00f3 de la mida seleccionada en la visualitzaci\u00f3 dels continguts web i poder-la mostrar en les pr\u00f2ximes visites de l\u2019usuari. <br \/><strong>&#8211; An\u00e0lisi:<\/strong> Cookies que permeten seguir el tr\u00e0nsit que entra al lloc web per fer estad\u00edstiques de visites.<\/p><\/td><\/tr><tr><td>Cookies de sessi\u00f3<\/td><td>Les cookies de sessi\u00f3 s\u00f3n les que duren el temps que l\u2019usuari est\u00e0 navegant per la p\u00e0gina web i s\u2019esborren quan acaba.<\/td><\/tr><tr><td>Cookies persistents<\/td><td>Aquestes cookies queden emmagatzemades en el terminal de l\u2019usuari durant un temps m\u00e9s llarg, de manera que faciliten el control de les prefer\u00e8ncies triades i fan que no calgui repetir certs par\u00e0metres cada vegada que es visiti el lloc web.<\/td><\/tr><tr><td>Cookies de tercers<\/td><td>S\u00f3n cookies creades per tercers i que fem servir per a diferents serveis (per exemple, an\u00e0lisi del lloc web o publicitat).<\/td><\/tr><\/tbody><\/table><\/div>\t\t\t\t\t\t\t\t<\/div>\n\t\t\t\t<\/div>\n\t\t\t\t<div class=\"elementor-element elementor-element-1612717 elementor-widget__width-initial elementor-widget-mobile__width-initial elementor-widget elementor-widget-text-editor\" data-id=\"1612717\" data-element_type=\"widget\" data-widget_type=\"text-editor.default\">\n\t\t\t\t<div class=\"elementor-widget-container\">\n\t\t\t\t\t\t\t\t\t<p>En particular, aquest lloc web pot utilitzar Google Analytics, un servei anal\u00edtic de web prestat per Google, Inc. amb domicili als Estats Units, amb seu al 1600 Amphitheatre Parkway, Mountain View, California 94043. Per a la prestaci\u00f3 d\u2019aquests serveis, utilitzen cookies que recopilen informaci\u00f3, inclosa la direcci\u00f3 Ip de l\u2019usuari, que ser\u00e0 trasmesa, tractada i emmagatzemada per Google en el terminis fixats a www.google.com, incloent-hi la cessi\u00f3 a tercers per a raons d\u2019exig\u00e8ncia legal o col\u00b7laboradors de Google.<\/p><p>A continuaci\u00f3, es detallen tant els tercers que poden configurar i accedir a cookies (no exemptes d\u2019informaci\u00f3 i consentiment) del seu equip, com les finalitats amb qu\u00e8 s\u2019utilitza la informaci\u00f3 que emmagatzemen:<\/p>\t\t\t\t\t\t\t\t<\/div>\n\t\t\t\t<\/div>\n\t\t\t\t<div class=\"elementor-element elementor-element-d74ac48 elementor-widget__width-initial elementor-widget-mobile__width-initial elementor-widget elementor-widget-text-editor\" data-id=\"d74ac48\" data-element_type=\"widget\" data-widget_type=\"text-editor.default\">\n\t\t\t\t<div class=\"elementor-widget-container\">\n\t\t\t\t\t\t\t\t\t<div class=\"table-container\"><table><tbody><tr><th>FINALITAT<\/th><th>DESCRIPCI\u00d3<\/th><th>TERCERS<\/th><\/tr><tr><td>Cookies t\u00e8cniques<\/td><td>Serveixen per controlar el tr\u00e0nsit i la comunicaci\u00f3 de dades utilitzant elements de seguretat durant la navegaci\u00f3.<br \/>Tamb\u00e9 serveixen per identificar i mantenir la sessi\u00f3 de l\u2019usuari, per emmagatzemar continguts en la difusi\u00f3 de v\u00eddeos o sons<br \/>i per compartir contingut amb xarxes socials (plug-in).<\/td><td>&#8211; Google <br \/>&#8211; YouTube <br \/>&#8211; Facebook <br \/>&#8211; Twitter <br \/>&#8211; LinkedIn <br \/>&#8211; UserVoice <br \/>&#8211; Tealium<\/td><\/tr><tr><td>Cookies de personalitzaci\u00f3<\/td><td>Aquestes cookies permeten a l\u2019usuari especificar o personalitzar algunes caracter\u00edstiques de les opcions generals de la p\u00e0gina web.<br \/>Per exemple, definir l\u2019idioma, el volum seleccionat com a preferit, la configuraci\u00f3 regional del servei, el tipus de navegador<br \/>o el nombre de resultats mostrats per cada p\u00e0gina.<\/td><td>&#8211; YouTube <br \/>&#8211; Facebook<\/td><\/tr><tr><td>Cookies anal\u00edtiques<\/td><td>Eina d\u2019anal\u00edtica que ajuda els llocs web a entendre la manera com els visitants interactuen amb el web.<br \/>Pot utilitzar un conjunt de cookies per recopilar informaci\u00f3 i informar de les estad\u00edstiques d\u2019\u00fas dels llocs web sense identificar personalment els visitants.<\/td><td>&#8211; Google Analytics <br \/>&#8211; YouTube <br \/>&#8211; Twitter <br \/>&#8211; Adobe Analytics<\/td><\/tr><tr><td>Cookies publicit\u00e0ries<\/td><td>Les cookies publicit\u00e0ries permeten la gesti\u00f3 dels espais publicitaris del web basant-se en criteris concrets.<br \/>Per exemple, la freq\u00fc\u00e8ncia d\u2019acc\u00e9s, el contingut editat, etc.<\/td><td>&#8211; DoubleClick <br \/>&#8211; Google <br \/>&#8211; Criteo <br \/>&#8211; Adgravity <br \/>&#8211; Adform <br \/>&#8211; Adobe <br \/>&#8211; Eulerian <br \/>&#8211; Weborama<\/td><\/tr><tr><td>Cookies Flash<\/td><td><p>Tamb\u00e9 utilitzem cookies Flash per emmagatzemar les seves prefer\u00e8ncies, com ara el control del volum,<br \/>o per mostrar contingut basant-se en el que consulta en el nostre lloc web i aix\u00ed personalitzar la visita.<br \/>Terceres empreses, amb les quals col\u00b7laborem per proporcionar determinades caracter\u00edstiques al nostre lloc web,<br \/>utilitzen cookies Flash per recopilar i emmagatzemar dades de car\u00e0cter no personal.<\/p><p>Les cookies Flash s\u00f3n diferents de les cookies de sessi\u00f3 o persistents pel que fa a la quantitat,<br \/>el tipus i la manera d\u2019emmagatzemar les dades. Les eines de gesti\u00f3 de les cookies proporcionades<br \/>pel seu navegador no eliminaran les cookies Flash.<\/p><\/td><td>\u00a0<\/td><\/tr><\/tbody><\/table><\/div>\t\t\t\t\t\t\t\t<\/div>\n\t\t\t\t<\/div>\n\t\t\t\t<div class=\"elementor-element elementor-element-f412ae6 elementor-widget__width-initial elementor-widget elementor-widget-heading\" data-id=\"f412ae6\" data-element_type=\"widget\" data-widget_type=\"heading.default\">\n\t\t\t\t<div class=\"elementor-widget-container\">\n\t\t\t\t\t<h2 class=\"elementor-heading-title elementor-size-default\">Com puc canviar la configuraci\u00f3 de les Cookies?<\/h2>\t\t\t\t<\/div>\n\t\t\t\t<\/div>\n\t\t\t\t<div class=\"elementor-element elementor-element-55c078e elementor-widget__width-initial elementor-widget-mobile__width-initial elementor-widget elementor-widget-text-editor\" data-id=\"55c078e\" data-element_type=\"widget\" data-widget_type=\"text-editor.default\">\n\t\t\t\t<div class=\"elementor-widget-container\">\n\t\t\t\t\t\t\t\t\t<p>Si no vol permetre emmagatzemar cap tipus de dada de Flash Player, desseleccioni les caselles \u201cPermetre que el contingut de Flash emmagatzemi informaci\u00f3 a l\u2019equip\u201d i \u201cEmmagatzemar els components comuns de Flash per reduir els temps de desc\u00e0rrega\u201d. Si vol limitar la quantitat de dades recollides per les aplicacions Flash faci lliscar l\u2019indicador de la barra del tauler de configuraci\u00f3 global d\u2019emmagatzematge en la posici\u00f3 que vulgui.<\/p><p>Aquests navegadors estan sotmesos a actualitzacions o modificacions, per la qual cosa no podem garantir que s\u2019ajustin completament a la versi\u00f3 del seu navegador. Tamb\u00e9 pot ser que utilitzi un navegador no<\/p>\t\t\t\t\t\t\t\t<\/div>\n\t\t\t\t<\/div>\n\t\t\t\t<div class=\"elementor-element elementor-element-2981af1 elementor-widget__width-initial elementor-widget elementor-widget-heading\" data-id=\"2981af1\" data-element_type=\"widget\" data-widget_type=\"heading.default\">\n\t\t\t\t<div class=\"elementor-widget-container\">\n\t\t\t\t\t<h2 class=\"elementor-heading-title elementor-size-default\">Revocaci\u00f3 del consentiment<\/h2>\t\t\t\t<\/div>\n\t\t\t\t<\/div>\n\t\t\t\t<div class=\"elementor-element elementor-element-fb9f430 elementor-widget__width-initial elementor-widget-mobile__width-initial elementor-widget elementor-widget-text-editor\" data-id=\"fb9f430\" data-element_type=\"widget\" data-widget_type=\"text-editor.default\">\n\t\t\t\t<div class=\"elementor-widget-container\">\n\t\t\t\t\t\t\t\t\t<p>Tamb\u00e9 \u00e9s possible limitar com els webs de tercers instal\u00b7len cookies en el seu ordinador, per tal d\u2019evitar la recol\u00b7lecci\u00f3 de dades i el registre de la seva activitat de navegaci\u00f3. Per limitar l\u2019\u00fas de cookies de tercers es pot adre\u00e7ar al web de configuraci\u00f3 o OptOut:<\/p><p>&#8211; Google Analytics<br \/>&#8211; DoubleClick<br \/>&#8211; Google<br \/>&#8211; Flash Cookies YouTube<\/p><p>Seleccioni l\u2019opci\u00f3 \u201cEliminar tots els llocs\u201d o seleccioni el web espec\u00edfic que vulgui suprimir i \u201cEliminar lloc web\u201d.<br \/>Tingui en compte que si rebutja o esborra les cookies de navegaci\u00f3 pel web, no podrem mantenir les seves prefer\u00e8ncies, algunes caracter\u00edstiques de les p\u00e0gines no estaran operatives, no li podrem oferir serveis personalitzats i cada vegada que vulgui navegar pel nostre web li haurem de tornar a sol\u00b7licitar la seva autoritzaci\u00f3 per a l\u2019\u00fas de cookies.<\/p><p>Si, aix\u00ed i tot, decideix modificar la configuraci\u00f3 del seu acc\u00e9s a la p\u00e0gina web, ha de saber que \u00e9s possible eliminar les cookies o impedir que es registri aquesta informaci\u00f3 en el seu equip en qualsevol moment mitjan\u00e7ant la modificaci\u00f3 dels par\u00e0metres de configuraci\u00f3 del seu navegador.<\/p>\t\t\t\t\t\t\t\t<\/div>\n\t\t\t\t<\/div>\n\t\t\t\t<div class=\"elementor-element elementor-element-7bb5655 elementor-widget__width-initial elementor-widget elementor-widget-heading\" data-id=\"7bb5655\" data-element_type=\"widget\" data-widget_type=\"heading.default\">\n\t\t\t\t<div class=\"elementor-widget-container\">\n\t\t\t\t\t<h2 class=\"elementor-heading-title elementor-size-default\">Bloquejar les Cookies<\/h2>\t\t\t\t<\/div>\n\t\t\t\t<\/div>\n\t\t\t\t<div class=\"elementor-element elementor-element-4ab2959 elementor-widget__width-initial elementor-widget-mobile__width-initial elementor-widget elementor-widget-text-editor\" data-id=\"4ab2959\" data-element_type=\"widget\" data-widget_type=\"text-editor.default\">\n\t\t\t\t<div class=\"elementor-widget-container\">\n\t\t\t\t\t\t\t\t\t<p>Encara que la majoria dels navegadors moderns es poden configurar per evitar que s\u2019instal\u00b7lin cookies en  els dispositius, aix\u00f2 pot obligar a ajustar manualment determinades prefer\u00e8ncies cada vegada que es  visiti un lloc o p\u00e0gina. A m\u00e9s, alguns serveis i caracter\u00edstiques poden no funcionar correctament (per  exemple, els inicis de sessi\u00f3 amb perfil).<br>\nCom eliminar les cookies dels navegadors m\u00e9s habituals:<\/p><p>&#8211; Chrome: http:\/\/support.google.com\/chrome\/answer\/95647?hl=es<br>\n&#8211; Internet Explorer. Versi\u00f3n 11: https:\/\/support.microsoft.com\/es-es\/help\/278835\/how-to-delete cookie-files-in-internet-explorer<br>\n&#8211; Firefox. Versi\u00f3n 65.0.1: https:\/\/www.mozilla.org\/es-ES\/privacy\/websites\/#cookies<br>&#8211; Safari Versi\u00f3n 5.1: https:\/\/support.apple.com\/es-es\/guide\/safari\/sfri11471\/mac<br>\n&#8211; Opera: https:\/\/help.opera.com\/en\/latest\/security-and-privacy\/#clearBrowsingData<\/p><p><span style=\"text-align: var(--text-align);\">Aquesta pol\u00edtica es revisa peri\u00f2dicament per assegurar-ne la vig\u00e8ncia, per la qual cosa pot ser modificada.  Li recomanem que visiti la p\u00e0gina amb regularitat, ja que li farem saber qualsevol actualitzaci\u00f3 en aquest  sentit.<\/span><\/p>\t\t\t\t\t\t\t\t<\/div>\n\t\t\t\t<\/div>\n\t\t\t\t<\/div>\n\t\t\t\t\t<\/div>\n\t\t\t\t<\/div>\n\t\t\t\t<\/div>\n\t\t","protected":false},"excerpt":{"rendered":"<p>Pol\u00edtica de Cookies www.mediadorconflictos.com Aquest lloc web utilitza galetes (cookies) pr\u00f2pies i de tercers per avaluar i millorar experi\u00e8ncia de navegaci\u00f3 dels usuaris. A trav\u00e9s d&#8217;aquesta pol\u00edtica de galetes, detallem l&#8217;\u00fas que fem: Qu\u00e8 s\u00f3n les Cookies? Les cookies s\u00f3n petits arxius de dades que&#8230;<\/p>\n","protected":false},"author":1,"featured_media":0,"parent":0,"menu_order":0,"comment_status":"closed","ping_status":"closed","template":"elementor_header_footer","meta":{"footnotes":""},"class_list":["post-12771","page","type-page","status-publish","hentry"],"_links":{"self":[{"href":"https:\/\/mediadorconflictos.com\/ca\/wp-json\/wp\/v2\/pages\/12771","targetHints":{"allow":["GET"]}}],"collection":[{"href":"https:\/\/mediadorconflictos.com\/ca\/wp-json\/wp\/v2\/pages"}],"about":[{"href":"https:\/\/mediadorconflictos.com\/ca\/wp-json\/wp\/v2\/types\/page"}],"author":[{"embeddable":true,"href":"https:\/\/mediadorconflictos.com\/ca\/wp-json\/wp\/v2\/users\/1"}],"replies":[{"embeddable":true,"href":"https:\/\/mediadorconflictos.com\/ca\/wp-json\/wp\/v2\/comments?post=12771"}],"version-history":[{"count":7,"href":"https:\/\/mediadorconflictos.com\/ca\/wp-json\/wp\/v2\/pages\/12771\/revisions"}],"predecessor-version":[{"id":13531,"href":"https:\/\/mediadorconflictos.com\/ca\/wp-json\/wp\/v2\/pages\/12771\/revisions\/13531"}],"wp:attachment":[{"href":"https:\/\/mediadorconflictos.com\/ca\/wp-json\/wp\/v2\/media?parent=12771"}],"curies":[{"name":"wp","href":"https:\/\/api.w.org\/{rel}","templated":true}]}}