{"id":12411,"date":"2023-10-03T09:35:15","date_gmt":"2023-10-03T07:35:15","guid":{"rendered":"https:\/\/mediadorconflictos.com\/preguntes-frequents\/"},"modified":"2025-11-17T09:32:41","modified_gmt":"2025-11-17T08:32:41","slug":"preguntes-frequents","status":"publish","type":"page","link":"https:\/\/mediadorconflictos.com\/ca\/preguntes-frequents\/","title":{"rendered":"Preguntes freq\u00fcents"},"content":{"rendered":"\t\t<div data-elementor-type=\"wp-page\" data-elementor-id=\"12411\" class=\"elementor elementor-12411 elementor-8778\">\n\t\t\t\t<div class=\"elementor-element elementor-element-b8b486c e-con-full e-flex parallax_section_no qode_elementor_container_no e-con e-parent\" data-id=\"b8b486c\" data-element_type=\"container\" data-settings=\"{&quot;background_background&quot;:&quot;classic&quot;}\">\n\t\t<div class=\"elementor-element elementor-element-8aadffd e-flex e-con-boxed parallax_section_no qode_elementor_container_no e-con e-child\" data-id=\"8aadffd\" data-element_type=\"container\">\n\t\t\t\t\t<div class=\"e-con-inner\">\n\t\t\t\t<div class=\"elementor-element elementor-element-62970ca txt-inner elementor-widget elementor-widget-heading\" data-id=\"62970ca\" data-element_type=\"widget\" data-widget_type=\"heading.default\">\n\t\t\t\t<div class=\"elementor-widget-container\">\n\t\t\t\t\t<h1 class=\"elementor-heading-title elementor-size-default\">Preguntes freq\u00fcents<\/h1>\t\t\t\t<\/div>\n\t\t\t\t<\/div>\n\t\t\t\t<div class=\"elementor-element elementor-element-3f0813a elementor-widget-mobile__width-initial elementor-widget elementor-widget-heading\" data-id=\"3f0813a\" data-element_type=\"widget\" data-widget_type=\"heading.default\">\n\t\t\t\t<div class=\"elementor-widget-container\">\n\t\t\t\t\t<div class=\"elementor-heading-title elementor-size-default\">Resolem els seus principals dubtes<\/div>\t\t\t\t<\/div>\n\t\t\t\t<\/div>\n\t\t\t\t\t<\/div>\n\t\t\t\t<\/div>\n\t\t\t\t<\/div>\n\t\t<div class=\"elementor-element elementor-element-7d5195c e-con-full qode_elementor_container_inner e-flex parallax_section_no e-con e-parent\" data-id=\"7d5195c\" data-element_type=\"container\">\n\t\t<div class=\"elementor-element elementor-element-75a18a7 e-con-full e-flex parallax_section_no qode_elementor_container_no e-con e-child\" data-id=\"75a18a7\" data-element_type=\"container\" data-settings=\"{&quot;background_background&quot;:&quot;classic&quot;}\">\n\t\t<div class=\"elementor-element elementor-element-f6e251e e-con-full e-flex parallax_section_no qode_elementor_container_no e-con e-child\" data-id=\"f6e251e\" data-element_type=\"container\">\n\t\t\t\t<div class=\"elementor-element elementor-element-559c6a2 elementor-widget elementor-widget-bridge_image_hover\" data-id=\"559c6a2\" data-element_type=\"widget\" data-widget_type=\"bridge_image_hover.default\">\n\t\t\t\t<div class=\"elementor-widget-container\">\n\t\t\t\t\t<div class=\"image_hover \" data-transition-delay=\"\"><div class=\"images_holder\"><a itemprop=\"url\" href=\"https:\/\/mediadorconflictos.com\/ca\/serveis-mediacio\/\" target=\"_self\"><img decoding=\"async\" itemprop=\"image\" class=\"\" src=\"https:\/\/mediadorconflictos.com\/wp-content\/uploads\/2025\/02\/banner-quien-soy.jpg\" alt=\"Main Image\" style=\"\" \/><\/a><\/div><\/div>\t\t\t\t<\/div>\n\t\t\t\t<\/div>\n\t\t\t\t<div class=\"elementor-element elementor-element-b185cc2 elementor-widget elementor-widget-heading\" data-id=\"b185cc2\" data-element_type=\"widget\" data-widget_type=\"heading.default\">\n\t\t\t\t<div class=\"elementor-widget-container\">\n\t\t\t\t\t<h3 class=\"elementor-heading-title elementor-size-default\">Serveis de mediaci\u00f3<\/h3>\t\t\t\t<\/div>\n\t\t\t\t<\/div>\n\t\t\t\t<div class=\"elementor-element elementor-element-bad968a elementor-widget elementor-widget-bridge_button_v2\" data-id=\"bad968a\" data-element_type=\"widget\" data-widget_type=\"bridge_button_v2.default\">\n\t\t\t\t<div class=\"elementor-widget-container\">\n\t\t\t\t\t\n\n\t<a href=\"https:\/\/mediadorconflictos.com\/ca\/serveis-mediacio\/\" target=\"_self\" style=\"font-family: dm sans;font-size: 15px;font-weight: 600;text-transform: uppercase;letter-spacing: 1px\" class=\"qode-btn qode-btn-medium qode-btn-simple qode-btn-icon\"  >\n\t    <span class=\"qode-btn-text\">M\u00c9S INFORMACI\u00d3<\/span><span class=\"qode-button-v2-icon-holder\"  ><i class=\"qodef-icon-dripicons dripicon dripicons-arrow-thin-up qode-button-v2-icon-holder-inner\" ><\/i><\/span>\t<\/a>\n\n\t\t\t\t<\/div>\n\t\t\t\t<\/div>\n\t\t\t\t<\/div>\n\t\t<div class=\"elementor-element elementor-element-0258246 e-con-full e-flex parallax_section_no qode_elementor_container_no e-con e-child\" data-id=\"0258246\" data-element_type=\"container\">\n\t\t\t\t<div class=\"elementor-element elementor-element-9f6d178 elementor-widget elementor-widget-heading\" data-id=\"9f6d178\" data-element_type=\"widget\" data-widget_type=\"heading.default\">\n\t\t\t\t<div class=\"elementor-widget-container\">\n\t\t\t\t\t<h3 class=\"elementor-heading-title elementor-size-default\">Blog<\/h3>\t\t\t\t<\/div>\n\t\t\t\t<\/div>\n\t\t\t\t<div class=\"elementor-element elementor-element-b420004 elementor-widget elementor-widget-qi_addons_for_elementor_blog_list\" data-id=\"b420004\" data-element_type=\"widget\" data-widget_type=\"qi_addons_for_elementor_blog_list.default\">\n\t\t\t\t<div class=\"elementor-widget-container\">\n\t\t\t\t\t<div class=\"qodef-shortcode qodef-m qodef-addons-blog-list qodef--list qodef-title--hover-underline qodef-image--hover-zoom qodef-qi-grid qodef-layout--qi-columns qodef-col-num--1 qodef-item-layout--standard qodef-responsive--predefined\" >\n\t<div class=\"qodef-grid-inner\">\n\t\t<article class=\"qodef-e qodef-blog-item qodef-grid-item qodef-item--full post-18276 post type-post status-publish format-standard has-post-thumbnail hentry category-actualitat tag-blog-ca\">\n\t<div class=\"qodef-e-inner\">\n\t\t<div class=\"qodef-e-media\">\n\t\t<div class=\"qodef-e-media-image\">\n\t\t<a itemprop=\"url\" href=\"https:\/\/mediadorconflictos.com\/ca\/nova-entrevista-a-raul-gomez-ojados-mediador-a-cartagena\/\">\n\t\t\t<img fetchpriority=\"high\" decoding=\"async\" width=\"2560\" height=\"1482\" src=\"https:\/\/mediadorconflictos.com\/wp-content\/uploads\/2026\/04\/RAUL-GOMEZ-OJADOS-2026-scaled.jpg\" class=\"attachment-full size-full\" alt=\"\" srcset=\"https:\/\/mediadorconflictos.com\/wp-content\/uploads\/2026\/04\/RAUL-GOMEZ-OJADOS-2026-scaled.jpg 2560w, https:\/\/mediadorconflictos.com\/wp-content\/uploads\/2026\/04\/RAUL-GOMEZ-OJADOS-2026-300x174.jpg 300w, https:\/\/mediadorconflictos.com\/wp-content\/uploads\/2026\/04\/RAUL-GOMEZ-OJADOS-2026-1024x593.jpg 1024w, https:\/\/mediadorconflictos.com\/wp-content\/uploads\/2026\/04\/RAUL-GOMEZ-OJADOS-2026-768x445.jpg 768w, https:\/\/mediadorconflictos.com\/wp-content\/uploads\/2026\/04\/RAUL-GOMEZ-OJADOS-2026-1536x889.jpg 1536w, https:\/\/mediadorconflictos.com\/wp-content\/uploads\/2026\/04\/RAUL-GOMEZ-OJADOS-2026-2048x1185.jpg 2048w, https:\/\/mediadorconflictos.com\/wp-content\/uploads\/2026\/04\/RAUL-GOMEZ-OJADOS-2026-700x405.jpg 700w\" sizes=\"(max-width: 2560px) 100vw, 2560px\" \/>\t\t<\/a>\n\t\t\t<\/div>\n<\/div>\n\t\t<div class=\"qodef-e-content\">\n\t\t\t\t\t\t\t<div class=\"qodef-e-info qodef-info--top\">\n\t\t\t\t\t<div itemprop=\"dateCreated\" class=\"qodef-e-info-item qodef-e-info-date entry-date \">\n\t<a itemprop=\"url\" href=\"https:\/\/mediadorconflictos.com\/ca\/2026\/04\/\">\n\t\t<svg class=\"qodef-e-info-item-icon\" xmlns=\"http:\/\/www.w3.org\/2000\/svg\" x=\"0px\" y=\"0px\" viewBox=\"0 0 14.6 14.6\" xml:space=\"preserve\"><path d=\"M10.9,1.3V0.2h-0.6v1.2H4.3V0.2H3.7v1.2H0.2v13.1h14.3V1.3H10.9z M10.9,1.9v1.2h-0.6V1.9H10.9z M4.3,1.9v1.2H3.7V1.9H4.3z M13.8,13.8H0.8V4.9h13.1V13.8z\"\/><\/svg>\t\t19\/04\/2026\t<\/a>\n<\/div>\n<div class=\"qodef-e-info-item qodef-e-info-category\">\n\t<svg class=\"qodef-e-info-item-icon\" xmlns=\"http:\/\/www.w3.org\/2000\/svg\" x=\"0px\" y=\"0px\" viewBox=\"0 0 16.1 14.9\" xml:space=\"preserve\"><path d=\"M14.6,0.3c0.3,0,0.6,0.1,0.9,0.3s0.4,0.5,0.4,0.9v10.6c0,0.3-0.1,0.6-0.4,0.9s-0.5,0.4-0.9,0.4H9.3c-0.6,0-0.9,0.2-0.9,0.7v0.5H8H7.8v-0.5c0-0.5-0.3-0.7-0.9-0.7H1.5c-0.3,0-0.6-0.1-0.9-0.4c-0.2-0.2-0.4-0.5-0.4-0.9V1.5c0-0.3,0.1-0.6,0.4-0.9c0.2-0.2,0.5-0.3,0.9-0.3h5.6c0.4,0,0.7,0.1,1,0.4c0.2-0.3,0.6-0.4,1-0.4H14.6z M7.8,13.2V1.7c0-0.2-0.1-0.4-0.3-0.5C7.3,1,7,0.9,6.8,0.9H1.5c-0.4,0-0.6,0.2-0.6,0.6v10.6c0,0.2,0.1,0.3,0.2,0.5s0.3,0.2,0.4,0.2h5.3C7.3,12.8,7.6,12.9,7.8,13.2zM15.2,12.1V1.5c0-0.4-0.2-0.6-0.6-0.6h-1.2v4.9l-1.8-1.2L9.8,5.7V0.9H9.3C9,0.9,8.8,1,8.6,1.2C8.4,1.3,8.3,1.5,8.3,1.7v11.5c0.1-0.3,0.4-0.4,0.9-0.4h5.3c0.2,0,0.3-0.1,0.4-0.2S15.2,12.3,15.2,12.1z M10.4,0.9v3.7l0.9-0.5l0.3-0.2l0.3,0.2l0.9,0.5V0.9H10.4z\"\/><\/svg>\t<a href=\"https:\/\/mediadorconflictos.com\/ca\/category\/actualitat\/\" rel=\"category tag\">Actualitat<\/a><\/div>\n\t\t\t\t<\/div>\n\t\t\t\t\t\t<div class=\"qodef-e-text\">\n\t\t\t\t<h4 itemprop=\"name\" class=\"qodef-e-title entry-title\">\n\t<a itemprop=\"url\" class=\"qodef-e-title-link\" href=\"https:\/\/mediadorconflictos.com\/ca\/nova-entrevista-a-raul-gomez-ojados-mediador-a-cartagena\/\">\n\t\tNova entrevista a Ra\u00fal G\u00f3mez Ojados, mediador a Cartagena\t<\/a>\n<\/h4>\n\t\t<p itemprop=\"description\" class=\"qodef-e-excerpt\">\n\t\t\tC\t\t<\/p>\n\t\t\t\t<\/div>\n\t\t\t\t\t<\/div>\n\t<\/div>\n<\/article>\n<article class=\"qodef-e qodef-blog-item qodef-grid-item qodef-item--full post-18214 post type-post status-publish format-standard has-post-thumbnail hentry category-conceptes-sobre-mediacio-i-conciliacio tag-blog-ca\">\n\t<div class=\"qodef-e-inner\">\n\t\t<div class=\"qodef-e-media\">\n\t\t<div class=\"qodef-e-media-image\">\n\t\t<a itemprop=\"url\" href=\"https:\/\/mediadorconflictos.com\/ca\/el-conflicte-que-no-afrontes-tambe-decideix-per-tu\/\">\n\t\t\t<img decoding=\"async\" width=\"1536\" height=\"1024\" src=\"https:\/\/mediadorconflictos.com\/wp-content\/uploads\/2026\/03\/IMAGEN-MEDIACION-EL-CONFLICTO-QUE-NO-AFRONTAS-31.3.2026-HORIZONTAL-CATALAN-1.png\" class=\"attachment-full size-full\" alt=\"\" srcset=\"https:\/\/mediadorconflictos.com\/wp-content\/uploads\/2026\/03\/IMAGEN-MEDIACION-EL-CONFLICTO-QUE-NO-AFRONTAS-31.3.2026-HORIZONTAL-CATALAN-1.png 1536w, https:\/\/mediadorconflictos.com\/wp-content\/uploads\/2026\/03\/IMAGEN-MEDIACION-EL-CONFLICTO-QUE-NO-AFRONTAS-31.3.2026-HORIZONTAL-CATALAN-1-300x200.png 300w, https:\/\/mediadorconflictos.com\/wp-content\/uploads\/2026\/03\/IMAGEN-MEDIACION-EL-CONFLICTO-QUE-NO-AFRONTAS-31.3.2026-HORIZONTAL-CATALAN-1-1024x683.png 1024w, https:\/\/mediadorconflictos.com\/wp-content\/uploads\/2026\/03\/IMAGEN-MEDIACION-EL-CONFLICTO-QUE-NO-AFRONTAS-31.3.2026-HORIZONTAL-CATALAN-1-768x512.png 768w, https:\/\/mediadorconflictos.com\/wp-content\/uploads\/2026\/03\/IMAGEN-MEDIACION-EL-CONFLICTO-QUE-NO-AFRONTAS-31.3.2026-HORIZONTAL-CATALAN-1-700x467.png 700w\" sizes=\"(max-width: 1536px) 100vw, 1536px\" \/>\t\t<\/a>\n\t\t\t<\/div>\n<\/div>\n\t\t<div class=\"qodef-e-content\">\n\t\t\t\t\t\t\t<div class=\"qodef-e-info qodef-info--top\">\n\t\t\t\t\t<div itemprop=\"dateCreated\" class=\"qodef-e-info-item qodef-e-info-date entry-date \">\n\t<a itemprop=\"url\" href=\"https:\/\/mediadorconflictos.com\/ca\/2026\/03\/\">\n\t\t<svg class=\"qodef-e-info-item-icon\" xmlns=\"http:\/\/www.w3.org\/2000\/svg\" x=\"0px\" y=\"0px\" viewBox=\"0 0 14.6 14.6\" xml:space=\"preserve\"><path d=\"M10.9,1.3V0.2h-0.6v1.2H4.3V0.2H3.7v1.2H0.2v13.1h14.3V1.3H10.9z M10.9,1.9v1.2h-0.6V1.9H10.9z M4.3,1.9v1.2H3.7V1.9H4.3z M13.8,13.8H0.8V4.9h13.1V13.8z\"\/><\/svg>\t\t31\/03\/2026\t<\/a>\n<\/div>\n<div class=\"qodef-e-info-item qodef-e-info-category\">\n\t<svg class=\"qodef-e-info-item-icon\" xmlns=\"http:\/\/www.w3.org\/2000\/svg\" x=\"0px\" y=\"0px\" viewBox=\"0 0 16.1 14.9\" xml:space=\"preserve\"><path d=\"M14.6,0.3c0.3,0,0.6,0.1,0.9,0.3s0.4,0.5,0.4,0.9v10.6c0,0.3-0.1,0.6-0.4,0.9s-0.5,0.4-0.9,0.4H9.3c-0.6,0-0.9,0.2-0.9,0.7v0.5H8H7.8v-0.5c0-0.5-0.3-0.7-0.9-0.7H1.5c-0.3,0-0.6-0.1-0.9-0.4c-0.2-0.2-0.4-0.5-0.4-0.9V1.5c0-0.3,0.1-0.6,0.4-0.9c0.2-0.2,0.5-0.3,0.9-0.3h5.6c0.4,0,0.7,0.1,1,0.4c0.2-0.3,0.6-0.4,1-0.4H14.6z M7.8,13.2V1.7c0-0.2-0.1-0.4-0.3-0.5C7.3,1,7,0.9,6.8,0.9H1.5c-0.4,0-0.6,0.2-0.6,0.6v10.6c0,0.2,0.1,0.3,0.2,0.5s0.3,0.2,0.4,0.2h5.3C7.3,12.8,7.6,12.9,7.8,13.2zM15.2,12.1V1.5c0-0.4-0.2-0.6-0.6-0.6h-1.2v4.9l-1.8-1.2L9.8,5.7V0.9H9.3C9,0.9,8.8,1,8.6,1.2C8.4,1.3,8.3,1.5,8.3,1.7v11.5c0.1-0.3,0.4-0.4,0.9-0.4h5.3c0.2,0,0.3-0.1,0.4-0.2S15.2,12.3,15.2,12.1z M10.4,0.9v3.7l0.9-0.5l0.3-0.2l0.3,0.2l0.9,0.5V0.9H10.4z\"\/><\/svg>\t<a href=\"https:\/\/mediadorconflictos.com\/ca\/category\/conceptes-sobre-mediacio-i-conciliacio\/\" rel=\"category tag\">Conceptes<\/a><\/div>\n\t\t\t\t<\/div>\n\t\t\t\t\t\t<div class=\"qodef-e-text\">\n\t\t\t\t<h4 itemprop=\"name\" class=\"qodef-e-title entry-title\">\n\t<a itemprop=\"url\" class=\"qodef-e-title-link\" href=\"https:\/\/mediadorconflictos.com\/ca\/el-conflicte-que-no-afrontes-tambe-decideix-per-tu\/\">\n\t\tEl conflicte que no afrontes tamb\u00e9 decideix per tu\t<\/a>\n<\/h4>\n\t\t<p itemprop=\"description\" class=\"qodef-e-excerpt\">\n\t\t\tE\t\t<\/p>\n\t\t\t\t<\/div>\n\t\t\t\t\t<\/div>\n\t<\/div>\n<\/article>\n<article class=\"qodef-e qodef-blog-item qodef-grid-item qodef-item--full post-18185 post type-post status-publish format-standard has-post-thumbnail hentry category-mediacio-i-conciliacio category-mediador-de-conflictes tag-blog-ca\">\n\t<div class=\"qodef-e-inner\">\n\t\t<div class=\"qodef-e-media\">\n\t\t<div class=\"qodef-e-media-image\">\n\t\t<a itemprop=\"url\" href=\"https:\/\/mediadorconflictos.com\/ca\/mediacio-veinal-a-barcelona-i-provincia\/\">\n\t\t\t<img decoding=\"async\" width=\"1157\" height=\"651\" src=\"https:\/\/mediadorconflictos.com\/wp-content\/uploads\/2026\/03\/MEDIACION-COMUNITARIA-EN-BARCELONA.jpg\" class=\"attachment-full size-full\" alt=\"\" srcset=\"https:\/\/mediadorconflictos.com\/wp-content\/uploads\/2026\/03\/MEDIACION-COMUNITARIA-EN-BARCELONA.jpg 1157w, https:\/\/mediadorconflictos.com\/wp-content\/uploads\/2026\/03\/MEDIACION-COMUNITARIA-EN-BARCELONA-300x169.jpg 300w, https:\/\/mediadorconflictos.com\/wp-content\/uploads\/2026\/03\/MEDIACION-COMUNITARIA-EN-BARCELONA-1024x576.jpg 1024w, https:\/\/mediadorconflictos.com\/wp-content\/uploads\/2026\/03\/MEDIACION-COMUNITARIA-EN-BARCELONA-768x432.jpg 768w, https:\/\/mediadorconflictos.com\/wp-content\/uploads\/2026\/03\/MEDIACION-COMUNITARIA-EN-BARCELONA-700x394.jpg 700w, https:\/\/mediadorconflictos.com\/wp-content\/uploads\/2026\/03\/MEDIACION-COMUNITARIA-EN-BARCELONA-539x303.jpg 539w\" sizes=\"(max-width: 1157px) 100vw, 1157px\" \/>\t\t<\/a>\n\t\t\t<\/div>\n<\/div>\n\t\t<div class=\"qodef-e-content\">\n\t\t\t\t\t\t\t<div class=\"qodef-e-info qodef-info--top\">\n\t\t\t\t\t<div itemprop=\"dateCreated\" class=\"qodef-e-info-item qodef-e-info-date entry-date \">\n\t<a itemprop=\"url\" href=\"https:\/\/mediadorconflictos.com\/ca\/2026\/03\/\">\n\t\t<svg class=\"qodef-e-info-item-icon\" xmlns=\"http:\/\/www.w3.org\/2000\/svg\" x=\"0px\" y=\"0px\" viewBox=\"0 0 14.6 14.6\" xml:space=\"preserve\"><path d=\"M10.9,1.3V0.2h-0.6v1.2H4.3V0.2H3.7v1.2H0.2v13.1h14.3V1.3H10.9z M10.9,1.9v1.2h-0.6V1.9H10.9z M4.3,1.9v1.2H3.7V1.9H4.3z M13.8,13.8H0.8V4.9h13.1V13.8z\"\/><\/svg>\t\t28\/03\/2026\t<\/a>\n<\/div>\n<div class=\"qodef-e-info-item qodef-e-info-category\">\n\t<svg class=\"qodef-e-info-item-icon\" xmlns=\"http:\/\/www.w3.org\/2000\/svg\" x=\"0px\" y=\"0px\" viewBox=\"0 0 16.1 14.9\" xml:space=\"preserve\"><path d=\"M14.6,0.3c0.3,0,0.6,0.1,0.9,0.3s0.4,0.5,0.4,0.9v10.6c0,0.3-0.1,0.6-0.4,0.9s-0.5,0.4-0.9,0.4H9.3c-0.6,0-0.9,0.2-0.9,0.7v0.5H8H7.8v-0.5c0-0.5-0.3-0.7-0.9-0.7H1.5c-0.3,0-0.6-0.1-0.9-0.4c-0.2-0.2-0.4-0.5-0.4-0.9V1.5c0-0.3,0.1-0.6,0.4-0.9c0.2-0.2,0.5-0.3,0.9-0.3h5.6c0.4,0,0.7,0.1,1,0.4c0.2-0.3,0.6-0.4,1-0.4H14.6z M7.8,13.2V1.7c0-0.2-0.1-0.4-0.3-0.5C7.3,1,7,0.9,6.8,0.9H1.5c-0.4,0-0.6,0.2-0.6,0.6v10.6c0,0.2,0.1,0.3,0.2,0.5s0.3,0.2,0.4,0.2h5.3C7.3,12.8,7.6,12.9,7.8,13.2zM15.2,12.1V1.5c0-0.4-0.2-0.6-0.6-0.6h-1.2v4.9l-1.8-1.2L9.8,5.7V0.9H9.3C9,0.9,8.8,1,8.6,1.2C8.4,1.3,8.3,1.5,8.3,1.7v11.5c0.1-0.3,0.4-0.4,0.9-0.4h5.3c0.2,0,0.3-0.1,0.4-0.2S15.2,12.3,15.2,12.1z M10.4,0.9v3.7l0.9-0.5l0.3-0.2l0.3,0.2l0.9,0.5V0.9H10.4z\"\/><\/svg>\t<a href=\"https:\/\/mediadorconflictos.com\/ca\/category\/mediacio-i-conciliacio\/\" rel=\"category tag\">Mediaci\u00f3 i Conciliaci\u00f3<\/a><span class=\"qodef-category-separator\"><\/span><a href=\"https:\/\/mediadorconflictos.com\/ca\/category\/mediador-de-conflictes\/\" rel=\"category tag\">Mediador de Conflictes<\/a><\/div>\n\t\t\t\t<\/div>\n\t\t\t\t\t\t<div class=\"qodef-e-text\">\n\t\t\t\t<h4 itemprop=\"name\" class=\"qodef-e-title entry-title\">\n\t<a itemprop=\"url\" class=\"qodef-e-title-link\" href=\"https:\/\/mediadorconflictos.com\/ca\/mediacio-veinal-a-barcelona-i-provincia\/\">\n\t\tMediaci\u00f3 ve\u00efnal a Barcelona i prov\u00edncia\t<\/a>\n<\/h4>\n\t\t<p itemprop=\"description\" class=\"qodef-e-excerpt\">\n\t\t\tM\t\t<\/p>\n\t\t\t\t<\/div>\n\t\t\t\t\t<\/div>\n\t<\/div>\n<\/article>\n\t<\/div>\n\t<\/div>\n\t\t\t\t<\/div>\n\t\t\t\t<\/div>\n\t\t\t\t<\/div>\n\t\t\t\t<\/div>\n\t\t<div class=\"elementor-element elementor-element-667db2d e-con-full e-flex parallax_section_no qode_elementor_container_no e-con e-child\" data-id=\"667db2d\" data-element_type=\"container\">\n\t\t\t\t<div class=\"elementor-element elementor-element-5495043 elementor-widget elementor-widget-heading\" data-id=\"5495043\" data-element_type=\"widget\" data-widget_type=\"heading.default\">\n\t\t\t\t<div class=\"elementor-widget-container\">\n\t\t\t\t\t<h2 class=\"elementor-heading-title elementor-size-default\">Qu\u00e8 \u00e9s la mediaci\u00f3 de conflictes?<\/h2>\t\t\t\t<\/div>\n\t\t\t\t<\/div>\n\t\t\t\t<div class=\"elementor-element elementor-element-dd32738 elementor-widget elementor-widget-text-editor\" data-id=\"dd32738\" data-element_type=\"widget\" data-widget_type=\"text-editor.default\">\n\t\t\t\t<div class=\"elementor-widget-container\">\n\t\t\t\t\t\t\t\t\t<p>La mediaci\u00f3 de conflictes \u00e9s un <b>proc\u00e9s voluntari i legal<\/b> en qu\u00e8 una tercera persona imparcial, coneguda com a mediador, facilita la comunicaci\u00f3 i la negociaci\u00f3 entre les parts implicades en un conflicte, amb l&#8217;objectiu d&#8217;ajudar-les a arribar a un acord m\u00fatuament acceptable.<\/p>\n<p>Aquest proc\u00e9s no implica que el mediador prengui decisions per les parts, sin\u00f3 que se centra en ajudar les persones a entendre&#8217;s millor, identificar els interessos i necessitats de cadasc\u00fa i explorar possibles solucions. La mediaci\u00f3 busca <b>promoure la resoluci\u00f3 pac\u00edfica dels conflictes<\/b>, evitant l\u2019escalada de les disputes i, en molts casos, el recurs a vies legals o judicials.<\/p>\n<p>La mediaci\u00f3 s&#8217;aplica en una \u00e0mplia varietat d&#8217;\u00e0mbits, <b>incloent-hi conflictes familiars, personals, laborals, escolars, sanitaris, ve\u00efnals i comercials<\/b>. \u00c9s una eina efica\u00e7 per gestionar disputes de manera dialogada, promovent solucions consensuades i duradores.<\/p>\t\t\t\t\t\t\t\t<\/div>\n\t\t\t\t<\/div>\n\t\t\t\t<div class=\"elementor-element elementor-element-2696c10 elementor-widget elementor-widget-heading\" data-id=\"2696c10\" data-element_type=\"widget\" data-widget_type=\"heading.default\">\n\t\t\t\t<div class=\"elementor-widget-container\">\n\t\t\t\t\t<h2 class=\"elementor-heading-title elementor-size-default\">Quin valor legal tenen els acords adoptats en mediaci\u00f3?<\/h2>\t\t\t\t<\/div>\n\t\t\t\t<\/div>\n\t\t\t\t<div class=\"elementor-element elementor-element-eae2e6c elementor-widget elementor-widget-text-editor\" data-id=\"eae2e6c\" data-element_type=\"widget\" data-widget_type=\"text-editor.default\">\n\t\t\t\t<div class=\"elementor-widget-container\">\n\t\t\t\t\t\t\t\t\t<p>Quan els acords de mediaci\u00f3 de conflictes s&#8217;\u00abeleven a p\u00fablic\u00bb,\u00bb significa que l&#8217;acord assolit per les parts implicades en el proc\u00e9s de mediaci\u00f3 es formalitza i es converteix en un document legalment vinculant. Aquest proc\u00e9s pot produir-se en diverses situacions i dep\u00e8n de la legislaci\u00f3 de cada pa\u00eds. A Espanya funciona de la manera seg\u00fcent:<\/p>\t\t\t\t\t\t\t\t<\/div>\n\t\t\t\t<\/div>\n\t\t\t\t<div class=\"elementor-element elementor-element-1de6bd3 elementor-widget elementor-widget-bridge_accordion\" data-id=\"1de6bd3\" data-element_type=\"widget\" data-widget_type=\"bridge_accordion.default\">\n\t\t\t\t<div class=\"elementor-widget-container\">\n\t\t\t\t\t\n        <div class=\"qode-accordion-holder clearfix qode-toggle qode-initial \">\n            <h3 class=\"clearfix qode-title-holder\">\n<span class=\"qode-tab-title\">\n\t\t\t<span class=\"qode-tab-title-icon\">\n\t\t\t\t\t<\/span>\n\t    <span class=\"qode-tab-title-inner\">\n        Formalitzaci\u00f3 de l&#039;acord de mediaci\u00f3    <\/span>\n<\/span>\n<span class=\"qode-accordion-mark\">\n    <span class=\"qode-accordion-mark-icon\">\n        <span class=\"icon_plus\"><\/span>\n        <span class=\"icon_minus-06\"><\/span>\n    <\/span>\n<\/span>\n<\/h3>\n<div  class=\"qode-accordion-content \" style=\"background-image: url()\">\n    <div class=\"qode-accordion-content-inner\">\n        <p>Si les parts arriben a un acord durant la mediaci\u00f3, aquest pot ser homologat judicialment o elevat a p\u00fablic davant de notari, fet que implica que es converteixi en un document oficial legalment vinculant. Aquest acord t\u00e9 la validesa d\u2019un contracte i pot ser executat com a tal.<\/p>    <\/div>\n<\/div><h3 class=\"clearfix qode-title-holder\">\n<span class=\"qode-tab-title\">\n\t\t\t<span class=\"qode-tab-title-icon\">\n\t\t\t\t\t<\/span>\n\t    <span class=\"qode-tab-title-inner\">\n        Homologaci\u00f3 judicial    <\/span>\n<\/span>\n<span class=\"qode-accordion-mark\">\n    <span class=\"qode-accordion-mark-icon\">\n        <span class=\"icon_plus\"><\/span>\n        <span class=\"icon_minus-06\"><\/span>\n    <\/span>\n<\/span>\n<\/h3>\n<div  class=\"qode-accordion-content \" style=\"background-image: url()\">\n    <div class=\"qode-accordion-content-inner\">\n        <p>En determinats casos, despr\u00e9s que les parts signin l'acord de mediaci\u00f3, poden sol\u00b7licitar que sigui homologat per un jutge. Aquest proc\u00e9s d\u2019homologaci\u00f3 t\u00e9 com a objectiu donar for\u00e7a de sent\u00e8ncia judicial a l\u2019acord, de manera que pugui ser executat com si fos una resoluci\u00f3 judicial.<\/p><p>L\u2019homologaci\u00f3 judicial dona certesa a les parts que l\u2019acord ser\u00e0 executat d\u2019acord amb la llei i que qualsevol incompliment podr\u00e0 ser sancionat, de manera similar al que succeiria amb una sent\u00e8ncia emesa per un tribunal.<\/p>    <\/div>\n<\/div><h3 class=\"clearfix qode-title-holder\">\n<span class=\"qode-tab-title\">\n\t\t\t<span class=\"qode-tab-title-icon\">\n\t\t\t\t\t<\/span>\n\t    <span class=\"qode-tab-title-inner\">\n        Avantatges d\u2019elevar un acord a p\u00fablic    <\/span>\n<\/span>\n<span class=\"qode-accordion-mark\">\n    <span class=\"qode-accordion-mark-icon\">\n        <span class=\"icon_plus\"><\/span>\n        <span class=\"icon_minus-06\"><\/span>\n    <\/span>\n<\/span>\n<\/h3>\n<div  class=\"qode-accordion-content \" style=\"background-image: url()\">\n    <div class=\"qode-accordion-content-inner\">\n        <ul><li><strong>Seguretat jur\u00eddica:<\/strong> Proporciona m\u00e9s certesa en el compliment, ja que l'acord es converteix en un document amb efectes legals.<\/li><li><strong>Executivitat:<\/strong> Si una de les parts no compleix amb el que s\u2019ha pactat, es pot rec\u00f3rrer a la via judicial per fer complir l\u2019acord.<\/li><li><strong>Defensa dels drets de les parts:<\/strong> En convertir-se en un acord formal, es garanteix que els drets de les parts siguin protegits i respectats per la llei.<\/li><\/ul>    <\/div>\n<\/div><h3 class=\"clearfix qode-title-holder\">\n<span class=\"qode-tab-title\">\n\t\t\t<span class=\"qode-tab-title-icon\">\n\t\t\t\t\t<\/span>\n\t    <span class=\"qode-tab-title-inner\">\n        \u00c0mbits comuns en qu\u00e8 s\u2019eleva un acord de mediaci\u00f3 a p\u00fablic    <\/span>\n<\/span>\n<span class=\"qode-accordion-mark\">\n    <span class=\"qode-accordion-mark-icon\">\n        <span class=\"icon_plus\"><\/span>\n        <span class=\"icon_minus-06\"><\/span>\n    <\/span>\n<\/span>\n<\/h3>\n<div  class=\"qode-accordion-content \" style=\"background-image: url()\">\n    <div class=\"qode-accordion-content-inner\">\n        <ul><li><strong>Conflictes familiars:<\/strong> Com en casos de divorcis, acords de cust\u00f2dia, visites o pensions aliment\u00e0ries.<\/li><li><strong>Conflictes laborals:<\/strong> Acords entre ocupador i treballador.<\/li><li><strong>Conflictes comercials:<\/strong> Entre empreses o entre consumidors i prove\u00efdors.<\/li><\/ul>    <\/div>\n<\/div>        <\/div>\n\n        \t\t\t\t<\/div>\n\t\t\t\t<\/div>\n\t\t\t\t<div class=\"elementor-element elementor-element-b9a36ab elementor-widget elementor-widget-text-editor\" data-id=\"b9a36ab\" data-element_type=\"widget\" data-widget_type=\"text-editor.default\">\n\t\t\t\t<div class=\"elementor-widget-container\">\n\t\t\t\t\t\t\t\t\t<p>En resum, \u00abelevar un acord de mediaci\u00f3 a p\u00fablic\u00bb significa formalitzar l&#8217;acord assolit en la mediaci\u00f3 perqu\u00e8 tingui for\u00e7a legal, assegurant el seu compliment i atorgant-li una validesa jur\u00eddica.<\/p>\t\t\t\t\t\t\t\t<\/div>\n\t\t\t\t<\/div>\n\t\t\t\t<\/div>\n\t\t\t\t<\/div>\n\t\t\t\t<\/div>\n\t\t","protected":false},"excerpt":{"rendered":"<p>Preguntes freq\u00fcents Resolem els seus principals dubtes Serveis de mediaci\u00f3 M\u00c9S INFORMACI\u00d3 Blog 15\/11\/2025 Conceptos Los Estatutos y el Reglamento de R\u00e9gimen Interior C 08\/11\/2025 ActualidadFormaci\u00f3nJusticia Restaurativa Jean Schmitz en Barcelona J 08\/11\/2025 ConceptosMediaci\u00f3n y Conciliaci\u00f3n \u00bfCu\u00e1nto dura una mediaci\u00f3n de conflictos? Qu\u00e8 \u00e9s la&#8230;<\/p>\n","protected":false},"author":1,"featured_media":0,"parent":0,"menu_order":0,"comment_status":"closed","ping_status":"closed","template":"full_width.php","meta":{"footnotes":""},"class_list":["post-12411","page","type-page","status-publish","hentry"],"_links":{"self":[{"href":"https:\/\/mediadorconflictos.com\/ca\/wp-json\/wp\/v2\/pages\/12411","targetHints":{"allow":["GET"]}}],"collection":[{"href":"https:\/\/mediadorconflictos.com\/ca\/wp-json\/wp\/v2\/pages"}],"about":[{"href":"https:\/\/mediadorconflictos.com\/ca\/wp-json\/wp\/v2\/types\/page"}],"author":[{"embeddable":true,"href":"https:\/\/mediadorconflictos.com\/ca\/wp-json\/wp\/v2\/users\/1"}],"replies":[{"embeddable":true,"href":"https:\/\/mediadorconflictos.com\/ca\/wp-json\/wp\/v2\/comments?post=12411"}],"version-history":[{"count":20,"href":"https:\/\/mediadorconflictos.com\/ca\/wp-json\/wp\/v2\/pages\/12411\/revisions"}],"predecessor-version":[{"id":16665,"href":"https:\/\/mediadorconflictos.com\/ca\/wp-json\/wp\/v2\/pages\/12411\/revisions\/16665"}],"wp:attachment":[{"href":"https:\/\/mediadorconflictos.com\/ca\/wp-json\/wp\/v2\/media?parent=12411"}],"curies":[{"name":"wp","href":"https:\/\/api.w.org\/{rel}","templated":true}]}}