{"id":12407,"date":"2025-02-27T10:31:54","date_gmt":"2025-02-27T09:31:54","guid":{"rendered":"https:\/\/mediadorconflictos.com\/deures-deontologics-advocats\/"},"modified":"2025-05-14T11:29:36","modified_gmt":"2025-05-14T09:29:36","slug":"deures-deontologics-advocats","status":"publish","type":"page","link":"https:\/\/mediadorconflictos.com\/ca\/deures-deontologics-advocats\/","title":{"rendered":"Deures Deontol\u00f2gics Advocats"},"content":{"rendered":"\t\t<div data-elementor-type=\"wp-page\" data-elementor-id=\"12407\" class=\"elementor elementor-12407 elementor-11164\">\n\t\t\t\t<div class=\"elementor-element elementor-element-ff08a0b e-con-full e-flex parallax_section_no qode_elementor_container_no e-con e-parent\" data-id=\"ff08a0b\" data-element_type=\"container\" data-settings=\"{&quot;background_background&quot;:&quot;classic&quot;}\">\n\t\t<div class=\"elementor-element elementor-element-95f0a6d e-flex e-con-boxed parallax_section_no qode_elementor_container_no e-con e-child\" data-id=\"95f0a6d\" data-element_type=\"container\">\n\t\t\t\t\t<div class=\"e-con-inner\">\n\t\t\t\t<div class=\"elementor-element elementor-element-efa2830 elementor-widget elementor-widget-heading\" data-id=\"efa2830\" data-element_type=\"widget\" data-widget_type=\"heading.default\">\n\t\t\t\t<div class=\"elementor-widget-container\">\n\t\t\t\t\t<h1 class=\"elementor-heading-title elementor-size-default\">Deures deontol\u00f2gics<\/h1>\t\t\t\t<\/div>\n\t\t\t\t<\/div>\n\t\t\t\t<div class=\"elementor-element elementor-element-7cec2e0 elementor-widget elementor-widget-heading\" data-id=\"7cec2e0\" data-element_type=\"widget\" data-widget_type=\"heading.default\">\n\t\t\t\t<div class=\"elementor-widget-container\">\n\t\t\t\t\t<p class=\"elementor-heading-title elementor-size-default\">dels mediadors de conflictes i dels advocats (com a agents de pau i promotors de la conc\u00f2rdia)<\/p>\t\t\t\t<\/div>\n\t\t\t\t<\/div>\n\t\t\t\t\t<\/div>\n\t\t\t\t<\/div>\n\t\t\t\t<\/div>\n\t\t<div class=\"elementor-element elementor-element-753d034 e-flex e-con-boxed parallax_section_no qode_elementor_container_no e-con e-parent\" data-id=\"753d034\" data-element_type=\"container\">\n\t\t\t\t\t<div class=\"e-con-inner\">\n\t\t<div class=\"elementor-element elementor-element-d25d0e6 e-con-full e-flex parallax_section_no qode_elementor_container_no e-con e-child\" data-id=\"d25d0e6\" data-element_type=\"container\">\n\t\t\t\t<div class=\"elementor-element elementor-element-ec822c6 elementor-widget__width-initial elementor-widget elementor-widget-heading\" data-id=\"ec822c6\" data-element_type=\"widget\" data-widget_type=\"heading.default\">\n\t\t\t\t<div class=\"elementor-widget-container\">\n\t\t\t\t\t<h2 class=\"elementor-heading-title elementor-size-default\">Mediadors<\/h2>\t\t\t\t<\/div>\n\t\t\t\t<\/div>\n\t\t\t\t<div class=\"elementor-element elementor-element-0be19de elementor-widget__width-initial elementor-widget-mobile__width-initial elementor-widget elementor-widget-text-editor\" data-id=\"0be19de\" data-element_type=\"widget\" data-widget_type=\"text-editor.default\">\n\t\t\t\t<div class=\"elementor-widget-container\">\n\t\t\t\t\t\t\t\t\t<p>A Catalunya, els deures deontol\u00f2gics dels mediadors de conflictes estan regulats principalment per la Llei 15\/2009, de 22 de juliol, de mediaci\u00f3 en l\u2019\u00e0mbit del dret privat, aix\u00ed com pel Codi de Deontologia de la Mediaci\u00f3 de Catalunya, aprovat per la Generalitat de Catalunya. Aquests principis garanteixen l\u2019\u00e8tica i la qualitat de l\u2019exercici professional de la mediaci\u00f3.<\/p>\t\t\t\t\t\t\t\t<\/div>\n\t\t\t\t<\/div>\n\t\t\t\t<div class=\"elementor-element elementor-element-e964c97 elementor-widget__width-initial elementor-widget-mobile__width-initial elementor-widget elementor-widget-text-editor\" data-id=\"e964c97\" data-element_type=\"widget\" data-widget_type=\"text-editor.default\">\n\t\t\t\t<div class=\"elementor-widget-container\">\n\t\t\t\t\t\t\t\t\t<p>Principals deures deontol\u00f2gics dels mediadors a Catalunya:<\/p>\t\t\t\t\t\t\t\t<\/div>\n\t\t\t\t<\/div>\n\t\t\t\t<div class=\"elementor-element elementor-element-3884389 elementor-widget__width-initial elementor-widget-mobile__width-initial elementor-widget elementor-widget-text-editor\" data-id=\"3884389\" data-element_type=\"widget\" data-widget_type=\"text-editor.default\">\n\t\t\t\t<div class=\"elementor-widget-container\">\n\t\t\t\t\t\t\t\t\t<p><strong>1. Voluntarietat i autonomia de les parts<\/strong><\/p>\t\t\t\t\t\t\t\t<\/div>\n\t\t\t\t<\/div>\n\t\t\t\t<div class=\"elementor-element elementor-element-dddf0b7 elementor-widget__width-initial elementor-widget-mobile__width-initial elementor-widget elementor-widget-text-editor\" data-id=\"dddf0b7\" data-element_type=\"widget\" data-widget_type=\"text-editor.default\">\n\t\t\t\t<div class=\"elementor-widget-container\">\n\t\t\t\t\t\t\t\t\t<ul><li>El mediador ha de respectar en tot moment la voluntat de les parts, assegurant-se que participen lliurement en el proc\u00e9s.<\/li><li>No pot imposar solucions ni influir en la presa de decisions.<\/li><\/ul>\t\t\t\t\t\t\t\t<\/div>\n\t\t\t\t<\/div>\n\t\t\t\t<div class=\"elementor-element elementor-element-284f76e elementor-widget__width-initial elementor-widget-mobile__width-initial elementor-widget elementor-widget-text-editor\" data-id=\"284f76e\" data-element_type=\"widget\" data-widget_type=\"text-editor.default\">\n\t\t\t\t<div class=\"elementor-widget-container\">\n\t\t\t\t\t\t\t\t\t<p><strong>2. Imparcialitat i neutralitat<\/strong><\/p>\t\t\t\t\t\t\t\t<\/div>\n\t\t\t\t<\/div>\n\t\t\t\t<div class=\"elementor-element elementor-element-704a27f elementor-widget__width-initial elementor-widget-mobile__width-initial elementor-widget elementor-widget-text-editor\" data-id=\"704a27f\" data-element_type=\"widget\" data-widget_type=\"text-editor.default\">\n\t\t\t\t<div class=\"elementor-widget-container\">\n\t\t\t\t\t\t\t\t\t<ul><li>Ha de garantir un tracte equitatiu a totes les parts sense afavorir-ne cap.<\/li><li>No pot intervindre en casos on tingui algun conflicte d&#8217;interessos o relaci\u00f3 amb alguna de les parts.<\/li><\/ul>\t\t\t\t\t\t\t\t<\/div>\n\t\t\t\t<\/div>\n\t\t\t\t<div class=\"elementor-element elementor-element-c8e1e70 elementor-widget__width-initial elementor-widget-mobile__width-initial elementor-widget elementor-widget-text-editor\" data-id=\"c8e1e70\" data-element_type=\"widget\" data-widget_type=\"text-editor.default\">\n\t\t\t\t<div class=\"elementor-widget-container\">\n\t\t\t\t\t\t\t\t\t<p><strong>3. Confidencialitat<\/strong><\/p>\t\t\t\t\t\t\t\t<\/div>\n\t\t\t\t<\/div>\n\t\t\t\t<div class=\"elementor-element elementor-element-9c6053b elementor-widget__width-initial elementor-widget-mobile__width-initial elementor-widget elementor-widget-text-editor\" data-id=\"9c6053b\" data-element_type=\"widget\" data-widget_type=\"text-editor.default\">\n\t\t\t\t<div class=\"elementor-widget-container\">\n\t\t\t\t\t\t\t\t\t<ul><li>Tota la informaci\u00f3 compartida en el proc\u00e9s de mediaci\u00f3 \u00e9s estrictament confidencial.<\/li><li>No es pot revelar sense el consentiment expr\u00e9s de les parts, llevat dels casos previstos per la llei.<\/li><\/ul>\t\t\t\t\t\t\t\t<\/div>\n\t\t\t\t<\/div>\n\t\t\t\t<div class=\"elementor-element elementor-element-203d5c1 elementor-widget__width-initial elementor-widget-mobile__width-initial elementor-widget elementor-widget-text-editor\" data-id=\"203d5c1\" data-element_type=\"widget\" data-widget_type=\"text-editor.default\">\n\t\t\t\t<div class=\"elementor-widget-container\">\n\t\t\t\t\t\t\t\t\t<p><strong>4. Independ\u00e8ncia i abs\u00e8ncia de Conflicte dInteressos<\/strong><\/p>\t\t\t\t\t\t\t\t<\/div>\n\t\t\t\t<\/div>\n\t\t\t\t<div class=\"elementor-element elementor-element-88ad663 elementor-widget__width-initial elementor-widget-mobile__width-initial elementor-widget elementor-widget-text-editor\" data-id=\"88ad663\" data-element_type=\"widget\" data-widget_type=\"text-editor.default\">\n\t\t\t\t<div class=\"elementor-widget-container\">\n\t\t\t\t\t\t\t\t\t<ul><li>El mediador s&#8217;ha d&#8217;abstenir d&#8217;intervenir en casos on hi pugui haver conflicte d&#8217;interessos.<\/li><li>Si en algun moment detecta que la seva independ\u00e8ncia est\u00e0 compromesa, ha de renunciar a la mediaci\u00f3.<\/li><\/ul>\t\t\t\t\t\t\t\t<\/div>\n\t\t\t\t<\/div>\n\t\t\t\t<div class=\"elementor-element elementor-element-ab1c3bb elementor-widget__width-initial elementor-widget-mobile__width-initial elementor-widget elementor-widget-text-editor\" data-id=\"ab1c3bb\" data-element_type=\"widget\" data-widget_type=\"text-editor.default\">\n\t\t\t\t<div class=\"elementor-widget-container\">\n\t\t\t\t\t\t\t\t\t<p><strong>5. Transpar\u00e8ncia i informaci\u00f3 a les parts<br><\/strong><\/p>\t\t\t\t\t\t\t\t<\/div>\n\t\t\t\t<\/div>\n\t\t\t\t<div class=\"elementor-element elementor-element-ca46f84 elementor-widget__width-initial elementor-widget-mobile__width-initial elementor-widget elementor-widget-text-editor\" data-id=\"ca46f84\" data-element_type=\"widget\" data-widget_type=\"text-editor.default\">\n\t\t\t\t<div class=\"elementor-widget-container\">\n\t\t\t\t\t\t\t\t\t<ul><li>Ha d&#8217;explicar clarament a les parts en qu\u00e8 consisteix la mediaci\u00f3, les regles i les implicacions legals.<\/li><li>Tamb\u00e9 heu d&#8217;informar sobre els vostres honoraris i qualsevol possible cost addicional.<\/li><\/ul>\t\t\t\t\t\t\t\t<\/div>\n\t\t\t\t<\/div>\n\t\t\t\t<div class=\"elementor-element elementor-element-934bd89 elementor-widget__width-initial elementor-widget-mobile__width-initial elementor-widget elementor-widget-text-editor\" data-id=\"934bd89\" data-element_type=\"widget\" data-widget_type=\"text-editor.default\">\n\t\t\t\t<div class=\"elementor-widget-container\">\n\t\t\t\t\t\t\t\t\t<p><strong>6. Compet\u00e8ncia i formaci\u00f3 cont\u00ednua<br \/><\/strong><\/p>\t\t\t\t\t\t\t\t<\/div>\n\t\t\t\t<\/div>\n\t\t\t\t<div class=\"elementor-element elementor-element-c3afc02 elementor-widget__width-initial elementor-widget-mobile__width-initial elementor-widget elementor-widget-text-editor\" data-id=\"c3afc02\" data-element_type=\"widget\" data-widget_type=\"text-editor.default\">\n\t\t\t\t<div class=\"elementor-widget-container\">\n\t\t\t\t\t\t\t\t\t<ul><li>El mediador ha d&#8217;estar degudament qualificat i mantenir una formaci\u00f3 continuada en mediaci\u00f3 i resoluci\u00f3 de conflictes.<\/li><li>\u00c9s recomanable que estigui inscrit al Registre de Mediadors de Catalunya per acreditar-ne la capacitaci\u00f3.<\/li><\/ul>\t\t\t\t\t\t\t\t<\/div>\n\t\t\t\t<\/div>\n\t\t\t\t<div class=\"elementor-element elementor-element-1d3e7db elementor-widget__width-initial elementor-widget-mobile__width-initial elementor-widget elementor-widget-text-editor\" data-id=\"1d3e7db\" data-element_type=\"widget\" data-widget_type=\"text-editor.default\">\n\t\t\t\t<div class=\"elementor-widget-container\">\n\t\t\t\t\t\t\t\t\t<p><strong>7. Dilig\u00e8ncia i bona pr\u00e0ctica professional<br \/><\/strong><\/p>\t\t\t\t\t\t\t\t<\/div>\n\t\t\t\t<\/div>\n\t\t\t\t<div class=\"elementor-element elementor-element-f537053 elementor-widget__width-initial elementor-widget-mobile__width-initial elementor-widget elementor-widget-text-editor\" data-id=\"f537053\" data-element_type=\"widget\" data-widget_type=\"text-editor.default\">\n\t\t\t\t<div class=\"elementor-widget-container\">\n\t\t\t\t\t\t\t\t\t<ul><li>Ha dactuar amb responsabilitat, rigor i professionalitat en tot el proc\u00e9s.<\/li><li>Ha d&#8217;evitar qualsevol conducta que pugui desacreditar la professi\u00f3 o perjudicar les parts.<\/li><\/ul>\t\t\t\t\t\t\t\t<\/div>\n\t\t\t\t<\/div>\n\t\t\t\t<div class=\"elementor-element elementor-element-c02abde elementor-widget__width-initial elementor-widget-mobile__width-initial elementor-widget elementor-widget-text-editor\" data-id=\"c02abde\" data-element_type=\"widget\" data-widget_type=\"text-editor.default\">\n\t\t\t\t<div class=\"elementor-widget-container\">\n\t\t\t\t\t\t\t\t\t<p><strong>8. Foment del di\u00e0leg i la comunicaci\u00f3 constructiva<\/strong><\/p>\t\t\t\t\t\t\t\t<\/div>\n\t\t\t\t<\/div>\n\t\t\t\t<div class=\"elementor-element elementor-element-780afb2 elementor-widget__width-initial elementor-widget-mobile__width-initial elementor-widget elementor-widget-text-editor\" data-id=\"780afb2\" data-element_type=\"widget\" data-widget_type=\"text-editor.default\">\n\t\t\t\t<div class=\"elementor-widget-container\">\n\t\t\t\t\t\t\t\t\t<ul><li>La seva funci\u00f3 principal \u00e9s facilitar la comunicaci\u00f3 entre les parts, promovent l&#8217;entesa i la cerca de solucions.<\/li><li>Heu d&#8217;evitar qualsevol tipus de pressi\u00f3 o coacci\u00f3 durant el proc\u00e9s.<\/li><\/ul>\t\t\t\t\t\t\t\t<\/div>\n\t\t\t\t<\/div>\n\t\t\t\t<div class=\"elementor-element elementor-element-ba4b4e3 elementor-widget__width-initial elementor-widget-mobile__width-initial elementor-widget elementor-widget-text-editor\" data-id=\"ba4b4e3\" data-element_type=\"widget\" data-widget_type=\"text-editor.default\">\n\t\t\t\t<div class=\"elementor-widget-container\">\n\t\t\t\t\t\t\t\t\t<p><strong>9. Prohibici\u00f3 d&#8217;assessorament jur\u00eddic o decisi\u00f3 final<br><\/strong><\/p>\t\t\t\t\t\t\t\t<\/div>\n\t\t\t\t<\/div>\n\t\t\t\t<div class=\"elementor-element elementor-element-c2b16df elementor-widget__width-initial elementor-widget-mobile__width-initial elementor-widget elementor-widget-text-editor\" data-id=\"c2b16df\" data-element_type=\"widget\" data-widget_type=\"text-editor.default\">\n\t\t\t\t<div class=\"elementor-widget-container\">\n\t\t\t\t\t\t\t\t\t<ul><li>No pot exercir funcions d&#8217;advocat ni assessorar jur\u00eddicament les parts.<\/li><li>El seu rol \u00e9s ajudar les parts a trobar la seva pr\u00f2pia soluci\u00f3, no dictar sent\u00e8ncies o imposar acords.<\/li><\/ul>\t\t\t\t\t\t\t\t<\/div>\n\t\t\t\t<\/div>\n\t\t\t\t<div class=\"elementor-element elementor-element-cdf861f elementor-widget__width-initial elementor-widget-mobile__width-initial elementor-widget elementor-widget-text-editor\" data-id=\"cdf861f\" data-element_type=\"widget\" data-widget_type=\"text-editor.default\">\n\t\t\t\t<div class=\"elementor-widget-container\">\n\t\t\t\t\t\t\t\t\t<p><strong>Normativa de refer\u00e8ncia a Catalunya:<\/strong><\/p>\t\t\t\t\t\t\t\t<\/div>\n\t\t\t\t<\/div>\n\t\t\t\t<div class=\"elementor-element elementor-element-11ac495 elementor-widget__width-initial elementor-widget-mobile__width-initial elementor-widget elementor-widget-text-editor\" data-id=\"11ac495\" data-element_type=\"widget\" data-widget_type=\"text-editor.default\">\n\t\t\t\t<div class=\"elementor-widget-container\">\n\t\t\t\t\t\t\t\t\t<ul>\n<li>Llei 15\/2009, de mediaci\u00f3 a l&#8217;\u00e0mbit del dret privat.<\/li>\n<li>Decret 135\/2012, de 23 d&#8217;octubre, pel qual s&#8217;aprova el Reglament de la Llei 15\/2009.<\/li>\n<li>Codi de Deontologia de la Mediaci\u00f3 de Catalunya.<\/li>\n<\/ul>\t\t\t\t\t\t\t\t<\/div>\n\t\t\t\t<\/div>\n\t\t\t\t<div class=\"elementor-element elementor-element-614b36f elementor-widget__width-initial elementor-widget elementor-widget-heading\" data-id=\"614b36f\" data-element_type=\"widget\" data-widget_type=\"heading.default\">\n\t\t\t\t<div class=\"elementor-widget-container\">\n\t\t\t\t\t<h2 class=\"elementor-heading-title elementor-size-default\">Advocats<\/h2>\t\t\t\t<\/div>\n\t\t\t\t<\/div>\n\t\t\t\t<div class=\"elementor-element elementor-element-e971298 elementor-widget__width-initial elementor-widget-mobile__width-initial elementor-widget elementor-widget-text-editor\" data-id=\"e971298\" data-element_type=\"widget\" data-widget_type=\"text-editor.default\">\n\t\t\t\t<div class=\"elementor-widget-container\">\n\t\t\t\t\t\t\t\t\t<p>A Espanya, i especialment a Catalunya, l&#8217;advocacia t\u00e9 la responsabilitat \u00e8tica i professional d&#8217;assessorar els seus clients en el moment oport\u00fa sobre les diferents opcions per a la resoluci\u00f3 de conflictes. Aix\u00f2 inclou la possibilitat de negociar, assolir un acord extrajudicial o rec\u00f3rrer a m\u00e8todes alternatius previstos legalment, com a via complement\u00e0ria o substitutiva del proc\u00e9s judicial. <\/p>\t\t\t\t\t\t\t\t<\/div>\n\t\t\t\t<\/div>\n\t\t\t\t<div class=\"elementor-element elementor-element-99e175c elementor-widget__width-initial elementor-widget-mobile__width-initial elementor-widget elementor-widget-text-editor\" data-id=\"99e175c\" data-element_type=\"widget\" data-widget_type=\"text-editor.default\">\n\t\t\t\t<div class=\"elementor-widget-container\">\n\t\t\t\t\t\t\t\t\tA continuaci\u00f3, es detalla la normativa que regula aquest deure:\n\t\t\t\t\t\t\t\t<\/div>\n\t\t\t\t<\/div>\n\t\t\t\t<div class=\"elementor-element elementor-element-68f5a37 elementor-widget__width-initial elementor-widget elementor-widget-text-editor\" data-id=\"68f5a37\" data-element_type=\"widget\" data-widget_type=\"text-editor.default\">\n\t\t\t\t<div class=\"elementor-widget-container\">\n\t\t\t\t\t\t\t\t\t<ul><li>Art. 20.1. b) de la <strong>Normativa de l&#8217;Advocacia Catalana del Consell dels Il\u00b7lustres Col\u00b7legis d&#8217;Advocats de Catalunya<\/strong> <\/li><li>Art. 12.8 del <strong>Codi Deontol\u00f2gic de l&#8217;Advocacia Espanyola<\/strong><\/li><li>Punt 3.7.1 del <strong>Codi de Deontologia dels Advocats Europeus<\/strong><\/li><\/ul>\t\t\t\t\t\t\t\t<\/div>\n\t\t\t\t<\/div>\n\t\t\t\t<div class=\"elementor-element elementor-element-22a8831 elementor-widget__width-initial elementor-widget elementor-widget-heading\" data-id=\"22a8831\" data-element_type=\"widget\" data-widget_type=\"heading.default\">\n\t\t\t\t<div class=\"elementor-widget-container\">\n\t\t\t\t\t<p class=\"elementor-heading-title elementor-size-default\"><b>Art. 20.1.<\/b>  b) Normativa de l'Advocacia Catalana del Consell dels Il\u00b7lustres Col\u00b7legis d'Advocats de Catalunya, amb la modificaci\u00f3 aprovada a la Resoluci\u00f3 JUS\/110\/2019, de 22 de gener:<\/p>\t\t\t\t<\/div>\n\t\t\t\t<\/div>\n\t\t\t\t<div class=\"elementor-element elementor-element-02dfb66 elementor-widget__width-initial txt-gris elementor-widget elementor-widget-text-editor\" data-id=\"02dfb66\" data-element_type=\"widget\" data-widget_type=\"text-editor.default\">\n\t\t\t\t<div class=\"elementor-widget-container\">\n\t\t\t\t\t\t\t\t\t<p>\u201cDrets i obligacions del professional de l&#8217;advocacia i el client:<br> 1. El\/La client\/a t\u00e9 dret a ser informat pel professional de l&#8217;advocacia que l&#8217;assessora o defensa, i aquest t\u00e9 l&#8217;obligaci\u00f3 d&#8217;informar el seu client\/a, de les seg\u00fcents circumst\u00e0ncies:<\/p><p>(&#8230;)<\/p><p>&#8220;b) Els possibles resultats de la seva actuaci\u00f3, sense prometre&#8217;n cap que no depengui exclusivament d&#8217;aquesta actuaci\u00f3. El professional de l&#8217;advocacia ha de procurar dissuadir el\/la client\/a de promover conflictes o exercitar accions judicial sense fonament. conflictes previstos legalment, diferents de l&#8217;acci\u00f3 judicial\u201d.<\/p>\t\t\t\t\t\t\t\t<\/div>\n\t\t\t\t<\/div>\n\t\t\t\t<div class=\"elementor-element elementor-element-b059321 elementor-widget__width-initial elementor-widget elementor-widget-heading\" data-id=\"b059321\" data-element_type=\"widget\" data-widget_type=\"heading.default\">\n\t\t\t\t<div class=\"elementor-widget-container\">\n\t\t\t\t\t<p class=\"elementor-heading-title elementor-size-default\"><b>Art. 12. 8<\/b> del Codi Deontol\u00f2gic de l'advocacia espanyola, aprovat pel Ple del Consell General de l'Advocacia Espanyola el 6 de mar\u00e7 de 2019:\n<\/p>\t\t\t\t<\/div>\n\t\t\t\t<\/div>\n\t\t\t\t<div class=\"elementor-element elementor-element-1f09c86 elementor-widget__width-initial txt-gris elementor-widget elementor-widget-text-editor\" data-id=\"1f09c86\" data-element_type=\"widget\" data-widget_type=\"text-editor.default\">\n\t\t\t\t<div class=\"elementor-widget-container\">\n\t\t\t\t\t\t\t\t\t<p>&#8220;S&#8217;assessorar\u00e0 i defensar\u00e0 el client amb el m\u00e0xim zel i dilig\u00e8ncia assumint-se personalment la responsabilitat del treball encarregat sense perjudici de les col\u00b7laboracions que es demanin. Sempre s&#8217;haur\u00e0 d&#8217;intentar trobar la soluci\u00f3 m\u00e9s adequada a l&#8217;enc\u00e0rrec rebut, i s&#8217;haur\u00e0 d&#8217;assessorar el client en el moment oport\u00fa respecte a la possibilitat i conseq\u00fc\u00e8ncies d&#8217;arribar a un acord o d&#8217;acudir a instruments&#8221;.<\/p>\t\t\t\t\t\t\t\t<\/div>\n\t\t\t\t<\/div>\n\t\t\t\t<div class=\"elementor-element elementor-element-7f0e622 elementor-widget__width-initial elementor-widget elementor-widget-heading\" data-id=\"7f0e622\" data-element_type=\"widget\" data-widget_type=\"heading.default\">\n\t\t\t\t<div class=\"elementor-widget-container\">\n\t\t\t\t\t<p class=\"elementor-heading-title elementor-size-default\"><b>Punt 3.7.1<\/b> de la Carta de principis essencials de l'advocacia europea i el codi deontol\u00f2gic dels advocats europeus. Adoptat a la Sessi\u00f3 Plen\u00e0ria del CCBE de 28 d'octubre de 1988 i modificat a les Sessions Plen\u00e0ries de 28 de novembre de 1998, 6 de desembre de 2002 i 19 de maig de 2006:<\/p>\t\t\t\t<\/div>\n\t\t\t\t<\/div>\n\t\t\t\t<div class=\"elementor-element elementor-element-c19da38 elementor-widget__width-initial txt-gris elementor-widget elementor-widget-text-editor\" data-id=\"c19da38\" data-element_type=\"widget\" data-widget_type=\"text-editor.default\">\n\t\t\t\t<div class=\"elementor-widget-container\">\n\t\t\t\t\t\t\t\t\t<p>&#8220;3.7.1. L&#8217;advocat haur\u00e0 d&#8217;intentar en tot moment buscar la soluci\u00f3 m\u00e9s adequada en funci\u00f3 de la relaci\u00f3 cost-efectivitat, i haur\u00e0 d&#8217;aconsellar el client en els moments oportuns respecte a la conveni\u00e8ncia d&#8217;arribar a un acord o d&#8217;acudir a m\u00e8todes de resoluci\u00f3 alternativa de conflictes&#8221;.<\/p>\t\t\t\t\t\t\t\t<\/div>\n\t\t\t\t<\/div>\n\t\t\t\t<\/div>\n\t\t\t\t\t<\/div>\n\t\t\t\t<\/div>\n\t\t\t\t<\/div>\n\t\t","protected":false},"excerpt":{"rendered":"<p>Deures deontol\u00f2gics dels mediadors de conflictes i dels advocats (com a agents de pau i promotors de la conc\u00f2rdia) Mediadors A Catalunya, els deures deontol\u00f2gics dels mediadors de conflictes estan regulats principalment per la Llei 15\/2009, de 22 de juliol, de mediaci\u00f3 en l\u2019\u00e0mbit del&#8230;<\/p>\n","protected":false},"author":1,"featured_media":0,"parent":0,"menu_order":0,"comment_status":"closed","ping_status":"closed","template":"elementor_header_footer","meta":{"footnotes":""},"class_list":["post-12407","page","type-page","status-publish","hentry"],"_links":{"self":[{"href":"https:\/\/mediadorconflictos.com\/ca\/wp-json\/wp\/v2\/pages\/12407","targetHints":{"allow":["GET"]}}],"collection":[{"href":"https:\/\/mediadorconflictos.com\/ca\/wp-json\/wp\/v2\/pages"}],"about":[{"href":"https:\/\/mediadorconflictos.com\/ca\/wp-json\/wp\/v2\/types\/page"}],"author":[{"embeddable":true,"href":"https:\/\/mediadorconflictos.com\/ca\/wp-json\/wp\/v2\/users\/1"}],"replies":[{"embeddable":true,"href":"https:\/\/mediadorconflictos.com\/ca\/wp-json\/wp\/v2\/comments?post=12407"}],"version-history":[{"count":13,"href":"https:\/\/mediadorconflictos.com\/ca\/wp-json\/wp\/v2\/pages\/12407\/revisions"}],"predecessor-version":[{"id":13525,"href":"https:\/\/mediadorconflictos.com\/ca\/wp-json\/wp\/v2\/pages\/12407\/revisions\/13525"}],"wp:attachment":[{"href":"https:\/\/mediadorconflictos.com\/ca\/wp-json\/wp\/v2\/media?parent=12407"}],"curies":[{"name":"wp","href":"https:\/\/api.w.org\/{rel}","templated":true}]}}