{"id":12401,"date":"2025-02-18T12:11:12","date_gmt":"2025-02-18T11:11:12","guid":{"rendered":"https:\/\/mediadorconflictos.com\/actualitat\/"},"modified":"2025-09-18T17:33:21","modified_gmt":"2025-09-18T15:33:21","slug":"actualitat","status":"publish","type":"page","link":"https:\/\/mediadorconflictos.com\/ca\/actualitat\/","title":{"rendered":"Actualitat"},"content":{"rendered":"\t\t<div data-elementor-type=\"wp-page\" data-elementor-id=\"12401\" class=\"elementor elementor-12401\">\n\t\t\t\t<div class=\"elementor-element elementor-element-c867a12 e-con-full e-flex parallax_section_no qode_elementor_container_no e-con e-parent\" data-id=\"c867a12\" data-element_type=\"container\" data-settings=\"{&quot;background_background&quot;:&quot;classic&quot;}\">\n\t\t<div class=\"elementor-element elementor-element-4071e30 e-flex e-con-boxed parallax_section_no qode_elementor_container_no e-con e-child\" data-id=\"4071e30\" data-element_type=\"container\">\n\t\t\t\t\t<div class=\"e-con-inner\">\n\t\t\t\t<div class=\"elementor-element elementor-element-e1a484d elementor-widget elementor-widget-heading\" data-id=\"e1a484d\" data-element_type=\"widget\" data-widget_type=\"heading.default\">\n\t\t\t\t<div class=\"elementor-widget-container\">\n\t\t\t\t\t<h1 class=\"elementor-heading-title elementor-size-default\">Actualitat<\/h1>\t\t\t\t<\/div>\n\t\t\t\t<\/div>\n\t\t\t\t<div class=\"elementor-element elementor-element-442c57c elementor-widget elementor-widget-heading\" data-id=\"442c57c\" data-element_type=\"widget\" data-widget_type=\"heading.default\">\n\t\t\t\t<div class=\"elementor-widget-container\">\n\t\t\t\t\t<p class=\"elementor-heading-title elementor-size-default\">Not\u00edcies relacionades amb l'actualitat dels mitjans de comunicaci\u00f3<\/p>\t\t\t\t<\/div>\n\t\t\t\t<\/div>\n\t\t\t\t\t<\/div>\n\t\t\t\t<\/div>\n\t\t\t\t<\/div>\n\t\t<div class=\"elementor-element elementor-element-68c0b9e e-flex e-con-boxed parallax_section_no qode_elementor_container_no e-con e-parent\" data-id=\"68c0b9e\" data-element_type=\"container\">\n\t\t\t\t\t<div class=\"e-con-inner\">\n\t\t<div class=\"elementor-element elementor-element-b367ab2 e-con-full e-flex parallax_section_no qode_elementor_container_no e-con e-child\" data-id=\"b367ab2\" data-element_type=\"container\">\n\t\t\t\t<div class=\"elementor-element elementor-element-c1d68e3 elementor-widget elementor-widget-qi_addons_for_elementor_blog_list\" data-id=\"c1d68e3\" data-element_type=\"widget\" data-widget_type=\"qi_addons_for_elementor_blog_list.default\">\n\t\t\t\t<div class=\"elementor-widget-container\">\n\t\t\t\t\t<div class=\"qodef-shortcode qodef-m qodef-addons-blog-list qodef-title--hover-underline qodef-image--hover-zoom qodef-qi-grid qodef-layout--qi-columns qodef-col-num--2 qodef-item-layout--side-image qodef-responsive--predefined\" >\n\t<div class=\"qodef-grid-inner\">\n\t\t<p class=\"qodef-m-posts-not-found qodef-grid-item\">No posts were found for provided query parameters.<\/p>\n\t<\/div>\n\t<\/div>\n\t\t\t\t<\/div>\n\t\t\t\t<\/div>\n\t\t\t\t<\/div>\n\t\t\t\t\t<\/div>\n\t\t\t\t<\/div>\n\t\t\t\t<\/div>\n\t\t","protected":false},"excerpt":{"rendered":"<p>Actualitat Not\u00edcies relacionades amb l&#8217;actualitat dels mitjans de comunicaci\u00f3 11\/09\/2025 Formaci\u00f3 Jean Schmitz impartir\u00e0 a Barcelona un taller de Pr\u00e0ctiques Restauratives 07\/09\/2025 Actualitat Procedibilitat i MASC a la Llei 1\/2025: un repte compartit 04\/08\/2025 Mediaci\u00f3 i Conciliaci\u00f3Mediador de Conflictes No t\u2019han pagat el que et&#8230;<\/p>\n","protected":false},"author":1,"featured_media":0,"parent":0,"menu_order":0,"comment_status":"closed","ping_status":"closed","template":"elementor_header_footer","meta":{"footnotes":""},"class_list":["post-12401","page","type-page","status-publish","hentry"],"_links":{"self":[{"href":"https:\/\/mediadorconflictos.com\/ca\/wp-json\/wp\/v2\/pages\/12401","targetHints":{"allow":["GET"]}}],"collection":[{"href":"https:\/\/mediadorconflictos.com\/ca\/wp-json\/wp\/v2\/pages"}],"about":[{"href":"https:\/\/mediadorconflictos.com\/ca\/wp-json\/wp\/v2\/types\/page"}],"author":[{"embeddable":true,"href":"https:\/\/mediadorconflictos.com\/ca\/wp-json\/wp\/v2\/users\/1"}],"replies":[{"embeddable":true,"href":"https:\/\/mediadorconflictos.com\/ca\/wp-json\/wp\/v2\/comments?post=12401"}],"version-history":[{"count":42,"href":"https:\/\/mediadorconflictos.com\/ca\/wp-json\/wp\/v2\/pages\/12401\/revisions"}],"predecessor-version":[{"id":15116,"href":"https:\/\/mediadorconflictos.com\/ca\/wp-json\/wp\/v2\/pages\/12401\/revisions\/15116"}],"wp:attachment":[{"href":"https:\/\/mediadorconflictos.com\/ca\/wp-json\/wp\/v2\/media?parent=12401"}],"curies":[{"name":"wp","href":"https:\/\/api.w.org\/{rel}","templated":true}]}}